{"id":46307,"date":"2024-02-29T05:37:40","date_gmt":"2024-02-29T05:37:40","guid":{"rendered":"https:\/\/e.kosmolat.eu\/product\/hs-much-more-than-sild-modelej-kerm-sviests-170-ml\/"},"modified":"2025-09-20T03:07:32","modified_gmt":"2025-09-20T03:07:32","slug":"i_hs-much-more-than-sild-modelej-kerm-sviests-170-ml","status":"publish","type":"product","link":"https:\/\/e.kosmolat.eu\/lt\/produktas\/i_hs-much-more-than-sild-modelej-kerm-sviests-170-ml\/","title":{"rendered":"I_HISKIN Much More Than \u0160ildantis fig\u016br\u0105 modeliuojantis sviestas k\u016bnui, 170 ml"},"content":{"rendered":"<p>Daug daugiau&#8230; tai daugiau nei tik klasikin\u0117 prie\u017ei\u016bra \ud83d\ude42 Atraskite masa\u017eo gali\u0105, kad j\u016bs\u0173 oda ilgai i&scaron;laikyt\u0173 ger\u0105 form\u0105.<\/p>\n<p><strong>Aktyv\u016bs ingredientai:<\/strong><\/p>\n<p><strong>Kakavos sviestas<\/strong> &ndash; sutepa ir atkuria od\u0105, didina elastingum\u0105 ir slydim\u0105 masa\u017eo metu.<br \/>\n<strong>Kofeinas<\/strong> &ndash; neleid\u017eia riebalams kauptis l\u0105stel\u0117se, turi anticeliulitin\u012f ir detoksikuojant\u012f poveik\u012f odai.<\/p>\n<p><strong>Naudojimas: <\/strong>plonu sluoksniu u\u017etepkite produkto ant riebaliniu pertiekliumi pasi\u017eymin\u010dios odos (pilvas, juosmuo, klubai, s\u0117dmenys, &scaron;onai, rankos). Atlikite intensyv\u0173 masa\u017e\u0105, kol visi&scaron;kai \u012fsigers. Naudokite ryte ir vakare. Malonus &scaron;ilumos poj\u016btis ir nedidelis odos paraudimas gali i&scaron;likti ant odos iki keli\u0173 minu\u010di\u0173 po u\u017etepimo.<\/p>\n<p><strong>Atsargumo priemon\u0117s: <\/strong>produkto netur\u0117t\u0173 naudoti \u017emon\u0117s, kuri\u0173 oda yra jautri, linkusi \u012f kraujagysli\u0173 ply&scaron;im\u0105 ar i&scaron;sipl\u0117tusi\u0173 ven\u0173 i&scaron;sivystym\u0105. Vengti patekimo \u012f akis.<\/p>\n<p>Dermatologi&scaron;kai patikrintas.<br \/>\n&nbsp;<\/p>\n","protected":false},"excerpt":{"rendered":"<p>Daug daugiau&#8230; tai daugiau nei tik klasikin\u0117 prie\u017ei\u016bra \ud83d\ude42 Atraskite masa\u017eo gali\u0105, kad j\u016bs\u0173 oda ilgai i&scaron;laikyt\u0173 ger\u0105 form\u0105. Aktyv\u016bs ingredientai: Kakavos sviestas &ndash; sutepa ir atkuria od\u0105, didina elastingum\u0105 ir slydim\u0105 masa\u017eo metu. Kofeinas &ndash; neleid\u017eia riebalams kauptis l\u0105stel\u0117se, turi anticeliulitin\u012f ir detoksikuojant\u012f poveik\u012f odai. Naudojimas: plonu sluoksniu u\u017etepkite produkto ant riebaliniu pertiekliumi pasi\u017eymin\u010dios [&#8230;]\n","protected":false},"featured_media":90618,"template":"","meta":[],"product_cat":[2181],"product_tag":[],"class_list":{"0":"post-46307","1":"product","2":"type-product","3":"status-publish","4":"has-post-thumbnail","6":"product_brand-hiskin_pl-lt","7":"product_cat-bez-kategorijas-lt","9":"first","10":"outofstock","11":"taxable","12":"shipping-taxable","13":"product-type-simple"},"_links":{"self":[{"href":"https:\/\/e.kosmolat.eu\/lt\/wp-json\/wp\/v2\/product\/46307","targetHints":{"allow":["GET"]}}],"collection":[{"href":"https:\/\/e.kosmolat.eu\/lt\/wp-json\/wp\/v2\/product"}],"about":[{"href":"https:\/\/e.kosmolat.eu\/lt\/wp-json\/wp\/v2\/types\/product"}],"wp:featuredmedia":[{"embeddable":true,"href":"https:\/\/e.kosmolat.eu\/lt\/wp-json\/wp\/v2\/media\/90618"}],"wp:attachment":[{"href":"https:\/\/e.kosmolat.eu\/lt\/wp-json\/wp\/v2\/media?parent=46307"}],"wp:term":[{"taxonomy":"product_cat","embeddable":true,"href":"https:\/\/e.kosmolat.eu\/lt\/wp-json\/wp\/v2\/product_cat?post=46307"},{"taxonomy":"product_tag","embeddable":true,"href":"https:\/\/e.kosmolat.eu\/lt\/wp-json\/wp\/v2\/product_tag?post=46307"}],"curies":[{"name":"wp","href":"https:\/\/api.w.org\/{rel}","templated":true}]}}