{"id":46299,"date":"2024-02-29T05:37:19","date_gmt":"2024-02-29T05:37:19","guid":{"rendered":"https:\/\/e.kosmolat.eu\/product\/hs-much-more-than-atves-pretcelul-kerm-sviests-220-ml\/"},"modified":"2025-09-20T03:07:15","modified_gmt":"2025-09-20T03:07:15","slug":"i_hs-much-more-than-atves-pretcelul-kerm-sviests-220-ml","status":"publish","type":"product","link":"https:\/\/e.kosmolat.eu\/lt\/produktas\/i_hs-much-more-than-atves-pretcelul-kerm-sviests-220-ml\/","title":{"rendered":"I_HISKIN Much More Than V\u0117sinantis anticeliulitinis sviestas k\u016bno odai, 220 ml"},"content":{"rendered":"<p>Daug daugiau&#8230; tai daugiau nei klasikin\u0117 odos prie\u017ei\u016bra \ud83d\ude42 Atraskite masa\u017eo gali\u0105, kad j\u016bs\u0173 oda ilgai i&scaron;laikyt\u0173 ger\u0105 form\u0105.<\/p>\n<p><strong>Aktyv\u016bs ingredientai:<\/strong><\/p>\n<p><strong>Anticeliulitinis sviestas:<\/strong> unikalus ingredient\u0173 kompleksas, turintis anticeliulitini\u0173 savybi\u0173.<br \/>\n<strong>Biomimetiniai peptidai:<\/strong> skatina kolageno sintez\u0119, stiprina od\u0105 ir jos elastingum\u0105.<\/p>\n<p><strong>Naudojimas: <\/strong>ant odos u\u017etepkite plon\u0105 produkto sluoksn\u012f. Atlikite intensyv\u0173 masa\u017e\u0105, kol visi&scaron;kai \u012fsigers. Naudokite ryte ir vakare. Malonus v\u0117sinantis poveikis gali i&scaron;likti ant odos iki keli\u0173 minu\u010di\u0173 po panaudojimo.<\/p>\n<p>Dermatologi&scaron;kai patikrintas.<br \/>\n&nbsp;<\/p>\n","protected":false},"excerpt":{"rendered":"<p>Daug daugiau&#8230; tai daugiau nei klasikin\u0117 odos prie\u017ei\u016bra \ud83d\ude42 Atraskite masa\u017eo gali\u0105, kad j\u016bs\u0173 oda ilgai i&scaron;laikyt\u0173 ger\u0105 form\u0105. Aktyv\u016bs ingredientai: Anticeliulitinis sviestas: unikalus ingredient\u0173 kompleksas, turintis anticeliulitini\u0173 savybi\u0173. Biomimetiniai peptidai: skatina kolageno sintez\u0119, stiprina od\u0105 ir jos elastingum\u0105. Naudojimas: ant odos u\u017etepkite plon\u0105 produkto sluoksn\u012f. Atlikite intensyv\u0173 masa\u017e\u0105, kol visi&scaron;kai \u012fsigers. Naudokite ryte ir [&#8230;]\n","protected":false},"featured_media":90614,"template":"","meta":[],"product_cat":[2181],"product_tag":[],"class_list":{"0":"post-46299","1":"product","2":"type-product","3":"status-publish","4":"has-post-thumbnail","6":"product_brand-hiskin_pl-lt","7":"product_cat-bez-kategorijas-lt","9":"first","10":"outofstock","11":"taxable","12":"shipping-taxable","13":"product-type-simple"},"_links":{"self":[{"href":"https:\/\/e.kosmolat.eu\/lt\/wp-json\/wp\/v2\/product\/46299","targetHints":{"allow":["GET"]}}],"collection":[{"href":"https:\/\/e.kosmolat.eu\/lt\/wp-json\/wp\/v2\/product"}],"about":[{"href":"https:\/\/e.kosmolat.eu\/lt\/wp-json\/wp\/v2\/types\/product"}],"wp:featuredmedia":[{"embeddable":true,"href":"https:\/\/e.kosmolat.eu\/lt\/wp-json\/wp\/v2\/media\/90614"}],"wp:attachment":[{"href":"https:\/\/e.kosmolat.eu\/lt\/wp-json\/wp\/v2\/media?parent=46299"}],"wp:term":[{"taxonomy":"product_cat","embeddable":true,"href":"https:\/\/e.kosmolat.eu\/lt\/wp-json\/wp\/v2\/product_cat?post=46299"},{"taxonomy":"product_tag","embeddable":true,"href":"https:\/\/e.kosmolat.eu\/lt\/wp-json\/wp\/v2\/product_tag?post=46299"}],"curies":[{"name":"wp","href":"https:\/\/api.w.org\/{rel}","templated":true}]}}