{"id":46291,"date":"2024-02-29T05:37:00","date_gmt":"2024-02-29T05:37:00","guid":{"rendered":"https:\/\/e.kosmolat.eu\/product\/hs-much-more-than-liftinga-kr-kakla-un-dekolte-zon-130-ml\/"},"modified":"2026-04-08T06:13:45","modified_gmt":"2026-04-08T06:13:45","slug":"i_hs-much-more-than-liftinga-kr-kakla-un-dekolte-zon-130-ml","status":"publish","type":"product","link":"https:\/\/e.kosmolat.eu\/lt\/produktas\/i_hs-much-more-than-liftinga-kr-kakla-un-dekolte-zon-130-ml\/","title":{"rendered":"I_HISKIN Much More Than Stangrinantis kremas kaklui ir dekolt\u0117 zonai, 130 ml"},"content":{"rendered":"<p>Daug daugiau&#8230; tai daugiau nei klasikin\u0117 odos prie\u017ei\u016bra \ud83d\ude42 Atraskite masa\u017eo gali\u0105, kad j\u016bs\u0173 oda ilgai i&scaron;laikyt\u0173 ger\u0105 form\u0105.<\/p>\n<p><strong>Aktyv\u016bs ingredientai:<\/strong><\/p>\n<p><strong>M\u0117nulio akmens ekstraktas<\/strong> &ndash; kolageno ir elastino sintez\u0117, didina elastingum\u0105, gra\u017eina od\u0105 ir u\u017etikrina tinkam\u0105 jos dr\u0117kinim\u0105.<br \/>\n<strong>SynchrolifeTM<\/strong> &ndash; u\u017etikrina odos atstatym\u0105 miego metu, apsaugo j\u0105 nuo \u017ealingo m\u0117lynos &scaron;viesos poveikio. Pagerina odos tonus\u0105, lygina rauk&scaron;les ir suma\u017e\u0117jo nuovargio po\u017eymius.<\/p>\n<p><strong>Naudojimas:<\/strong> Tepkite produkt\u0105 ant nuvalytos kaklo ir dekolt\u0117 odos. Masa\u017euokite i&scaron; apa\u010dios \u012f vir&scaron;\u0173 ir palikite, kol visi&scaron;kai \u012fsigers. jums ryte ir vakare.<\/p>\n<p>Dermatologi&scaron;kai patikrintas.<br \/>\n&nbsp;<\/p>\n","protected":false},"excerpt":{"rendered":"<p>Daug daugiau&#8230; tai daugiau nei klasikin\u0117 odos prie\u017ei\u016bra \ud83d\ude42 Atraskite masa\u017eo gali\u0105, kad j\u016bs\u0173 oda ilgai i&scaron;laikyt\u0173 ger\u0105 form\u0105. Aktyv\u016bs ingredientai: M\u0117nulio akmens ekstraktas &ndash; kolageno ir elastino sintez\u0117, didina elastingum\u0105, gra\u017eina od\u0105 ir u\u017etikrina tinkam\u0105 jos dr\u0117kinim\u0105. SynchrolifeTM &ndash; u\u017etikrina odos atstatym\u0105 miego metu, apsaugo j\u0105 nuo \u017ealingo m\u0117lynos &scaron;viesos poveikio. Pagerina odos tonus\u0105, [&#8230;]\n","protected":false},"featured_media":90610,"template":"","meta":[],"product_cat":[2181],"product_tag":[],"class_list":{"0":"post-46291","1":"product","2":"type-product","3":"status-publish","4":"has-post-thumbnail","6":"product_brand-hiskin_pl-lt","7":"product_cat-bez-kategorijas-lt","9":"first","10":"instock","11":"taxable","12":"shipping-taxable","13":"product-type-simple"},"_links":{"self":[{"href":"https:\/\/e.kosmolat.eu\/lt\/wp-json\/wp\/v2\/product\/46291","targetHints":{"allow":["GET"]}}],"collection":[{"href":"https:\/\/e.kosmolat.eu\/lt\/wp-json\/wp\/v2\/product"}],"about":[{"href":"https:\/\/e.kosmolat.eu\/lt\/wp-json\/wp\/v2\/types\/product"}],"wp:featuredmedia":[{"embeddable":true,"href":"https:\/\/e.kosmolat.eu\/lt\/wp-json\/wp\/v2\/media\/90610"}],"wp:attachment":[{"href":"https:\/\/e.kosmolat.eu\/lt\/wp-json\/wp\/v2\/media?parent=46291"}],"wp:term":[{"taxonomy":"product_cat","embeddable":true,"href":"https:\/\/e.kosmolat.eu\/lt\/wp-json\/wp\/v2\/product_cat?post=46291"},{"taxonomy":"product_tag","embeddable":true,"href":"https:\/\/e.kosmolat.eu\/lt\/wp-json\/wp\/v2\/product_tag?post=46291"}],"curies":[{"name":"wp","href":"https:\/\/api.w.org\/{rel}","templated":true}]}}