{"id":46275,"date":"2024-02-29T05:36:20","date_gmt":"2024-02-29T05:36:20","guid":{"rendered":"https:\/\/e.kosmolat.eu\/product\/hs-much-more-than-mitrinoss-kr-adai-ap-acim-18-ml\/"},"modified":"2026-04-21T11:39:00","modified_gmt":"2026-04-21T11:39:00","slug":"i_hs-much-more-than-mitrinoss-kr-adai-ap-acim-18-ml","status":"publish","type":"product","link":"https:\/\/e.kosmolat.eu\/lt\/produktas\/i_hs-much-more-than-mitrinoss-kr-adai-ap-acim-18-ml\/","title":{"rendered":"I_HISKIN Much More Than Dr\u0117kinantis kremas aplink akis, 18 ml"},"content":{"rendered":"<p>Daug daugiau&#8230; tai daugiau nei klasikin\u0117 odos prie\u017ei\u016bra \ud83d\ude42 Atraskite masa\u017eo gali\u0105, kad j\u016bs\u0173 oda ilgai i&scaron;laikyt\u0173 ger\u0105 form\u0105. Metalinis aplikatorius akimirksniu atv\u0117sina od\u0105, palengvina paaki\u0173 zonos masa\u017e\u0105 ir suma\u017eina tamsius ratilus po akimis.<\/p>\n<p><strong>Aktyv\u016bs ingredientai:<\/strong><\/p>\n<p><strong>Trehaloz\u0117<\/strong> &ndash; giliai dr\u0117kina od\u0105 ir saugo j\u0105 nuo \u017ealingo i&scaron;or\u0117s veiksni\u0173 poveikio.<br \/>\n<strong>Hialurono r\u016bg&scaron;tis <\/strong>yra su oda biologi&scaron;kai suderinamas ingredientas, kuris neleid\u017eia epidermyje prarasti dr\u0117gm\u0117s, tod\u0117l intensyviai dr\u0117kina ir suteikia odai atjauninant\u012f poveik\u012f.<\/p>\n<p><strong>Naudojimas:<\/strong> Tepkite produkt\u0105 ant &scaron;varios odos aplink akis, &scaron;velniai masa\u017euokite pir&scaron;t\u0173 galiukais. Naudokite ryte ir vakare. Naudoti pagal infografik\u0105 ant pakuot\u0117s.<\/p>\n<p>Dermatologi&scaron;kai patikrintas.<br \/>\n&nbsp;<\/p>\n","protected":false},"excerpt":{"rendered":"<p>Daug daugiau&#8230; tai daugiau nei klasikin\u0117 odos prie\u017ei\u016bra \ud83d\ude42 Atraskite masa\u017eo gali\u0105, kad j\u016bs\u0173 oda ilgai i&scaron;laikyt\u0173 ger\u0105 form\u0105. Metalinis aplikatorius akimirksniu atv\u0117sina od\u0105, palengvina paaki\u0173 zonos masa\u017e\u0105 ir suma\u017eina tamsius ratilus po akimis. Aktyv\u016bs ingredientai: Trehaloz\u0117 &ndash; giliai dr\u0117kina od\u0105 ir saugo j\u0105 nuo \u017ealingo i&scaron;or\u0117s veiksni\u0173 poveikio. Hialurono r\u016bg&scaron;tis yra su oda biologi&scaron;kai [&#8230;]\n","protected":false},"featured_media":90602,"template":"","meta":[],"product_cat":[2181],"product_tag":[],"class_list":{"0":"post-46275","1":"product","2":"type-product","3":"status-publish","4":"has-post-thumbnail","6":"product_brand-hiskin_pl-lt","7":"product_cat-bez-kategorijas-lt","9":"first","10":"instock","11":"taxable","12":"shipping-taxable","13":"product-type-simple"},"_links":{"self":[{"href":"https:\/\/e.kosmolat.eu\/lt\/wp-json\/wp\/v2\/product\/46275","targetHints":{"allow":["GET"]}}],"collection":[{"href":"https:\/\/e.kosmolat.eu\/lt\/wp-json\/wp\/v2\/product"}],"about":[{"href":"https:\/\/e.kosmolat.eu\/lt\/wp-json\/wp\/v2\/types\/product"}],"wp:featuredmedia":[{"embeddable":true,"href":"https:\/\/e.kosmolat.eu\/lt\/wp-json\/wp\/v2\/media\/90602"}],"wp:attachment":[{"href":"https:\/\/e.kosmolat.eu\/lt\/wp-json\/wp\/v2\/media?parent=46275"}],"wp:term":[{"taxonomy":"product_cat","embeddable":true,"href":"https:\/\/e.kosmolat.eu\/lt\/wp-json\/wp\/v2\/product_cat?post=46275"},{"taxonomy":"product_tag","embeddable":true,"href":"https:\/\/e.kosmolat.eu\/lt\/wp-json\/wp\/v2\/product_tag?post=46275"}],"curies":[{"name":"wp","href":"https:\/\/api.w.org\/{rel}","templated":true}]}}