{"id":46267,"date":"2024-02-29T05:36:04","date_gmt":"2024-02-29T05:36:04","guid":{"rendered":"https:\/\/e.kosmolat.eu\/product\/hs-much-more-than-nomierinoss-sejas-serums-40-ml\/"},"modified":"2026-04-08T10:05:30","modified_gmt":"2026-04-08T10:05:30","slug":"i_hs-much-more-than-nomierinoss-sejas-serums-40-ml","status":"publish","type":"product","link":"https:\/\/e.kosmolat.eu\/lt\/produktas\/i_hs-much-more-than-nomierinoss-sejas-serums-40-ml\/","title":{"rendered":"I_HISKIN Much More Than Raminantis veido serumas, 40 ml"},"content":{"rendered":"<p>Daug daugiau&#8230; tai daugiau nei klasikin\u0117 odos prie\u017ei\u016bra \ud83d\ude42<\/p>\n<p><strong>Naudojimas: <\/strong>Tepkite produkt\u0105 ant &scaron;varios veido odos. Masa\u017euokite i&scaron; vidaus ir palikite, kol visi&scaron;kai \u012fsigers. Naudokite ryte ir vakare.<\/p>\n<p>Dermatologi&scaron;kai patikrintas.<br \/>\n&nbsp;<\/p>\n","protected":false},"excerpt":{"rendered":"<p>Daug daugiau&#8230; tai daugiau nei klasikin\u0117 odos prie\u017ei\u016bra \ud83d\ude42 Naudojimas: Tepkite produkt\u0105 ant &scaron;varios veido odos. Masa\u017euokite i&scaron; vidaus ir palikite, kol visi&scaron;kai \u012fsigers. Naudokite ryte ir vakare. Dermatologi&scaron;kai patikrintas. &nbsp;<\/p>\n","protected":false},"featured_media":90598,"template":"","meta":[],"product_cat":[1327],"product_tag":[],"class_list":{"0":"post-46267","1":"product","2":"type-product","3":"status-publish","4":"has-post-thumbnail","6":"product_brand-hiskin_pl-lt","7":"product_cat-serumai","9":"first","10":"instock","11":"taxable","12":"shipping-taxable","13":"product-type-simple"},"_links":{"self":[{"href":"https:\/\/e.kosmolat.eu\/lt\/wp-json\/wp\/v2\/product\/46267","targetHints":{"allow":["GET"]}}],"collection":[{"href":"https:\/\/e.kosmolat.eu\/lt\/wp-json\/wp\/v2\/product"}],"about":[{"href":"https:\/\/e.kosmolat.eu\/lt\/wp-json\/wp\/v2\/types\/product"}],"wp:featuredmedia":[{"embeddable":true,"href":"https:\/\/e.kosmolat.eu\/lt\/wp-json\/wp\/v2\/media\/90598"}],"wp:attachment":[{"href":"https:\/\/e.kosmolat.eu\/lt\/wp-json\/wp\/v2\/media?parent=46267"}],"wp:term":[{"taxonomy":"product_cat","embeddable":true,"href":"https:\/\/e.kosmolat.eu\/lt\/wp-json\/wp\/v2\/product_cat?post=46267"},{"taxonomy":"product_tag","embeddable":true,"href":"https:\/\/e.kosmolat.eu\/lt\/wp-json\/wp\/v2\/product_tag?post=46267"}],"curies":[{"name":"wp","href":"https:\/\/api.w.org\/{rel}","templated":true}]}}