{"id":46259,"date":"2024-02-29T05:35:47","date_gmt":"2024-02-29T05:35:47","guid":{"rendered":"https:\/\/e.kosmolat.eu\/product\/hs-much-more-than-sild-atjaunoj-kerm-losjons-170-ml\/"},"modified":"2025-09-20T03:06:04","modified_gmt":"2025-09-20T03:06:04","slug":"i_hs-much-more-than-sild-atjaunoj-kerm-losjons-170-ml","status":"publish","type":"product","link":"https:\/\/e.kosmolat.eu\/lt\/produktas\/i_hs-much-more-than-sild-atjaunoj-kerm-losjons-170-ml\/","title":{"rendered":"I_HISKIN Much More Than \u0160ildantis atgaivinantis losjonas k\u016bnui, 170 ml"},"content":{"rendered":"<p>Daug daugiau&#8230; tai daugiau nei tik klasikin\u0117 prie\u017ei\u016bra \ud83d\ude42 Atraskite masa\u017eo gali\u0105, kad j\u016bs\u0173 oda ilgai i&scaron;laikyt\u0173 ger\u0105 form\u0105.<\/p>\n<p><strong>Aktyv\u016bs ingredientai:<\/strong><\/p>\n<p><strong>Prebiotik\u0173 kompleksas<\/strong> &ndash; aktyviai palaiko odos mikrobiom\u0105, tod\u0117l ji tampa atsparesn\u0117 i&scaron;or\u0117s veiksniams ir palaiko optimal\u0173 hidratacijos lyg\u012f.<br \/>\n<strong>Keramid\u0173 kompleksas<\/strong> &ndash; stiprina hidrolipidin\u012f barjer\u0105, papildo keramid\u0173 ir lipid\u0173 tr\u016bkum\u0105 odoje, dr\u0117kina ir lygina j\u0105.<\/p>\n<p><strong>Naudojimas:<\/strong> plonu sluoksniu u\u017etepkite produkto ant riebaliniu pertiekliumi pasi\u017eymin\u010dios odos (pilvas, juosmuo, klubai, s\u0117dmenys, &scaron;onai, rankos). Atlikite intensyv\u0173 masa\u017e\u0105, kol visi&scaron;kai \u012fsigers. Naudokite ryte ir vakare. Malonus &scaron;ilumos poj\u016btis ir nedidelis odos paraudimas gali i&scaron;likti ant odos iki keli\u0173 minu\u010di\u0173 po u\u017etepimo.<\/p>\n<p><strong>Atsargumo priemon\u0117s:<\/strong> produkto netur\u0117t\u0173 naudoti \u017emon\u0117s, kuri\u0173 oda yra jautri, linkusi \u012f kraujagysli\u0173 ply&scaron;im\u0105 ar i&scaron;sipl\u0117tusi\u0173 ven\u0173 i&scaron;sivystym\u0105. Vengti patekimo \u012f akis.<\/p>\n<p>Dermatologi&scaron;kai patikrintas.<br \/>\n&nbsp;<\/p>\n","protected":false},"excerpt":{"rendered":"<p>Daug daugiau&#8230; tai daugiau nei tik klasikin\u0117 prie\u017ei\u016bra \ud83d\ude42 Atraskite masa\u017eo gali\u0105, kad j\u016bs\u0173 oda ilgai i&scaron;laikyt\u0173 ger\u0105 form\u0105. Aktyv\u016bs ingredientai: Prebiotik\u0173 kompleksas &ndash; aktyviai palaiko odos mikrobiom\u0105, tod\u0117l ji tampa atsparesn\u0117 i&scaron;or\u0117s veiksniams ir palaiko optimal\u0173 hidratacijos lyg\u012f. Keramid\u0173 kompleksas &ndash; stiprina hidrolipidin\u012f barjer\u0105, papildo keramid\u0173 ir lipid\u0173 tr\u016bkum\u0105 odoje, dr\u0117kina ir lygina j\u0105. [&#8230;]\n","protected":false},"featured_media":90594,"template":"","meta":[],"product_cat":[2181],"product_tag":[],"class_list":{"0":"post-46259","1":"product","2":"type-product","3":"status-publish","4":"has-post-thumbnail","6":"product_brand-hiskin_pl-lt","7":"product_cat-bez-kategorijas-lt","9":"first","10":"outofstock","11":"taxable","12":"shipping-taxable","13":"product-type-simple"},"_links":{"self":[{"href":"https:\/\/e.kosmolat.eu\/lt\/wp-json\/wp\/v2\/product\/46259","targetHints":{"allow":["GET"]}}],"collection":[{"href":"https:\/\/e.kosmolat.eu\/lt\/wp-json\/wp\/v2\/product"}],"about":[{"href":"https:\/\/e.kosmolat.eu\/lt\/wp-json\/wp\/v2\/types\/product"}],"wp:featuredmedia":[{"embeddable":true,"href":"https:\/\/e.kosmolat.eu\/lt\/wp-json\/wp\/v2\/media\/90594"}],"wp:attachment":[{"href":"https:\/\/e.kosmolat.eu\/lt\/wp-json\/wp\/v2\/media?parent=46259"}],"wp:term":[{"taxonomy":"product_cat","embeddable":true,"href":"https:\/\/e.kosmolat.eu\/lt\/wp-json\/wp\/v2\/product_cat?post=46259"},{"taxonomy":"product_tag","embeddable":true,"href":"https:\/\/e.kosmolat.eu\/lt\/wp-json\/wp\/v2\/product_tag?post=46259"}],"curies":[{"name":"wp","href":"https:\/\/api.w.org\/{rel}","templated":true}]}}