{"id":46199,"date":"2024-02-29T05:32:07","date_gmt":"2024-02-29T05:32:07","guid":{"rendered":"https:\/\/e.kosmolat.eu\/product\/smarzudens-viriesiem-100-ml-acumen-saphir\/"},"modified":"2025-09-19T22:40:49","modified_gmt":"2025-09-19T22:40:49","slug":"acumen-saphir-smarzudens-viriesiem-100-ml","status":"publish","type":"product","link":"https:\/\/e.kosmolat.eu\/lt\/produktas\/acumen-saphir-smarzudens-viriesiem-100-ml\/","title":{"rendered":"\u041f\u0105\u0161\u0444\u017e\u043c\u0435\u0161\u043d\u0105\u044f \u0432\u043e\u00e4\u0105 \u00e4\u0117\u044f \u043c\u0443\u0119\u0447\u010d\u043d \u00abAcumen Saphir\u00bb (\u042d\u043a\u00fc\u017e\u043c\u044d\u043d \u0421\u0105\u043f\u0444\u010d\u0161) 100 \u043c\u0117"},"content":{"rendered":"<\/p>\n","protected":false},"excerpt":{"rendered":"","protected":false},"featured_media":86350,"template":"","meta":[],"product_cat":[1438],"product_tag":[],"class_list":{"0":"post-46199","1":"product","2":"type-product","3":"status-publish","4":"has-post-thumbnail","6":"product_brand-dilis-kosmetik_by-lt","7":"product_cat-kvepalai-ir-tualetinis-vanduo-vyrams","9":"first","10":"outofstock","11":"taxable","12":"shipping-taxable","13":"product-type-simple"},"_links":{"self":[{"href":"https:\/\/e.kosmolat.eu\/lt\/wp-json\/wp\/v2\/product\/46199","targetHints":{"allow":["GET"]}}],"collection":[{"href":"https:\/\/e.kosmolat.eu\/lt\/wp-json\/wp\/v2\/product"}],"about":[{"href":"https:\/\/e.kosmolat.eu\/lt\/wp-json\/wp\/v2\/types\/product"}],"wp:featuredmedia":[{"embeddable":true,"href":"https:\/\/e.kosmolat.eu\/lt\/wp-json\/wp\/v2\/media\/86350"}],"wp:attachment":[{"href":"https:\/\/e.kosmolat.eu\/lt\/wp-json\/wp\/v2\/media?parent=46199"}],"wp:term":[{"taxonomy":"product_cat","embeddable":true,"href":"https:\/\/e.kosmolat.eu\/lt\/wp-json\/wp\/v2\/product_cat?post=46199"},{"taxonomy":"product_tag","embeddable":true,"href":"https:\/\/e.kosmolat.eu\/lt\/wp-json\/wp\/v2\/product_tag?post=46199"}],"curies":[{"name":"wp","href":"https:\/\/api.w.org\/{rel}","templated":true}]}}