{"id":46099,"date":"2024-02-29T05:27:49","date_gmt":"2024-02-29T05:27:49","guid":{"rendered":"https:\/\/e.kosmolat.eu\/product\/hs-much-more-than-atves-elastibu-piesk-kerm-losjons-220-ml\/"},"modified":"2025-09-20T03:05:48","modified_gmt":"2025-09-20T03:05:48","slug":"i_hs-much-more-than-atves-elastibu-piesk-kerm-losjons-220-ml","status":"publish","type":"product","link":"https:\/\/e.kosmolat.eu\/lt\/produktas\/i_hs-much-more-than-atves-elastibu-piesk-kerm-losjons-220-ml\/","title":{"rendered":"I_HISKIN Much More Than V\u0117sinantis losjonas odos elastingumui pagerinti, 220 ml"},"content":{"rendered":"<p>Daug daugiau&#8230; tai daugiau nei klasikin\u0117 odos prie\u017ei\u016bra \ud83d\ude42 Atraskite masa\u017eo gali\u0105, kad j\u016bs\u0173 oda ilgai i&scaron;laikyt\u0173 ger\u0105 form\u0105.<\/p>\n<p><strong>Aktyv\u016bs ingredientai:<\/strong><\/p>\n<p><strong>Prebiotik\u0173 kompleksas <\/strong>&ndash; aktyviai palaiko odos mikrobiom\u0105, tod\u0117l ji tampa atsparesn\u0117 i&scaron;or\u0117s veiksniams ir palaiko optimal\u0173 hidratacijos lyg\u012f.<br \/>\n<strong>Keramid\u0173 kompleksas<\/strong> &ndash; stiprina hidrolipidin\u012f barjer\u0105, papildo keramid\u0173 ir lipid\u0173 tr\u016bkum\u0105 odoje, dr\u0117kina ir lygina j\u0105.<\/p>\n<p><strong>Naudojimas:<\/strong> ant odos u\u017etepkite plon\u0105 produkto sluoksn\u012f. Atlikite intensyv\u0173 masa\u017e\u0105, kol visi&scaron;kai \u012fsigers. Naudokite ryte ir vakare. Malonus v\u0117sinantis poveikis gali i&scaron;likti ant odos iki keli\u0173 minu\u010di\u0173 po panaudojimo.<\/p>\n<p>Dermatologi&scaron;kai patikrintas.<br \/>\n&nbsp;<\/p>\n","protected":false},"excerpt":{"rendered":"<p>Daug daugiau&#8230; tai daugiau nei klasikin\u0117 odos prie\u017ei\u016bra \ud83d\ude42 Atraskite masa\u017eo gali\u0105, kad j\u016bs\u0173 oda ilgai i&scaron;laikyt\u0173 ger\u0105 form\u0105. Aktyv\u016bs ingredientai: Prebiotik\u0173 kompleksas &ndash; aktyviai palaiko odos mikrobiom\u0105, tod\u0117l ji tampa atsparesn\u0117 i&scaron;or\u0117s veiksniams ir palaiko optimal\u0173 hidratacijos lyg\u012f. Keramid\u0173 kompleksas &ndash; stiprina hidrolipidin\u012f barjer\u0105, papildo keramid\u0173 ir lipid\u0173 tr\u016bkum\u0105 odoje, dr\u0117kina ir lygina j\u0105. [&#8230;]\n","protected":false},"featured_media":90590,"template":"","meta":[],"product_cat":[2181],"product_tag":[],"class_list":{"0":"post-46099","1":"product","2":"type-product","3":"status-publish","4":"has-post-thumbnail","6":"product_brand-hiskin_pl-lt","7":"product_cat-bez-kategorijas-lt","9":"first","10":"outofstock","11":"taxable","12":"shipping-taxable","13":"product-type-simple"},"_links":{"self":[{"href":"https:\/\/e.kosmolat.eu\/lt\/wp-json\/wp\/v2\/product\/46099","targetHints":{"allow":["GET"]}}],"collection":[{"href":"https:\/\/e.kosmolat.eu\/lt\/wp-json\/wp\/v2\/product"}],"about":[{"href":"https:\/\/e.kosmolat.eu\/lt\/wp-json\/wp\/v2\/types\/product"}],"wp:featuredmedia":[{"embeddable":true,"href":"https:\/\/e.kosmolat.eu\/lt\/wp-json\/wp\/v2\/media\/90590"}],"wp:attachment":[{"href":"https:\/\/e.kosmolat.eu\/lt\/wp-json\/wp\/v2\/media?parent=46099"}],"wp:term":[{"taxonomy":"product_cat","embeddable":true,"href":"https:\/\/e.kosmolat.eu\/lt\/wp-json\/wp\/v2\/product_cat?post=46099"},{"taxonomy":"product_tag","embeddable":true,"href":"https:\/\/e.kosmolat.eu\/lt\/wp-json\/wp\/v2\/product_tag?post=46099"}],"curies":[{"name":"wp","href":"https:\/\/api.w.org\/{rel}","templated":true}]}}