{"id":46075,"date":"2024-02-29T05:26:43","date_gmt":"2024-02-29T05:26:43","guid":{"rendered":"https:\/\/e.kosmolat.eu\/product\/hs-much-more-than-izlidzinoss-kr-adai-ap-acim-18-ml\/"},"modified":"2026-04-23T12:40:31","modified_gmt":"2026-04-23T12:40:31","slug":"i_hs-much-more-than-izlidzinoss-kr-adai-ap-acim-18-ml","status":"publish","type":"product","link":"https:\/\/e.kosmolat.eu\/lt\/produktas\/i_hs-much-more-than-izlidzinoss-kr-adai-ap-acim-18-ml\/","title":{"rendered":"I_HISKIN Much More Than lyginantis kremas aplink akis, 18 ml"},"content":{"rendered":"<p>Daug daugiau&#8230; tai daugiau nei klasikin\u0117 odos prie\u017ei\u016bra \ud83d\ude42 Atraskite masa\u017eo gali\u0105, kad j\u016bs\u0173 oda ilgai i&scaron;laikyt\u0173 ger\u0105 form\u0105. Metalinis aplikatorius akimirksniu atv\u0117sina od\u0105, palengvina paaki\u0173 zonos masa\u017e\u0105 ir suma\u017eina tamsius ratilus po akimis.<\/p>\n<p><strong>Aktyv\u016bs ingredientai:<\/strong><\/p>\n<p><strong>Niacinamidas (vitaminas B3)<\/strong> &ndash; skatina kolageno sintez\u0119, d\u0117l kurios padeda pagreitinti odos atsinaujinimo procesus, didina jos elastingum\u0105 ir nat\u016bral\u0173 apsaugin\u012f barjer\u0105, efektyviai u\u017epildo nelygumus, balina su am\u017eiumi susijusi\u0105 pigmentacij\u0105.<br \/>\n<strong>Bakuchiol<\/strong> yra augalin\u0117 alternatyva retinoliui, kuri stiprina ir l\u0117tina odos sen\u0117jimo procesus bei suvienodina tonus\u0105.<\/p>\n<p><strong>Naudojimas:<\/strong> Tepkite produkt\u0105 ant &scaron;varios odos aplink akis, &scaron;velniai masa\u017euokite pir&scaron;t\u0173 galiukais. Naudokite ryte ir vakare. Naudoti pagal infografik\u0105 ant pakuot\u0117s.<\/p>\n<p>Dermatologi&scaron;kai patikrintas.<br \/>\n&nbsp;<\/p>\n","protected":false},"excerpt":{"rendered":"<p>Daug daugiau&#8230; tai daugiau nei klasikin\u0117 odos prie\u017ei\u016bra \ud83d\ude42 Atraskite masa\u017eo gali\u0105, kad j\u016bs\u0173 oda ilgai i&scaron;laikyt\u0173 ger\u0105 form\u0105. Metalinis aplikatorius akimirksniu atv\u0117sina od\u0105, palengvina paaki\u0173 zonos masa\u017e\u0105 ir suma\u017eina tamsius ratilus po akimis. Aktyv\u016bs ingredientai: Niacinamidas (vitaminas B3) &ndash; skatina kolageno sintez\u0119, d\u0117l kurios padeda pagreitinti odos atsinaujinimo procesus, didina jos elastingum\u0105 ir nat\u016bral\u0173 [&#8230;]\n","protected":false},"featured_media":90578,"template":"","meta":[],"product_cat":[1590],"product_tag":[],"class_list":{"0":"post-46075","1":"product","2":"type-product","3":"status-publish","4":"has-post-thumbnail","6":"product_brand-hiskin_pl-lt","7":"product_cat-paakiu-kremai","9":"first","10":"outofstock","11":"taxable","12":"shipping-taxable","13":"product-type-simple"},"_links":{"self":[{"href":"https:\/\/e.kosmolat.eu\/lt\/wp-json\/wp\/v2\/product\/46075","targetHints":{"allow":["GET"]}}],"collection":[{"href":"https:\/\/e.kosmolat.eu\/lt\/wp-json\/wp\/v2\/product"}],"about":[{"href":"https:\/\/e.kosmolat.eu\/lt\/wp-json\/wp\/v2\/types\/product"}],"wp:featuredmedia":[{"embeddable":true,"href":"https:\/\/e.kosmolat.eu\/lt\/wp-json\/wp\/v2\/media\/90578"}],"wp:attachment":[{"href":"https:\/\/e.kosmolat.eu\/lt\/wp-json\/wp\/v2\/media?parent=46075"}],"wp:term":[{"taxonomy":"product_cat","embeddable":true,"href":"https:\/\/e.kosmolat.eu\/lt\/wp-json\/wp\/v2\/product_cat?post=46075"},{"taxonomy":"product_tag","embeddable":true,"href":"https:\/\/e.kosmolat.eu\/lt\/wp-json\/wp\/v2\/product_tag?post=46075"}],"curies":[{"name":"wp","href":"https:\/\/api.w.org\/{rel}","templated":true}]}}