{"id":46043,"date":"2024-02-29T05:25:31","date_gmt":"2024-02-29T05:25:31","guid":{"rendered":"https:\/\/e.kosmolat.eu\/product\/hs-much-more-than-atjaunin-kr-kakla-un-dekolte-zon-130-ml\/"},"modified":"2026-04-01T07:41:01","modified_gmt":"2026-04-01T07:41:01","slug":"i_hs-much-more-than-atjaunin-kr-kakla-un-dekolte-zon-130-ml","status":"publish","type":"product","link":"https:\/\/e.kosmolat.eu\/lt\/produktas\/i_hs-much-more-than-atjaunin-kr-kakla-un-dekolte-zon-130-ml\/","title":{"rendered":"I_HISKIN Much More Than Jauninantis kremas kaklui ir dekolt\u0117 zonai, 130 ml"},"content":{"rendered":"<p>Daug daugiau&#8230; tai daugiau nei klasikin\u0117 odos prie\u017ei\u016bra \ud83d\ude42 Atraskite masa\u017eo gali\u0105, kad j\u016bs\u0173 oda ilgai i&scaron;laikyt\u0173 ger\u0105 form\u0105.<\/p>\n<p><strong>Aktyv\u016bs ingredientai:<\/strong><\/p>\n<p><strong>Matcha arbata<\/strong> &ndash; turtingas \u017ealiosios arbatos lap\u0173 ekstraktas antioksidant\u0173 junginiai, ramina ir dr\u0117kina od\u0105.<br \/>\n<strong>Wakame dumbliai<\/strong> puikiai dr\u0117kina, pasi\u017eymi stangrinan\u010diu poveikiu, pasi\u017eymi stipriomis antioksidacin\u0117mis savyb\u0117mis ir l\u0117tina odos fotosen\u0117jimo proces\u0105.<br \/>\n<strong>Laminaria dumbliai<\/strong> &ndash; turi atgaivinan\u010di\u0173 ir dr\u0117kinan\u010di\u0173 savybi\u0173. Palaiko kolageno sintez\u0119 ir gerina odos elastingum\u0105.<\/p>\n<p><strong>Naudojimas:<\/strong> Tepkite produkt\u0105 ant nuvalytos kaklo ir dekolt\u0117 odos. Masa\u017euokite i&scaron; apa\u010dios \u012f vir&scaron;\u0173 ir palikite, kol visi&scaron;kai \u012fsigers. Naudokite ryte ir vakare.<\/p>\n<p>Dermatologi&scaron;kai patikrintas.<br \/>\n&nbsp;<\/p>\n","protected":false},"excerpt":{"rendered":"<p>Daug daugiau&#8230; tai daugiau nei klasikin\u0117 odos prie\u017ei\u016bra \ud83d\ude42 Atraskite masa\u017eo gali\u0105, kad j\u016bs\u0173 oda ilgai i&scaron;laikyt\u0173 ger\u0105 form\u0105. Aktyv\u016bs ingredientai: Matcha arbata &ndash; turtingas \u017ealiosios arbatos lap\u0173 ekstraktas antioksidant\u0173 junginiai, ramina ir dr\u0117kina od\u0105. Wakame dumbliai puikiai dr\u0117kina, pasi\u017eymi stangrinan\u010diu poveikiu, pasi\u017eymi stipriomis antioksidacin\u0117mis savyb\u0117mis ir l\u0117tina odos fotosen\u0117jimo proces\u0105. Laminaria dumbliai &ndash; turi [&#8230;]\n","protected":false},"featured_media":90562,"template":"","meta":[],"product_cat":[1322],"product_tag":[],"class_list":{"0":"post-46043","1":"product","2":"type-product","3":"status-publish","4":"has-post-thumbnail","6":"product_brand-hiskin_pl-lt","7":"product_cat-veido-kremai","9":"first","10":"instock","11":"taxable","12":"shipping-taxable","13":"product-type-simple"},"_links":{"self":[{"href":"https:\/\/e.kosmolat.eu\/lt\/wp-json\/wp\/v2\/product\/46043","targetHints":{"allow":["GET"]}}],"collection":[{"href":"https:\/\/e.kosmolat.eu\/lt\/wp-json\/wp\/v2\/product"}],"about":[{"href":"https:\/\/e.kosmolat.eu\/lt\/wp-json\/wp\/v2\/types\/product"}],"wp:featuredmedia":[{"embeddable":true,"href":"https:\/\/e.kosmolat.eu\/lt\/wp-json\/wp\/v2\/media\/90562"}],"wp:attachment":[{"href":"https:\/\/e.kosmolat.eu\/lt\/wp-json\/wp\/v2\/media?parent=46043"}],"wp:term":[{"taxonomy":"product_cat","embeddable":true,"href":"https:\/\/e.kosmolat.eu\/lt\/wp-json\/wp\/v2\/product_cat?post=46043"},{"taxonomy":"product_tag","embeddable":true,"href":"https:\/\/e.kosmolat.eu\/lt\/wp-json\/wp\/v2\/product_tag?post=46043"}],"curies":[{"name":"wp","href":"https:\/\/api.w.org\/{rel}","templated":true}]}}