{"id":46027,"date":"2024-02-29T05:24:41","date_gmt":"2024-02-29T05:24:41","guid":{"rendered":"https:\/\/e.kosmolat.eu\/product\/hs-much-more-than-izgaism-kr-adai-ap-acim-18-ml\/"},"modified":"2026-04-22T07:30:24","modified_gmt":"2026-04-22T07:30:24","slug":"i_hs-much-more-than-izgaism-kr-adai-ap-acim-18-ml","status":"publish","type":"product","link":"https:\/\/e.kosmolat.eu\/lt\/produktas\/i_hs-much-more-than-izgaism-kr-adai-ap-acim-18-ml\/","title":{"rendered":"I_HISKIN Much More Than \u0160viesinantis kremas aplink akis, 18 ml"},"content":{"rendered":"<p>Daug daugiau&#8230; tai daugiau nei klasikin\u0117 odos prie\u017ei\u016bra \ud83d\ude42 Atraskite masa\u017eo gali\u0105, kad j\u016bs\u0173 oda ilgai i&scaron;laikyt\u0173 ger\u0105 form\u0105. Metalinis aplikatorius akimirksniu atv\u0117sina od\u0105, palengvina paaki\u0173 zonos masa\u017e\u0105 ir suma\u017eina tamsius ratilus po akimis.<\/p>\n<p><strong>Aktyv\u016bs ingredientai:<\/strong><\/p>\n<p><strong>Aliejin\u0117 vitamino C forma <\/strong>&ndash; stabili vitamino C forma, skatina kolageno ir elastino sintez\u0119, tod\u0117l oda tampa elastingesn\u0117 ir tankesn\u0117. Tai stiprus antioksidantas, efektyviai i&scaron;lyginantis odos atspalv\u012f.<br \/>\n<strong>Kofeinas<\/strong> &ndash; padeda suma\u017einti paburkim\u0105 ir panaikinti tamsius ratilus po akimis.<\/p>\n<p><strong>Naudojimas: <\/strong>Tepkite produkt\u0105 ant &scaron;varios odos aplink akis, &scaron;velniai masa\u017euokite pir&scaron;t\u0173 galiukais. Naudokite ryte ir vakare. Naudoti pagal infografik\u0105 ant pakuot\u0117s.<\/p>\n<p>Dermatologi&scaron;kai patikrintas.<br \/>\n&nbsp;<\/p>\n","protected":false},"excerpt":{"rendered":"<p>Daug daugiau&#8230; tai daugiau nei klasikin\u0117 odos prie\u017ei\u016bra \ud83d\ude42 Atraskite masa\u017eo gali\u0105, kad j\u016bs\u0173 oda ilgai i&scaron;laikyt\u0173 ger\u0105 form\u0105. Metalinis aplikatorius akimirksniu atv\u0117sina od\u0105, palengvina paaki\u0173 zonos masa\u017e\u0105 ir suma\u017eina tamsius ratilus po akimis. Aktyv\u016bs ingredientai: Aliejin\u0117 vitamino C forma &ndash; stabili vitamino C forma, skatina kolageno ir elastino sintez\u0119, tod\u0117l oda tampa elastingesn\u0117 ir [&#8230;]\n","protected":false},"featured_media":90554,"template":"","meta":[],"product_cat":[2181],"product_tag":[],"class_list":{"0":"post-46027","1":"product","2":"type-product","3":"status-publish","4":"has-post-thumbnail","6":"product_brand-sale-lt","7":"product_cat-bez-kategorijas-lt","9":"first","10":"instock","11":"taxable","12":"shipping-taxable","13":"product-type-simple"},"_links":{"self":[{"href":"https:\/\/e.kosmolat.eu\/lt\/wp-json\/wp\/v2\/product\/46027","targetHints":{"allow":["GET"]}}],"collection":[{"href":"https:\/\/e.kosmolat.eu\/lt\/wp-json\/wp\/v2\/product"}],"about":[{"href":"https:\/\/e.kosmolat.eu\/lt\/wp-json\/wp\/v2\/types\/product"}],"wp:featuredmedia":[{"embeddable":true,"href":"https:\/\/e.kosmolat.eu\/lt\/wp-json\/wp\/v2\/media\/90554"}],"wp:attachment":[{"href":"https:\/\/e.kosmolat.eu\/lt\/wp-json\/wp\/v2\/media?parent=46027"}],"wp:term":[{"taxonomy":"product_cat","embeddable":true,"href":"https:\/\/e.kosmolat.eu\/lt\/wp-json\/wp\/v2\/product_cat?post=46027"},{"taxonomy":"product_tag","embeddable":true,"href":"https:\/\/e.kosmolat.eu\/lt\/wp-json\/wp\/v2\/product_tag?post=46027"}],"curies":[{"name":"wp","href":"https:\/\/api.w.org\/{rel}","templated":true}]}}