{"id":46003,"date":"2024-02-29T05:23:45","date_gmt":"2024-02-29T05:23:45","guid":{"rendered":"https:\/\/e.kosmolat.eu\/product\/hs-home-aromatu-difuzors-roze-un-vanila-90-ml\/"},"modified":"2026-04-01T07:40:07","modified_gmt":"2026-04-01T07:40:07","slug":"hs-home-aromatu-difuzors-roze-un-vanila-90-ml","status":"publish","type":"product","link":"https:\/\/e.kosmolat.eu\/lt\/produktas\/hs-home-aromatu-difuzors-roze-un-vanila-90-ml\/","title":{"rendered":"HISKIN HOME Aromat\u0173 difuzorius Ro\u017e\u0117s ir vanil\u0117, 90 ml"},"content":{"rendered":"<p><strong>Naudojimas: <\/strong>atidarykite dangtel\u012f. \u012e butelio vid\u0173 \u012fd\u0117kite lazdeles. Venkite tiesioginio smilkal\u0173 kontakto su visais pavir&scaron;iais. D\u0117l netinkamo naudojimo jie gali pa\u017eeisti pavir&scaron;i\u0173. Jei toks kontaktas \u012fvyksta, nedelsdami nuvalykite pavir&scaron;i\u0173 dr\u0117gna &scaron;luoste. Gamintojas neatsako u\u017e naudojimo, nesilaikant instrukcij\u0173 ir ne pagal paskirt\u012f, pasekmes.<\/p>\n<p>\n<strong><img decoding=\"async\" alt=\"\" src=\"file:\/\/\/C:\/Users\/masha\/Desktop\/GHS%2002.jpg\" style=\"height:40px; width:40px\" \/>GHS02 &nbsp;<img decoding=\"async\" alt=\"\" src=\"file:\/\/\/C:\/Users\/masha\/Desktop\/GHS07.png\" style=\"height:40px; width:40px\" \/>GHS07 Pavojinga<\/strong><br \/>\n<strong>H225<\/strong> Labai deg\u016bs skystis ir garai.<br \/>\n<strong>H319<\/strong> Sukelia smark\u0173 aki\u0173 dirginim\u0105.<br \/>\n<strong>H336<\/strong> Gali sukelti mieguistum\u0105 arba galvos svaigim\u0105.<\/p>\n<p>P102 Laikyti vaikams neprieinamoje vietoje<br \/>\nP210 Laikyti atokiau nuo &scaron;ilumos &scaron;altini\u0173, kar&scaron;t\u0173 pavir&scaron;i\u0173, \u017eie\u017eirb\u0173, atviros liepsnos arba kit\u0173 degimo &scaron;altini\u0173. Ner\u016bkyti.<br \/>\nP233 Talpykl\u0105 laikyti sandariai u\u017edaryt\u0105.<br \/>\nP243 Imtis veiksm\u0173 statinei i&scaron;krovai i&scaron;vengti.<br \/>\nP261 Stengtis ne\u012fkv\u0117pti d\u016bm\u0173\/aerozolio.<br \/>\nP273 Saugoti, kad nepatekt\u0173 \u012f aplink\u0105.<br \/>\nP280 M\u016bv\u0117ti apsaugines pir&scaron;tines\/d\u0117v\u0117ti apsauginius drabu\u017eius\/naudoti aki\u0173 (veido) apsaugos priemones&nbsp;<br \/>\nP303+P361+P353 PATEKUS ANT ODOS (arba plauk\u0173): nedelsiant nuvilkti visus u\u017eter&scaron;tus drabu\u017eius. Od\u0105 nuplauti vandeniu [arba \u010diurk&scaron;le].<br \/>\nP304+P340 \u012eKV\u0116PUS: i&scaron;ne&scaron;ti nukent\u0117jus\u012fj\u012f \u012f gryn\u0105 or\u0105; jam b\u016btina patogi pad\u0117tis, leid\u017eianti laisvai kv\u0117puoti.<br \/>\nP305+P351+P338 PATEKUS \u012e AKIS: Kelias minutes atsargiai plauti vandeniu. I&scaron;imti kontaktinius l\u0119&scaron;ius, jeigu jie yra ir jeigu lengvai galima tai padaryti. Toliau plauti akis.<br \/>\nP337+P313 Jei aki\u0173 dirginimas nepraeina: kreiptis \u012f gydytoj\u0105.&nbsp;<br \/>\nP403+P235 Laikyti gerai v\u0117dinamoje vietoje. Talpykl\u0105 laikyti sandariai u\u017edaryt\u0105.<br \/>\nP391 Surinkti i&scaron;tek\u0117jusi\u0105 med\u017eiag\u0105.<br \/>\nP501Turin\u012f\/talpykl\u0105 i&scaron;pilti (i&scaron;mesti) &#8211; sunaudot\u0105 &nbsp;pakuot\u0117 utilizuoti &nbsp;kaip buitines atliekas.<br \/>\n&nbsp;<\/p>\n","protected":false},"excerpt":{"rendered":"<p>Naudojimas: atidarykite dangtel\u012f. \u012e butelio vid\u0173 \u012fd\u0117kite lazdeles. Venkite tiesioginio smilkal\u0173 kontakto su visais pavir&scaron;iais. D\u0117l netinkamo naudojimo jie gali pa\u017eeisti pavir&scaron;i\u0173. Jei toks kontaktas \u012fvyksta, nedelsdami nuvalykite pavir&scaron;i\u0173 dr\u0117gna &scaron;luoste. Gamintojas neatsako u\u017e naudojimo, nesilaikant instrukcij\u0173 ir ne pagal paskirt\u012f, pasekmes. GHS02 &nbsp;GHS07 Pavojinga H225 Labai deg\u016bs skystis ir garai. H319 Sukelia smark\u0173 aki\u0173 [&#8230;]\n","protected":false},"featured_media":90542,"template":"","meta":[],"product_cat":[1524],"product_tag":[],"class_list":{"0":"post-46003","1":"product","2":"type-product","3":"status-publish","4":"has-post-thumbnail","6":"product_brand-hiskin_pl-lt","7":"product_cat-oro-gaivikliai-namu-kvapikliai","9":"first","10":"outofstock","11":"taxable","12":"shipping-taxable","13":"product-type-simple"},"_links":{"self":[{"href":"https:\/\/e.kosmolat.eu\/lt\/wp-json\/wp\/v2\/product\/46003","targetHints":{"allow":["GET"]}}],"collection":[{"href":"https:\/\/e.kosmolat.eu\/lt\/wp-json\/wp\/v2\/product"}],"about":[{"href":"https:\/\/e.kosmolat.eu\/lt\/wp-json\/wp\/v2\/types\/product"}],"wp:featuredmedia":[{"embeddable":true,"href":"https:\/\/e.kosmolat.eu\/lt\/wp-json\/wp\/v2\/media\/90542"}],"wp:attachment":[{"href":"https:\/\/e.kosmolat.eu\/lt\/wp-json\/wp\/v2\/media?parent=46003"}],"wp:term":[{"taxonomy":"product_cat","embeddable":true,"href":"https:\/\/e.kosmolat.eu\/lt\/wp-json\/wp\/v2\/product_cat?post=46003"},{"taxonomy":"product_tag","embeddable":true,"href":"https:\/\/e.kosmolat.eu\/lt\/wp-json\/wp\/v2\/product_tag?post=46003"}],"curies":[{"name":"wp","href":"https:\/\/api.w.org\/{rel}","templated":true}]}}