{"id":45987,"date":"2024-02-29T05:23:11","date_gmt":"2024-02-29T05:23:11","guid":{"rendered":"https:\/\/e.kosmolat.eu\/product\/hs-kids-bernu-samp-vannas-zel-2-in-1ar-abolu-ekstraktu-280-ml\/"},"modified":"2026-04-13T14:03:58","modified_gmt":"2026-04-13T14:03:58","slug":"i_hs-kids-bernu-samp-vannas-zel-2-in-1ar-abolu-ekstraktu-280-ml","status":"publish","type":"product","link":"https:\/\/e.kosmolat.eu\/lt\/produktas\/i_hs-kids-bernu-samp-vannas-zel-2-in-1ar-abolu-ekstraktu-280-ml\/","title":{"rendered":"I_HISKIN KIDS Vaiki\u0161kas \u0161amp\u016bnas + vonios gelis 2in1 su obuoli\u0173 ekstraktu, 280 ml"},"content":{"rendered":"<p>Sud\u0117tyje yra 98% nat\u016bralios kilm\u0117s ingredient\u0173.&Scaron;velnus produktas &bdquo;du viename&ldquo;, skirtas j\u016bs\u0173 k\u016bdikio odos ir plauk\u0173 prie\u017ei\u016brai.<\/p>\n<p>Tinkamai parinkt\u0173 &scaron;velni\u0173 plovikli\u0173 d\u0117ka puikiai valo ir r\u016bpinasi jautria oda.<\/p>\n<p><strong>Naudojimas:<\/strong> nedidel\u012f kiek\u012f gelio u\u017etepkite ant delno ar skalbimo servet\u0117l\u0117s ir i&scaron;tepkite k\u016bdikio od\u0105 bei plaukus. Nuplaukite vandeniu.<\/p>\n<p>Dermatologi&scaron;kai patikrintas.<br \/>\n&nbsp;<\/p>\n","protected":false},"excerpt":{"rendered":"<p>Sud\u0117tyje yra 98% nat\u016bralios kilm\u0117s ingredient\u0173.&Scaron;velnus produktas &bdquo;du viename&ldquo;, skirtas j\u016bs\u0173 k\u016bdikio odos ir plauk\u0173 prie\u017ei\u016brai. Tinkamai parinkt\u0173 &scaron;velni\u0173 plovikli\u0173 d\u0117ka puikiai valo ir r\u016bpinasi jautria oda. Naudojimas: nedidel\u012f kiek\u012f gelio u\u017etepkite ant delno ar skalbimo servet\u0117l\u0117s ir i&scaron;tepkite k\u016bdikio od\u0105 bei plaukus. Nuplaukite vandeniu. Dermatologi&scaron;kai patikrintas. &nbsp;<\/p>\n","protected":false},"featured_media":90538,"template":"","meta":[],"product_cat":[1799],"product_tag":[],"class_list":{"0":"post-45987","1":"product","2":"type-product","3":"status-publish","4":"has-post-thumbnail","6":"product_brand-hiskin_pl-lt","7":"product_cat-duso-geliai-muilas-vonios-putos","9":"first","10":"instock","11":"taxable","12":"shipping-taxable","13":"product-type-simple"},"_links":{"self":[{"href":"https:\/\/e.kosmolat.eu\/lt\/wp-json\/wp\/v2\/product\/45987","targetHints":{"allow":["GET"]}}],"collection":[{"href":"https:\/\/e.kosmolat.eu\/lt\/wp-json\/wp\/v2\/product"}],"about":[{"href":"https:\/\/e.kosmolat.eu\/lt\/wp-json\/wp\/v2\/types\/product"}],"wp:featuredmedia":[{"embeddable":true,"href":"https:\/\/e.kosmolat.eu\/lt\/wp-json\/wp\/v2\/media\/90538"}],"wp:attachment":[{"href":"https:\/\/e.kosmolat.eu\/lt\/wp-json\/wp\/v2\/media?parent=45987"}],"wp:term":[{"taxonomy":"product_cat","embeddable":true,"href":"https:\/\/e.kosmolat.eu\/lt\/wp-json\/wp\/v2\/product_cat?post=45987"},{"taxonomy":"product_tag","embeddable":true,"href":"https:\/\/e.kosmolat.eu\/lt\/wp-json\/wp\/v2\/product_tag?post=45987"}],"curies":[{"name":"wp","href":"https:\/\/api.w.org\/{rel}","templated":true}]}}