{"id":45963,"date":"2024-02-29T05:21:56","date_gmt":"2024-02-29T05:21:56","guid":{"rendered":"https:\/\/e.kosmolat.eu\/product\/hs-kids-bernu-putas-roku-un-kerm-mazgas-mellene-300-ml\/"},"modified":"2026-04-01T07:39:16","modified_gmt":"2026-04-01T07:39:16","slug":"hs-kids-bernu-putas-roku-un-kerm-mazgas-mellene-300-ml","status":"publish","type":"product","link":"https:\/\/e.kosmolat.eu\/lt\/produktas\/hs-kids-bernu-putas-roku-un-kerm-mazgas-mellene-300-ml\/","title":{"rendered":"HISKIN KIDS Vaiki\u0161kos putos rankoms ir k\u016bnui plauti M\u0117lyn\u0117, 300 ml"},"content":{"rendered":"<p>Sud\u0117tyje yra 98% nat\u016bralios kilm\u0117s ingredient\u0173. Sud\u0117tyje n\u0117ra alergen\u0173.<\/p>\n<p><strong>Naudojimas:<\/strong> pad\u0117kite putas ant stabilaus, lygaus pavir&scaron;iaus. Nuimkite apsaugin\u012f dangtel\u012f ir u\u017ed\u0117kite rank\u0105 ant dozatoriaus. Pabandykite visi&scaron;kai u\u017edengti dozatori\u0173 ranka. Lengvai paspauskite dozatori\u0173, kol pajusite pasiprie&scaron;inim\u0105. Ant j\u016bs\u0173 rankos atsiras m\u0117lynos g\u0117l\u0117s formos putos su ry&scaron;kiu m\u0117lyni\u0173 kvapu. Putas galite naudoti kaip rank\u0173 muil\u0105 arba du&scaron;o \u017eel\u0117. Naudojant pirm\u0105 kart\u0105, rekomenduojama kelis kartus paspausti dozatori\u0173. Naudokite tik suaugusiems pri\u017ei\u016brint. Tik i&scaron;oriniam naudojimui.<\/p>\n<p>Dermatologi&scaron;kai patikrintas.<br \/>\n&nbsp;<\/p>\n","protected":false},"excerpt":{"rendered":"<p>Sud\u0117tyje yra 98% nat\u016bralios kilm\u0117s ingredient\u0173. Sud\u0117tyje n\u0117ra alergen\u0173. Naudojimas: pad\u0117kite putas ant stabilaus, lygaus pavir&scaron;iaus. Nuimkite apsaugin\u012f dangtel\u012f ir u\u017ed\u0117kite rank\u0105 ant dozatoriaus. Pabandykite visi&scaron;kai u\u017edengti dozatori\u0173 ranka. Lengvai paspauskite dozatori\u0173, kol pajusite pasiprie&scaron;inim\u0105. Ant j\u016bs\u0173 rankos atsiras m\u0117lynos g\u0117l\u0117s formos putos su ry&scaron;kiu m\u0117lyni\u0173 kvapu. Putas galite naudoti kaip rank\u0173 muil\u0105 arba du&scaron;o [&#8230;]\n","protected":false},"featured_media":90522,"template":"","meta":[],"product_cat":[1748],"product_tag":[],"class_list":{"0":"post-45963","1":"product","2":"type-product","3":"status-publish","4":"has-post-thumbnail","6":"product_brand-hiskin_pl-lt","7":"product_cat-skystas-muilas","9":"first","10":"outofstock","11":"taxable","12":"shipping-taxable","13":"product-type-simple"},"_links":{"self":[{"href":"https:\/\/e.kosmolat.eu\/lt\/wp-json\/wp\/v2\/product\/45963","targetHints":{"allow":["GET"]}}],"collection":[{"href":"https:\/\/e.kosmolat.eu\/lt\/wp-json\/wp\/v2\/product"}],"about":[{"href":"https:\/\/e.kosmolat.eu\/lt\/wp-json\/wp\/v2\/types\/product"}],"wp:featuredmedia":[{"embeddable":true,"href":"https:\/\/e.kosmolat.eu\/lt\/wp-json\/wp\/v2\/media\/90522"}],"wp:attachment":[{"href":"https:\/\/e.kosmolat.eu\/lt\/wp-json\/wp\/v2\/media?parent=45963"}],"wp:term":[{"taxonomy":"product_cat","embeddable":true,"href":"https:\/\/e.kosmolat.eu\/lt\/wp-json\/wp\/v2\/product_cat?post=45963"},{"taxonomy":"product_tag","embeddable":true,"href":"https:\/\/e.kosmolat.eu\/lt\/wp-json\/wp\/v2\/product_tag?post=45963"}],"curies":[{"name":"wp","href":"https:\/\/api.w.org\/{rel}","templated":true}]}}