{"id":45947,"date":"2024-02-29T05:21:18","date_gmt":"2024-02-29T05:21:18","guid":{"rendered":"https:\/\/e.kosmolat.eu\/product\/hs-crazy-body-pretcelul-ella-kerm-ar-tropisko-auglu-aromatu-150-ml\/"},"modified":"2025-09-20T02:48:10","modified_gmt":"2025-09-20T02:48:10","slug":"i_hs-crazy-body-pretcelul-ella-kerm-ar-tropisko-auglu-aromatu-150-ml","status":"publish","type":"product","link":"https:\/\/e.kosmolat.eu\/lt\/produktas\/i_hs-crazy-body-pretcelul-ella-kerm-ar-tropisko-auglu-aromatu-150-ml\/","title":{"rendered":"I_HISKIN Crazy Body Anticeliulitinis k\u016bno aliejus su tropini\u0173 vaisi\u0173 aromatu, 150 ml"},"content":{"rendered":"<p>Anticeliulitinis aliejus suteiks jums lygi\u0105, elasting\u0105 ir sudr\u0117kint\u0105 od\u0105. Jo gaivus aromatas ir aksomin\u0117 tekst\u016bra leis j\u016bs\u0173 odai jaustis patogiai. Priemon\u0117 greitai \u012fsigeria.&nbsp;&Scaron;is aliejus puikiai papildys j\u016bs\u0173 masa\u017eo ritual\u0105. Siekiant geriausi\u0173 rezultat\u0173, aliej\u0173 rekomenduojama naudoti kasdien.<\/p>\n<p><strong>Naudojimas:<\/strong> nedidel\u012f kiek\u012f aliejaus u\u017etepkite ant sausos odos ir &scaron;velniai masa\u017euokite sukamaisiais judesiais, kol visi&scaron;kai \u012fsigers.<\/p>\n<p>Dermatologi&scaron;kai patikrintas.<br \/>\n&nbsp;<\/p>\n","protected":false},"excerpt":{"rendered":"<p>Anticeliulitinis aliejus suteiks jums lygi\u0105, elasting\u0105 ir sudr\u0117kint\u0105 od\u0105. Jo gaivus aromatas ir aksomin\u0117 tekst\u016bra leis j\u016bs\u0173 odai jaustis patogiai. Priemon\u0117 greitai \u012fsigeria.&nbsp;&Scaron;is aliejus puikiai papildys j\u016bs\u0173 masa\u017eo ritual\u0105. Siekiant geriausi\u0173 rezultat\u0173, aliej\u0173 rekomenduojama naudoti kasdien. Naudojimas: nedidel\u012f kiek\u012f aliejaus u\u017etepkite ant sausos odos ir &scaron;velniai masa\u017euokite sukamaisiais judesiais, kol visi&scaron;kai \u012fsigers. Dermatologi&scaron;kai patikrintas. &nbsp;<\/p>\n","protected":false},"featured_media":90306,"template":"","meta":[],"product_cat":[1621],"product_tag":[],"class_list":{"0":"post-45947","1":"product","2":"type-product","3":"status-publish","4":"has-post-thumbnail","6":"product_brand-hiskin_pl-lt","7":"product_cat-aliejai","9":"first","10":"outofstock","11":"taxable","12":"shipping-taxable","13":"product-type-simple"},"_links":{"self":[{"href":"https:\/\/e.kosmolat.eu\/lt\/wp-json\/wp\/v2\/product\/45947","targetHints":{"allow":["GET"]}}],"collection":[{"href":"https:\/\/e.kosmolat.eu\/lt\/wp-json\/wp\/v2\/product"}],"about":[{"href":"https:\/\/e.kosmolat.eu\/lt\/wp-json\/wp\/v2\/types\/product"}],"wp:featuredmedia":[{"embeddable":true,"href":"https:\/\/e.kosmolat.eu\/lt\/wp-json\/wp\/v2\/media\/90306"}],"wp:attachment":[{"href":"https:\/\/e.kosmolat.eu\/lt\/wp-json\/wp\/v2\/media?parent=45947"}],"wp:term":[{"taxonomy":"product_cat","embeddable":true,"href":"https:\/\/e.kosmolat.eu\/lt\/wp-json\/wp\/v2\/product_cat?post=45947"},{"taxonomy":"product_tag","embeddable":true,"href":"https:\/\/e.kosmolat.eu\/lt\/wp-json\/wp\/v2\/product_tag?post=45947"}],"curies":[{"name":"wp","href":"https:\/\/api.w.org\/{rel}","templated":true}]}}