{"id":45939,"date":"2024-02-29T05:21:00","date_gmt":"2024-02-29T05:21:00","guid":{"rendered":"https:\/\/e.kosmolat.eu\/product\/hs-crazy-body-sildoss-kerm-losjons-ar-cukurvates-aromatu-300-ml\/"},"modified":"2025-09-20T02:47:52","modified_gmt":"2025-09-20T02:47:52","slug":"i_hs-crazy-body-sildoss-kerm-losjons-ar-cukurvates-aromatu-300-ml","status":"publish","type":"product","link":"https:\/\/e.kosmolat.eu\/lt\/produktas\/i_hs-crazy-body-sildoss-kerm-losjons-ar-cukurvates-aromatu-300-ml\/","title":{"rendered":"I_HISKIN Crazy Body \u0160ildantis k\u016bno losjonas su acukraus vatos aromatu, 300 ml"},"content":{"rendered":"<p>J\u016bs\u0173 i&scaron;tikimas pad\u0117j\u0117jas j\u016bs\u0173 kasdien\u0117se pastangose sukurti itin hidratuot\u0105, lygi\u0105 ir stangri\u0105 od\u0105! Gaivinantis &scaron;aldyt\u0173 arb\u016bz\u0173 aromatas ir m\u0117t\u0173 natos pakels nuotaik\u0105 visai dienai \ud83d\ude42 Rekomenduojama naudoti kasdien.<\/p>\n<p><strong>Kas suteikia WOW efekt\u0105?<\/strong><\/p>\n<ul>\n<li><strong>Aitri\u0173j\u0173 paprik\u0173 vaisi\u0173 ekstraktas ir kapsaicinas<\/strong> &ndash; &scaron;ildo od\u0105 ir gerina mikrocirkuliacij\u0105.<\/li>\n<li><strong>Kofeinas<\/strong> &ndash; pasi\u017eymi drenuojan\u010diu poveikiu ir skatina mikrocirkuliacij\u0105.<\/li>\n<li><strong>Taukmed\u017ei\u0173 &nbsp;ir kakavos sviestas<\/strong> &ndash; dr\u0117kina ir atkuria od\u0105, idealiai tinka masa\u017eui.<\/li>\n<\/ul>\n<p><strong>Naudojimas:<\/strong> u\u017etepkite nedidel\u012f kiek\u012f ant sausos odos ir &scaron;velniai masa\u017euokite sukamaisiais judesiais, kol visi&scaron;kai \u012fsigers.<\/p>\n<p><strong>Atsargumo priemon\u0117s: <\/strong>vengti patekimo \u012f akis. Nenaudoti ant pa\u017eeistos odos. Jei pasirei&scaron;kia alergin\u0117 reakcija, nustokite vartoti.<\/p>\n<p>Dermatologi&scaron;kai patikrintas.<br \/>\n&nbsp;<\/p>\n","protected":false},"excerpt":{"rendered":"<p>J\u016bs\u0173 i&scaron;tikimas pad\u0117j\u0117jas j\u016bs\u0173 kasdien\u0117se pastangose sukurti itin hidratuot\u0105, lygi\u0105 ir stangri\u0105 od\u0105! Gaivinantis &scaron;aldyt\u0173 arb\u016bz\u0173 aromatas ir m\u0117t\u0173 natos pakels nuotaik\u0105 visai dienai \ud83d\ude42 Rekomenduojama naudoti kasdien. Kas suteikia WOW efekt\u0105? Aitri\u0173j\u0173 paprik\u0173 vaisi\u0173 ekstraktas ir kapsaicinas &ndash; &scaron;ildo od\u0105 ir gerina mikrocirkuliacij\u0105. Kofeinas &ndash; pasi\u017eymi drenuojan\u010diu poveikiu ir skatina mikrocirkuliacij\u0105. Taukmed\u017ei\u0173 &nbsp;ir kakavos [&#8230;]\n","protected":false},"featured_media":90302,"template":"","meta":[],"product_cat":[1390],"product_tag":[],"class_list":{"0":"post-45939","1":"product","2":"type-product","3":"status-publish","4":"has-post-thumbnail","6":"product_brand-hiskin_pl-lt","7":"product_cat-kremai-aliejai-kuno-pienelis","9":"first","10":"outofstock","11":"taxable","12":"shipping-taxable","13":"product-type-simple"},"_links":{"self":[{"href":"https:\/\/e.kosmolat.eu\/lt\/wp-json\/wp\/v2\/product\/45939","targetHints":{"allow":["GET"]}}],"collection":[{"href":"https:\/\/e.kosmolat.eu\/lt\/wp-json\/wp\/v2\/product"}],"about":[{"href":"https:\/\/e.kosmolat.eu\/lt\/wp-json\/wp\/v2\/types\/product"}],"wp:featuredmedia":[{"embeddable":true,"href":"https:\/\/e.kosmolat.eu\/lt\/wp-json\/wp\/v2\/media\/90302"}],"wp:attachment":[{"href":"https:\/\/e.kosmolat.eu\/lt\/wp-json\/wp\/v2\/media?parent=45939"}],"wp:term":[{"taxonomy":"product_cat","embeddable":true,"href":"https:\/\/e.kosmolat.eu\/lt\/wp-json\/wp\/v2\/product_cat?post=45939"},{"taxonomy":"product_tag","embeddable":true,"href":"https:\/\/e.kosmolat.eu\/lt\/wp-json\/wp\/v2\/product_tag?post=45939"}],"curies":[{"name":"wp","href":"https:\/\/api.w.org\/{rel}","templated":true}]}}