{"id":45931,"date":"2024-02-29T05:20:44","date_gmt":"2024-02-29T05:20:44","guid":{"rendered":"https:\/\/e.kosmolat.eu\/product\/hs-crazy-body-atvesinoss-kerm-losj-ar-arbuza-un-piparm-arom-300-ml\/"},"modified":"2025-09-20T02:47:34","modified_gmt":"2025-09-20T02:47:34","slug":"i_hs-crazy-body-atvesinoss-kerm-losj-ar-arbuza-un-piparm-arom-300-ml","status":"publish","type":"product","link":"https:\/\/e.kosmolat.eu\/lt\/produktas\/i_hs-crazy-body-atvesinoss-kerm-losj-ar-arbuza-un-piparm-arom-300-ml\/","title":{"rendered":"I_HISKIN Crazy Body V\u0117sinantis k\u016bno losjonas su arb\u016bz\u0173 ir m\u0117t\u0173 aromatu, 300 ml"},"content":{"rendered":"<p>J\u016bs\u0173 i&scaron;tikimas pad\u0117j\u0117jas j\u016bs\u0173 kasdien\u0117se pastangose sukurti itin hidratuot\u0105, lygi\u0105 ir stangri\u0105 od\u0105! Gaivinantis &scaron;aldyt\u0173 arb\u016bz\u0173 aromatas ir m\u0117t\u0173 natos pakels nuotaik\u0105 visai dienai \ud83d\ude42 Rekomenduojama naudoti kasdien.<\/p>\n<p><strong>Kas suteikia WOW efekt\u0105?<\/strong><\/p>\n<ul>\n<li>Sald\u017ei\u0173j\u0173 migdol\u0173, simondsij\u0173 ir sezam\u0173 aliej\u0173 kompleksas lygina ir daro od\u0105 elasting\u0105, &scaron;velni\u0105 ir dr\u0117kinam\u0105.<\/li>\n<li>Mentolis &ndash; maloniai v\u0117sina od\u0105 ir gaivina k\u016bn\u0105.<\/li>\n<li>Kofeinas &ndash; neleid\u017eia kauptis riebalams l\u0105stel\u0117se, turi anticeliulitin\u012f ir detoksikuojant\u012f poveik\u012f odai.<\/li>\n<li>Guarana &ndash; ma\u017eina patinim\u0105, skatina mikrocirkuliacij\u0105, lygina ir stiprina od\u0105.<\/li>\n<li>Acai ekstraktas yra puikus antioksidantas, didinantis odos stangrum\u0105 ir elastingum\u0105.<\/li>\n<\/ul>\n<p><strong>Naudingas patarimas!<\/strong><br \/>\nLosjonas puikiai papildo saus\u0105 masa\u017e\u0105 &scaron;epe\u010diu<\/p>\n<p><strong>Naudojimas:<\/strong> u\u017etepkite nedidel\u012f kiek\u012f ant sausos odos ir &scaron;velniai masa\u017euokite sukamaisiais judesiais, kol visi&scaron;kai \u012fsigers.<\/p>\n<p>Dermatologi&scaron;kai patikrintas.<br \/>\n&nbsp;<\/p>\n","protected":false},"excerpt":{"rendered":"<p>J\u016bs\u0173 i&scaron;tikimas pad\u0117j\u0117jas j\u016bs\u0173 kasdien\u0117se pastangose sukurti itin hidratuot\u0105, lygi\u0105 ir stangri\u0105 od\u0105! Gaivinantis &scaron;aldyt\u0173 arb\u016bz\u0173 aromatas ir m\u0117t\u0173 natos pakels nuotaik\u0105 visai dienai \ud83d\ude42 Rekomenduojama naudoti kasdien. Kas suteikia WOW efekt\u0105? Sald\u017ei\u0173j\u0173 migdol\u0173, simondsij\u0173 ir sezam\u0173 aliej\u0173 kompleksas lygina ir daro od\u0105 elasting\u0105, &scaron;velni\u0105 ir dr\u0117kinam\u0105. Mentolis &ndash; maloniai v\u0117sina od\u0105 ir gaivina k\u016bn\u0105. [&#8230;]\n","protected":false},"featured_media":90298,"template":"","meta":[],"product_cat":[1618],"product_tag":[],"class_list":{"0":"post-45931","1":"product","2":"type-product","3":"status-publish","4":"has-post-thumbnail","6":"product_brand-hiskin_pl-lt","7":"product_cat-anticeliulitiniai-produktai","9":"first","10":"outofstock","11":"taxable","12":"shipping-taxable","13":"product-type-simple"},"_links":{"self":[{"href":"https:\/\/e.kosmolat.eu\/lt\/wp-json\/wp\/v2\/product\/45931","targetHints":{"allow":["GET"]}}],"collection":[{"href":"https:\/\/e.kosmolat.eu\/lt\/wp-json\/wp\/v2\/product"}],"about":[{"href":"https:\/\/e.kosmolat.eu\/lt\/wp-json\/wp\/v2\/types\/product"}],"wp:featuredmedia":[{"embeddable":true,"href":"https:\/\/e.kosmolat.eu\/lt\/wp-json\/wp\/v2\/media\/90298"}],"wp:attachment":[{"href":"https:\/\/e.kosmolat.eu\/lt\/wp-json\/wp\/v2\/media?parent=45931"}],"wp:term":[{"taxonomy":"product_cat","embeddable":true,"href":"https:\/\/e.kosmolat.eu\/lt\/wp-json\/wp\/v2\/product_cat?post=45931"},{"taxonomy":"product_tag","embeddable":true,"href":"https:\/\/e.kosmolat.eu\/lt\/wp-json\/wp\/v2\/product_tag?post=45931"}],"curies":[{"name":"wp","href":"https:\/\/api.w.org\/{rel}","templated":true}]}}