{"id":45915,"date":"2024-02-29T05:20:10","date_gmt":"2024-02-29T05:20:10","guid":{"rendered":"https:\/\/e.kosmolat.eu\/product\/hs-crazy-body-smalki-graud-kerm-skrubis-ar-mohito-arom-300-ml\/"},"modified":"2026-04-23T12:40:03","modified_gmt":"2026-04-23T12:40:03","slug":"hs-crazy-body-smalki-graud-kerm-skrubis-ar-mohito-arom-300-ml","status":"publish","type":"product","link":"https:\/\/e.kosmolat.eu\/lt\/produktas\/hs-crazy-body-smalki-graud-kerm-skrubis-ar-mohito-arom-300-ml\/","title":{"rendered":"HISKIN Crazy Body K\u016bno \u0161veitiklis su Mojito aromatu (smulk\u016bs grudeliai), 300 ml"},"content":{"rendered":"<p>Sud\u0117tyje yra 99% nat\u016bralios kilm\u0117s ingredient\u0173. Tinka veganams.<\/p>\n<p>Malonaus mojito aromato &scaron;vei\u010diamasis &scaron;veitiklis pasir\u016bpins j\u016bs\u0173 k\u016bnu ir nuotaika. &Scaron;veitiklis padarys j\u016bs\u0173 od\u0105 &scaron;velni\u0105, idealiai lygi\u0105 ir maksimaliai sudr\u0117kint\u0105.<\/p>\n<p>Dermatologi&scaron;kai patikrintas.<br \/>\n&nbsp;<\/p>\n","protected":false},"excerpt":{"rendered":"<p>Sud\u0117tyje yra 99% nat\u016bralios kilm\u0117s ingredient\u0173. Tinka veganams. Malonaus mojito aromato &scaron;vei\u010diamasis &scaron;veitiklis pasir\u016bpins j\u016bs\u0173 k\u016bnu ir nuotaika. &Scaron;veitiklis padarys j\u016bs\u0173 od\u0105 &scaron;velni\u0105, idealiai lygi\u0105 ir maksimaliai sudr\u0117kint\u0105. Dermatologi&scaron;kai patikrintas. &nbsp;<\/p>\n","protected":false},"featured_media":90290,"template":"","meta":[],"product_cat":[1359],"product_tag":[],"class_list":{"0":"post-45915","1":"product","2":"type-product","3":"status-publish","4":"has-post-thumbnail","6":"product_brand-hiskin_pl-lt","7":"product_cat-kuno-sveitikliai-ir-pilingai","9":"first","10":"instock","11":"taxable","12":"shipping-taxable","13":"product-type-simple"},"_links":{"self":[{"href":"https:\/\/e.kosmolat.eu\/lt\/wp-json\/wp\/v2\/product\/45915","targetHints":{"allow":["GET"]}}],"collection":[{"href":"https:\/\/e.kosmolat.eu\/lt\/wp-json\/wp\/v2\/product"}],"about":[{"href":"https:\/\/e.kosmolat.eu\/lt\/wp-json\/wp\/v2\/types\/product"}],"wp:featuredmedia":[{"embeddable":true,"href":"https:\/\/e.kosmolat.eu\/lt\/wp-json\/wp\/v2\/media\/90290"}],"wp:attachment":[{"href":"https:\/\/e.kosmolat.eu\/lt\/wp-json\/wp\/v2\/media?parent=45915"}],"wp:term":[{"taxonomy":"product_cat","embeddable":true,"href":"https:\/\/e.kosmolat.eu\/lt\/wp-json\/wp\/v2\/product_cat?post=45915"},{"taxonomy":"product_tag","embeddable":true,"href":"https:\/\/e.kosmolat.eu\/lt\/wp-json\/wp\/v2\/product_tag?post=45915"}],"curies":[{"name":"wp","href":"https:\/\/api.w.org\/{rel}","templated":true}]}}