{"id":45899,"date":"2024-02-29T05:19:33","date_gmt":"2024-02-29T05:19:33","guid":{"rendered":"https:\/\/e.kosmolat.eu\/product\/hs-crazy-body-vannas-sals-ar-zefira-aromatu-300-g\/"},"modified":"2025-09-20T02:46:39","modified_gmt":"2025-09-20T02:46:39","slug":"i_hs-crazy-body-vannas-sals-ar-zefira-aromatu-300-g","status":"publish","type":"product","link":"https:\/\/e.kosmolat.eu\/lt\/produktas\/i_hs-crazy-body-vannas-sals-ar-zefira-aromatu-300-g\/","title":{"rendered":"I_HISKIN Crazy Body Bath Druska su zefyr\u0173 aromatu, 300 g"},"content":{"rendered":"<p>Sud\u0117tyje yra 97% nat\u016bralios kilm\u0117s ingredient\u0173. Tinka veganams.<\/p>\n<p>Malonaus zefyr\u0173 aromato druska pad\u0117s atsipalaiduoti po sunkios dienos.<\/p>\n<p><strong>Naudojimas:<\/strong> naudokit\u0117s dangteliu i&scaron;matuoti reikiam\u0105 vonios druskos kiek\u012f. U\u017epildykite dangtel\u012f druska be kaupo ir supilkite \u012f &scaron;ilt\u0105 voni\u0105 po tekan\u010diu vandeniu. Palaukite, kol druska i&scaron;tirps vonioje ir m\u0117gaukit\u0117s malonia proced\u016bra 20-30 minu\u010di\u0173.<\/p>\n<p>Dermatologi&scaron;kai patikrintas.<br \/>\n&nbsp;<\/p>\n","protected":false},"excerpt":{"rendered":"<p>Sud\u0117tyje yra 97% nat\u016bralios kilm\u0117s ingredient\u0173. Tinka veganams. Malonaus zefyr\u0173 aromato druska pad\u0117s atsipalaiduoti po sunkios dienos. Naudojimas: naudokit\u0117s dangteliu i&scaron;matuoti reikiam\u0105 vonios druskos kiek\u012f. U\u017epildykite dangtel\u012f druska be kaupo ir supilkite \u012f &scaron;ilt\u0105 voni\u0105 po tekan\u010diu vandeniu. Palaukite, kol druska i&scaron;tirps vonioje ir m\u0117gaukit\u0117s malonia proced\u016bra 20-30 minu\u010di\u0173. Dermatologi&scaron;kai patikrintas. &nbsp;<\/p>\n","protected":false},"featured_media":90282,"template":"","meta":[],"product_cat":[1612],"product_tag":[],"class_list":{"0":"post-45899","1":"product","2":"type-product","3":"status-publish","4":"has-post-thumbnail","6":"product_brand-hiskin_pl-lt","7":"product_cat-putos-druska-vonios-bombos","9":"first","10":"outofstock","11":"taxable","12":"shipping-taxable","13":"product-type-simple"},"_links":{"self":[{"href":"https:\/\/e.kosmolat.eu\/lt\/wp-json\/wp\/v2\/product\/45899","targetHints":{"allow":["GET"]}}],"collection":[{"href":"https:\/\/e.kosmolat.eu\/lt\/wp-json\/wp\/v2\/product"}],"about":[{"href":"https:\/\/e.kosmolat.eu\/lt\/wp-json\/wp\/v2\/types\/product"}],"wp:featuredmedia":[{"embeddable":true,"href":"https:\/\/e.kosmolat.eu\/lt\/wp-json\/wp\/v2\/media\/90282"}],"wp:attachment":[{"href":"https:\/\/e.kosmolat.eu\/lt\/wp-json\/wp\/v2\/media?parent=45899"}],"wp:term":[{"taxonomy":"product_cat","embeddable":true,"href":"https:\/\/e.kosmolat.eu\/lt\/wp-json\/wp\/v2\/product_cat?post=45899"},{"taxonomy":"product_tag","embeddable":true,"href":"https:\/\/e.kosmolat.eu\/lt\/wp-json\/wp\/v2\/product_tag?post=45899"}],"curies":[{"name":"wp","href":"https:\/\/api.w.org\/{rel}","templated":true}]}}