{"id":45883,"date":"2024-02-29T05:18:55","date_gmt":"2024-02-29T05:18:55","guid":{"rendered":"https:\/\/e.kosmolat.eu\/product\/hs-crazy-body-mirdzos-kerm-putas-ar-zefira-arom-250-ml\/"},"modified":"2025-09-20T02:46:09","modified_gmt":"2025-09-20T02:46:09","slug":"i_hs-crazy-body-mirdzos-kerm-putas-ar-zefira-arom-250-ml","status":"publish","type":"product","link":"https:\/\/e.kosmolat.eu\/lt\/produktas\/i_hs-crazy-body-mirdzos-kerm-putas-ar-zefira-arom-250-ml\/","title":{"rendered":"I_HISKIN Crazy Body Spindintys k\u016bno put\u0117siai su zefyr\u0173 aromatu, 250 ml"},"content":{"rendered":"<p>Suteikite savo odai nepaprasto spindesio ir apgaubkite k\u016bn\u0105 dr\u0117kinamaisiais put\u0117siais, kupinais mirgan\u010di\u0173 daleli\u0173! Be gardaus zefyr\u0173 aromato, jus taip pat nustebins itin dr\u0117kinama, stangri ir &scaron;vytinti oda.<\/p>\n<p><strong>Kas suteikia WOW efekt\u0105?<\/strong><\/p>\n<ul>\n<li>&Scaron;vytin\u010dios dalel\u0117s &ndash; suteiks odai &scaron;vyt\u0117jimo ir \u017eavesio.<\/li>\n<li>Alavij\u0173 sultys &ndash; dr\u0117kina ir ramina od\u0105.<\/li>\n<li>Soj\u0173 ir saul\u0117gr\u0105\u017e\u0173 aliejus &ndash; sutepkite ir atkurkite od\u0105, palikdami ant jos apsaugin\u0119 pl\u0117vel\u0119.<\/li>\n<li>Gliukonolaktonas &ndash; stiprina apsaugin\u012f odos barjer\u0105.<\/li>\n<\/ul>\n<p><strong>Naudojimas:<\/strong> nedidel\u012f kiek\u012f put\u0173 u\u017etepkite ant sausos odos. Tada &scaron;velniai masa\u017euokite sukamaisiais judesiais, kol visi&scaron;kai \u012fsigers.<\/p>\n<p>Dermatologi&scaron;kai patikrintas.<br \/>\n&nbsp;<\/p>\n","protected":false},"excerpt":{"rendered":"<p>Suteikite savo odai nepaprasto spindesio ir apgaubkite k\u016bn\u0105 dr\u0117kinamaisiais put\u0117siais, kupinais mirgan\u010di\u0173 daleli\u0173! Be gardaus zefyr\u0173 aromato, jus taip pat nustebins itin dr\u0117kinama, stangri ir &scaron;vytinti oda. Kas suteikia WOW efekt\u0105? &Scaron;vytin\u010dios dalel\u0117s &ndash; suteiks odai &scaron;vyt\u0117jimo ir \u017eavesio. Alavij\u0173 sultys &ndash; dr\u0117kina ir ramina od\u0105. Soj\u0173 ir saul\u0117gr\u0105\u017e\u0173 aliejus &ndash; sutepkite ir atkurkite od\u0105, [&#8230;]\n","protected":false},"featured_media":90274,"template":"","meta":[],"product_cat":[1390],"product_tag":[],"class_list":{"0":"post-45883","1":"product","2":"type-product","3":"status-publish","4":"has-post-thumbnail","6":"product_brand-hiskin_pl-lt","7":"product_cat-kremai-aliejai-kuno-pienelis","9":"first","10":"outofstock","11":"taxable","12":"shipping-taxable","13":"product-type-simple"},"_links":{"self":[{"href":"https:\/\/e.kosmolat.eu\/lt\/wp-json\/wp\/v2\/product\/45883","targetHints":{"allow":["GET"]}}],"collection":[{"href":"https:\/\/e.kosmolat.eu\/lt\/wp-json\/wp\/v2\/product"}],"about":[{"href":"https:\/\/e.kosmolat.eu\/lt\/wp-json\/wp\/v2\/types\/product"}],"wp:featuredmedia":[{"embeddable":true,"href":"https:\/\/e.kosmolat.eu\/lt\/wp-json\/wp\/v2\/media\/90274"}],"wp:attachment":[{"href":"https:\/\/e.kosmolat.eu\/lt\/wp-json\/wp\/v2\/media?parent=45883"}],"wp:term":[{"taxonomy":"product_cat","embeddable":true,"href":"https:\/\/e.kosmolat.eu\/lt\/wp-json\/wp\/v2\/product_cat?post=45883"},{"taxonomy":"product_tag","embeddable":true,"href":"https:\/\/e.kosmolat.eu\/lt\/wp-json\/wp\/v2\/product_tag?post=45883"}],"curies":[{"name":"wp","href":"https:\/\/api.w.org\/{rel}","templated":true}]}}