{"id":45875,"date":"2024-02-29T05:18:35","date_gmt":"2024-02-29T05:18:35","guid":{"rendered":"https:\/\/e.kosmolat.eu\/product\/hs-crazy-body-vannas-un-dus-zel-putas-ar-pina-colada-arom-250-ml\/"},"modified":"2025-09-20T02:45:54","modified_gmt":"2025-09-20T02:45:54","slug":"i_hs-crazy-body-vannas-un-dus-zel-putas-ar-pina-colada-arom-250-ml","status":"publish","type":"product","link":"https:\/\/e.kosmolat.eu\/lt\/produktas\/i_hs-crazy-body-vannas-un-dus-zel-putas-ar-pina-colada-arom-250-ml\/","title":{"rendered":"I_HISKIN Crazy Body Gel putos voniai ir du\u0161ui su Pina Colada aromatu, 250 ml"},"content":{"rendered":"<p>Suteikite odai &scaron;vyt\u0117jimo ir pamirkykite vonioje, pilnoje blizgu\u010di\u0173 daleli\u0173! Be puikaus Pina Colada aromato, jus taip pat nustebins itin dr\u0117kinama, stangri ir &scaron;vytinti oda.<\/p>\n<p><strong>Kas suteikia WOW efekt\u0105?<\/strong><\/p>\n<ul>\n<li>Argan\u0173 ir chia s\u0117kl\u0173 aliejus &ndash; sukuria apsaugin\u0119 odos pl\u0117vel\u0119, atkuria ir gerina odos elastingum\u0105.<\/li>\n<li>Trehaloz\u0117, pantenolis ir alantoinas &ndash; dr\u0117kinam\u0173j\u0173 med\u017eiag\u0173 kompleksas, palaikantis odos hidrolipidin\u012f barjer\u0105. &Scaron;ie trys ingredientai ramina od\u0105 ir palieka j\u0105 lygi\u0105 bei &scaron;velni\u0105.<\/li>\n<\/ul>\n<p><strong>Naudojimas: <\/strong>u\u017etepkite skyst\u012f ant dr\u0117gno k\u016bno ir masa\u017euokite, kol susidarys putos. Tada nuplaukite arba supilkite dal\u012f skys\u010dio po &scaron;iltu tekan\u010diu vandeniu ir m\u0117gaukit\u0117s ne\u012ftik\u0117tinai atpalaiduojan\u010dia vonia.<\/p>\n<p>Dermatologi&scaron;kai patikrintas.<br \/>\n&nbsp;<\/p>\n","protected":false},"excerpt":{"rendered":"<p>Suteikite odai &scaron;vyt\u0117jimo ir pamirkykite vonioje, pilnoje blizgu\u010di\u0173 daleli\u0173! Be puikaus Pina Colada aromato, jus taip pat nustebins itin dr\u0117kinama, stangri ir &scaron;vytinti oda. Kas suteikia WOW efekt\u0105? Argan\u0173 ir chia s\u0117kl\u0173 aliejus &ndash; sukuria apsaugin\u0119 odos pl\u0117vel\u0119, atkuria ir gerina odos elastingum\u0105. Trehaloz\u0117, pantenolis ir alantoinas &ndash; dr\u0117kinam\u0173j\u0173 med\u017eiag\u0173 kompleksas, palaikantis odos hidrolipidin\u012f barjer\u0105. [&#8230;]\n","protected":false},"featured_media":90270,"template":"","meta":[],"product_cat":[1282],"product_tag":[],"class_list":{"0":"post-45875","1":"product","2":"type-product","3":"status-publish","4":"has-post-thumbnail","6":"product_brand-hiskin_pl-lt","7":"product_cat-duso-geliai-ir-duso-aliejai","9":"first","10":"outofstock","11":"taxable","12":"shipping-taxable","13":"product-type-simple"},"_links":{"self":[{"href":"https:\/\/e.kosmolat.eu\/lt\/wp-json\/wp\/v2\/product\/45875","targetHints":{"allow":["GET"]}}],"collection":[{"href":"https:\/\/e.kosmolat.eu\/lt\/wp-json\/wp\/v2\/product"}],"about":[{"href":"https:\/\/e.kosmolat.eu\/lt\/wp-json\/wp\/v2\/types\/product"}],"wp:featuredmedia":[{"embeddable":true,"href":"https:\/\/e.kosmolat.eu\/lt\/wp-json\/wp\/v2\/media\/90270"}],"wp:attachment":[{"href":"https:\/\/e.kosmolat.eu\/lt\/wp-json\/wp\/v2\/media?parent=45875"}],"wp:term":[{"taxonomy":"product_cat","embeddable":true,"href":"https:\/\/e.kosmolat.eu\/lt\/wp-json\/wp\/v2\/product_cat?post=45875"},{"taxonomy":"product_tag","embeddable":true,"href":"https:\/\/e.kosmolat.eu\/lt\/wp-json\/wp\/v2\/product_tag?post=45875"}],"curies":[{"name":"wp","href":"https:\/\/api.w.org\/{rel}","templated":true}]}}