{"id":45867,"date":"2024-02-29T05:18:17","date_gmt":"2024-02-29T05:18:17","guid":{"rendered":"https:\/\/e.kosmolat.eu\/product\/hs-crazy-body-vannas-un-dus-zel-putas-ar-zefira-arom-250-ml\/"},"modified":"2025-09-20T02:45:38","modified_gmt":"2025-09-20T02:45:38","slug":"i_hs-crazy-body-vannas-un-dus-zel-putas-ar-zefira-arom-250-ml","status":"publish","type":"product","link":"https:\/\/e.kosmolat.eu\/lt\/produktas\/i_hs-crazy-body-vannas-un-dus-zel-putas-ar-zefira-arom-250-ml\/","title":{"rendered":"I_HISKIN Crazy Body Spindintis gelis-putos voniai ir du\u0161ui su zefyr\u0173 aromatu, 250 ml"},"content":{"rendered":"<p>Suteikite odai &scaron;vyt\u0117jimo ir pasinerkite \u012f voni\u0105, piln\u0105 blizgi\u0173 daleli\u0173! Be puikaus Pina Colada aromato, jus taip pat nustebins itin dr\u0117kinama, stangri ir &scaron;vytinti oda.<\/p>\n<p><strong>Kas suteikia WOW efekt\u0105?<\/strong><\/p>\n<ul>\n<li>Ro\u017ei\u0173 vanduo &ndash; tonizuoja, dr\u0117kina ir ramina od\u0105, tod\u0117l ji tampa &scaron;velni ir lygi liesti.<\/li>\n<li>Trehaloz\u0117 yra disacharidas, atsakingas u\u017e tinkam\u0105 odos dr\u0117kinim\u0105 ir odos apsaug\u0105 nuo \u017ealingo i&scaron;orini\u0173 veiksni\u0173 poveikio.<\/li>\n<li>Ry\u017ei\u0173 ir simondsij\u0173 aliejus &ndash; suteikia reikiam\u0105 dr\u0117kinim\u0105 ir palieka maloni\u0105, apgaubian\u010di\u0105 apsaugin\u0119 pl\u0117vel\u0119 ant odos.<\/li>\n<\/ul>\n<p><strong>Naudojimas: <\/strong>u\u017etepkite skyst\u012f ant dr\u0117gno k\u016bno ir masa\u017euokite, kol susidarys putos. Tada nuplaukite arba supilkite dal\u012f skys\u010dio po &scaron;iltu tekan\u010diu vandeniu ir m\u0117gaukit\u0117s ne\u012ftik\u0117tinai atpalaiduojan\u010dia vonia.<\/p>\n<p>Dermatologi&scaron;kai patikrintas.<br \/>\n&nbsp;<\/p>\n","protected":false},"excerpt":{"rendered":"<p>Suteikite odai &scaron;vyt\u0117jimo ir pasinerkite \u012f voni\u0105, piln\u0105 blizgi\u0173 daleli\u0173! Be puikaus Pina Colada aromato, jus taip pat nustebins itin dr\u0117kinama, stangri ir &scaron;vytinti oda. Kas suteikia WOW efekt\u0105? Ro\u017ei\u0173 vanduo &ndash; tonizuoja, dr\u0117kina ir ramina od\u0105, tod\u0117l ji tampa &scaron;velni ir lygi liesti. Trehaloz\u0117 yra disacharidas, atsakingas u\u017e tinkam\u0105 odos dr\u0117kinim\u0105 ir odos apsaug\u0105 [&#8230;]\n","protected":false},"featured_media":90266,"template":"","meta":[],"product_cat":[1612],"product_tag":[],"class_list":{"0":"post-45867","1":"product","2":"type-product","3":"status-publish","4":"has-post-thumbnail","6":"product_brand-hiskin_pl-lt","7":"product_cat-putos-druska-vonios-bombos","9":"first","10":"outofstock","11":"taxable","12":"shipping-taxable","13":"product-type-simple"},"_links":{"self":[{"href":"https:\/\/e.kosmolat.eu\/lt\/wp-json\/wp\/v2\/product\/45867","targetHints":{"allow":["GET"]}}],"collection":[{"href":"https:\/\/e.kosmolat.eu\/lt\/wp-json\/wp\/v2\/product"}],"about":[{"href":"https:\/\/e.kosmolat.eu\/lt\/wp-json\/wp\/v2\/types\/product"}],"wp:featuredmedia":[{"embeddable":true,"href":"https:\/\/e.kosmolat.eu\/lt\/wp-json\/wp\/v2\/media\/90266"}],"wp:attachment":[{"href":"https:\/\/e.kosmolat.eu\/lt\/wp-json\/wp\/v2\/media?parent=45867"}],"wp:term":[{"taxonomy":"product_cat","embeddable":true,"href":"https:\/\/e.kosmolat.eu\/lt\/wp-json\/wp\/v2\/product_cat?post=45867"},{"taxonomy":"product_tag","embeddable":true,"href":"https:\/\/e.kosmolat.eu\/lt\/wp-json\/wp\/v2\/product_tag?post=45867"}],"curies":[{"name":"wp","href":"https:\/\/api.w.org\/{rel}","templated":true}]}}