{"id":45859,"date":"2024-02-29T05:17:57","date_gmt":"2024-02-29T05:17:57","guid":{"rendered":"https:\/\/e.kosmolat.eu\/product\/hs-crazy-hair-matu-lamines-zel-loti-porain-mat-ar-avenu-arom-300-ml\/"},"modified":"2026-04-23T09:56:28","modified_gmt":"2026-04-23T09:56:28","slug":"hs-crazy-hair-matu-lamines-zel-loti-porain-mat-ar-avenu-arom-300-ml","status":"publish","type":"product","link":"https:\/\/e.kosmolat.eu\/lt\/produktas\/hs-crazy-hair-matu-lamines-zel-loti-porain-mat-ar-avenu-arom-300-ml\/","title":{"rendered":"HISKIN Crazy Hair \u017del\u0117 didelio poringumo plauk\u0173 laminavimui su avie\u010di\u0173 aromatu, 300 ml"},"content":{"rendered":"<p>Ro\u017ein\u0117 plauk\u0173 \u017eel\u0117 su mi&scaron;ko uog\u0173 aromatu sukurs ant j\u016bs\u0173 plauk\u0173 &scaron;velni\u0105 pl\u0117vel\u0119, kuri apsaugos juos nuo mechanini\u0173 pa\u017eeidim\u0173, dr\u0117gm\u0117s pertekliaus ir pernelyg auk&scaron;t\u0173 temperat\u016br\u0173, o taip pat suteiks plaukams ne\u012ftik\u0117tino glotnumo, &scaron;velnumo ir \u017evilgesio.<\/p>\n<p><strong>Kas suteikia WOW efekt\u0105?<\/strong><\/p>\n<ul>\n<li>Trehaloz\u0117, &scaron;lapalas ir augalinis glikolis dr\u0117kina ir sulaiko vanden\u012f plauk\u0173 strukt\u016broje.<\/li>\n<li>Chia s\u0117kl\u0173 aliejus &ndash; i&scaron;lygina plaukus ir apsaugo nuo statin\u0117s elektros.<\/li>\n<li>Hidrolizuoti glitimo, kvie\u010di\u0173 ir avi\u017e\u0173 baltymai &ndash; kondicionuoja ir atkuria, tuo pa\u010diu u\u017ekertant keli\u0105 statiniams plaukams ir j\u0173 mink&scaron;tinimui.<\/li>\n<\/ul>\n<p><strong>Naudojimas:<\/strong> nedidel\u012f kiek\u012f \u017eel\u0117 paskirstykite ant dr\u0117gn\u0173 plauk\u0173. Palikite 10-15 minu\u010di\u0173, tada nuplaukite &scaron;iltu vandeniu. Naudokite 1-2 kartus per savait\u0119.<\/p>\n<p>Dermatologi&scaron;kai patikrintas.<br \/>\n&nbsp;<\/p>\n","protected":false},"excerpt":{"rendered":"<p>Ro\u017ein\u0117 plauk\u0173 \u017eel\u0117 su mi&scaron;ko uog\u0173 aromatu sukurs ant j\u016bs\u0173 plauk\u0173 &scaron;velni\u0105 pl\u0117vel\u0119, kuri apsaugos juos nuo mechanini\u0173 pa\u017eeidim\u0173, dr\u0117gm\u0117s pertekliaus ir pernelyg auk&scaron;t\u0173 temperat\u016br\u0173, o taip pat suteiks plaukams ne\u012ftik\u0117tino glotnumo, &scaron;velnumo ir \u017evilgesio. Kas suteikia WOW efekt\u0105? Trehaloz\u0117, &scaron;lapalas ir augalinis glikolis dr\u0117kina ir sulaiko vanden\u012f plauk\u0173 strukt\u016broje. Chia s\u0117kl\u0173 aliejus &ndash; i&scaron;lygina [&#8230;]\n","protected":false},"featured_media":90262,"template":"","meta":[],"product_cat":[1345],"product_tag":[],"class_list":{"0":"post-45859","1":"product","2":"type-product","3":"status-publish","4":"has-post-thumbnail","6":"product_brand-hiskin_pl-lt","7":"product_cat-kitos-plauku-prieziuros-priemones","9":"first","10":"instock","11":"taxable","12":"shipping-taxable","13":"product-type-simple"},"_links":{"self":[{"href":"https:\/\/e.kosmolat.eu\/lt\/wp-json\/wp\/v2\/product\/45859","targetHints":{"allow":["GET"]}}],"collection":[{"href":"https:\/\/e.kosmolat.eu\/lt\/wp-json\/wp\/v2\/product"}],"about":[{"href":"https:\/\/e.kosmolat.eu\/lt\/wp-json\/wp\/v2\/types\/product"}],"wp:featuredmedia":[{"embeddable":true,"href":"https:\/\/e.kosmolat.eu\/lt\/wp-json\/wp\/v2\/media\/90262"}],"wp:attachment":[{"href":"https:\/\/e.kosmolat.eu\/lt\/wp-json\/wp\/v2\/media?parent=45859"}],"wp:term":[{"taxonomy":"product_cat","embeddable":true,"href":"https:\/\/e.kosmolat.eu\/lt\/wp-json\/wp\/v2\/product_cat?post=45859"},{"taxonomy":"product_tag","embeddable":true,"href":"https:\/\/e.kosmolat.eu\/lt\/wp-json\/wp\/v2\/product_tag?post=45859"}],"curies":[{"name":"wp","href":"https:\/\/api.w.org\/{rel}","templated":true}]}}