{"id":45851,"date":"2024-02-29T05:17:36","date_gmt":"2024-02-29T05:17:36","guid":{"rendered":"https:\/\/e.kosmolat.eu\/product\/hs-crazy-hair-matu-lamines-zel-videji-porain-mat-ar-kirsu-arom-300-ml\/"},"modified":"2025-09-20T02:45:08","modified_gmt":"2025-09-20T02:45:08","slug":"i_hs-crazy-hair-matu-lamines-zel-videji-porain-mat-ar-kirsu-arom-300-ml","status":"publish","type":"product","link":"https:\/\/e.kosmolat.eu\/lt\/produktas\/i_hs-crazy-hair-matu-lamines-zel-videji-porain-mat-ar-kirsu-arom-300-ml\/","title":{"rendered":"I_HISKIN Crazy Hair \u017del\u0117 vidutinio poringumo plauk\u0173 laminavimui, su vy\u0161ni\u0173 aromatu, 300 ml"},"content":{"rendered":"<p>&Scaron;vie\u017ei\u0173 vy&scaron;ni\u0173 aromato plauk\u0173 \u017eel\u0117 sukurs ant j\u016bs\u0173 plauk\u0173 &scaron;velni\u0105 pl\u0117vel\u0119, kuri apsaugos juos nuo mechanini\u0173 pa\u017eeidim\u0173, dr\u0117gm\u0117s pertekliaus ir per auk&scaron;tos temperat\u016bros. \u017dele esantys baltymai ir dr\u0117kikliai yra specialiai parinkti vidutinio ir didelio poringumo plauk\u0173 prie\u017ei\u016brai, suteiks jiems ne\u012ftik\u0117tino glotnumo, &scaron;velnumo ir \u017evilgesio.<\/p>\n<p><strong>Kas suteikia WOW efekt\u0105?<\/strong><\/p>\n<ul>\n<li>Trehaloz\u0117, karbamidas, augalinis glikolis ir gliukonolaktonas dr\u0117kina ir sulaiko vanden\u012f plauk\u0173 strukt\u016broje.<\/li>\n<li>Sald\u017ei\u0173j\u0173 migdol\u0173 aliejus &ndash; u\u017edaro plauk\u0173 odeles, tod\u0117l jie tampa lygesni.<\/li>\n<li>Hidrolizuotas glitimas, ry\u017eiai ir sojos baltymai kondicionuoja ir atkuria plaukus. Jie taip pat apsaugo nuo statin\u0117s elektros energijos ir mink&scaron;tina bei glotnina plaukus.<\/li>\n<\/ul>\n<p><strong>Naudojimas:<\/strong> nedidel\u012f kiek\u012f \u017eel\u0117 paskirstykite ant dr\u0117gn\u0173 plauk\u0173. Palikite 10-15 minu\u010di\u0173, tada nuplaukite &scaron;iltu vandeniu. Naudokite 1-2 kartus per savait\u0119.<\/p>\n<p>Dermatologi&scaron;kai patikrintas.<br \/>\n&nbsp;<\/p>\n","protected":false},"excerpt":{"rendered":"<p>&Scaron;vie\u017ei\u0173 vy&scaron;ni\u0173 aromato plauk\u0173 \u017eel\u0117 sukurs ant j\u016bs\u0173 plauk\u0173 &scaron;velni\u0105 pl\u0117vel\u0119, kuri apsaugos juos nuo mechanini\u0173 pa\u017eeidim\u0173, dr\u0117gm\u0117s pertekliaus ir per auk&scaron;tos temperat\u016bros. \u017dele esantys baltymai ir dr\u0117kikliai yra specialiai parinkti vidutinio ir didelio poringumo plauk\u0173 prie\u017ei\u016brai, suteiks jiems ne\u012ftik\u0117tino glotnumo, &scaron;velnumo ir \u017evilgesio. Kas suteikia WOW efekt\u0105? Trehaloz\u0117, karbamidas, augalinis glikolis ir gliukonolaktonas dr\u0117kina [&#8230;]\n","protected":false},"featured_media":90258,"template":"","meta":[],"product_cat":[1345],"product_tag":[],"class_list":{"0":"post-45851","1":"product","2":"type-product","3":"status-publish","4":"has-post-thumbnail","6":"product_brand-hiskin_pl-lt","7":"product_cat-kitos-plauku-prieziuros-priemones","9":"first","10":"outofstock","11":"taxable","12":"shipping-taxable","13":"product-type-simple"},"_links":{"self":[{"href":"https:\/\/e.kosmolat.eu\/lt\/wp-json\/wp\/v2\/product\/45851","targetHints":{"allow":["GET"]}}],"collection":[{"href":"https:\/\/e.kosmolat.eu\/lt\/wp-json\/wp\/v2\/product"}],"about":[{"href":"https:\/\/e.kosmolat.eu\/lt\/wp-json\/wp\/v2\/types\/product"}],"wp:featuredmedia":[{"embeddable":true,"href":"https:\/\/e.kosmolat.eu\/lt\/wp-json\/wp\/v2\/media\/90258"}],"wp:attachment":[{"href":"https:\/\/e.kosmolat.eu\/lt\/wp-json\/wp\/v2\/media?parent=45851"}],"wp:term":[{"taxonomy":"product_cat","embeddable":true,"href":"https:\/\/e.kosmolat.eu\/lt\/wp-json\/wp\/v2\/product_cat?post=45851"},{"taxonomy":"product_tag","embeddable":true,"href":"https:\/\/e.kosmolat.eu\/lt\/wp-json\/wp\/v2\/product_tag?post=45851"}],"curies":[{"name":"wp","href":"https:\/\/api.w.org\/{rel}","templated":true}]}}