{"id":45843,"date":"2024-02-29T05:17:18","date_gmt":"2024-02-29T05:17:18","guid":{"rendered":"https:\/\/e.kosmolat.eu\/product\/hs-crazy-hair-matu-lamines-zel-zemas-porain-matiem-ar-meza-ogu-arom-300-ml\/"},"modified":"2025-09-20T02:44:53","modified_gmt":"2025-09-20T02:44:53","slug":"i_hs-crazy-hair-matu-lamines-zel-zemas-porain-matiem-ar-meza-ogu-arom-300-ml","status":"publish","type":"product","link":"https:\/\/e.kosmolat.eu\/lt\/produktas\/i_hs-crazy-hair-matu-lamines-zel-zemas-porain-matiem-ar-meza-ogu-arom-300-ml\/","title":{"rendered":"I_HISKIN Crazy Hair \u017del\u0117 ma\u017eo poringumo plauk\u0173 laminavimui su mi\u0161ko uog\u0173 aromatu, 300 ml"},"content":{"rendered":"<p>Mi&scaron;ko uog\u0173 aromato m\u0117lyna plauk\u0173 \u017eel\u0117 ant j\u016bs\u0173 plauk\u0173 sukurs subtili\u0105 pl\u0117vel\u0119, kuri apsaugos juos nuo mechanini\u0173 pa\u017eeidim\u0173, dr\u0117gm\u0117s pertekliaus ir pernelyg auk&scaron;t\u0173 temperat\u016br\u0173, o taip pat suteiks plaukams ne\u012ftik\u0117tino glotnumo, &scaron;velnumo ir \u017evilgesio.<\/p>\n<p><strong>Kas suteikia WOW efekt\u0105?<\/strong><\/p>\n<ul>\n<li>Trehaloz\u0117, karbamidas, augalinis glikolis ir gliukonolaktonas dr\u0117kina ir sulaiko vanden\u012f plauk\u0173 strukt\u016broje.<\/li>\n<li>Babassu aliejus &ndash; atkuria, glotnina, mink&scaron;tina ir saugo plaukus nuo neigiamo aplinkos poveikio.<\/li>\n<li>Hidrolizuoti \u017eirni\u0173 ir augaliniai baltymai atkuria ir u\u017ekerta keli\u0105 statinei elektrai, mink&scaron;tina ir glotnina plaukus.<\/li>\n<\/ul>\n<p><strong>Naudojimas: <\/strong>nedidel\u012f kiek\u012f \u017eel\u0117 paskirstykite ant dr\u0117gn\u0173 plauk\u0173. Palikite 10-15 minu\u010di\u0173, tada nuplaukite &scaron;iltu vandeniu. Naudokite 1-2 kartus per savait\u0119.<\/p>\n<p>Dermatologi&scaron;kai patikrintas.<br \/>\n&nbsp;<\/p>\n","protected":false},"excerpt":{"rendered":"<p>Mi&scaron;ko uog\u0173 aromato m\u0117lyna plauk\u0173 \u017eel\u0117 ant j\u016bs\u0173 plauk\u0173 sukurs subtili\u0105 pl\u0117vel\u0119, kuri apsaugos juos nuo mechanini\u0173 pa\u017eeidim\u0173, dr\u0117gm\u0117s pertekliaus ir pernelyg auk&scaron;t\u0173 temperat\u016br\u0173, o taip pat suteiks plaukams ne\u012ftik\u0117tino glotnumo, &scaron;velnumo ir \u017evilgesio. Kas suteikia WOW efekt\u0105? Trehaloz\u0117, karbamidas, augalinis glikolis ir gliukonolaktonas dr\u0117kina ir sulaiko vanden\u012f plauk\u0173 strukt\u016broje. Babassu aliejus &ndash; atkuria, glotnina, [&#8230;]\n","protected":false},"featured_media":90254,"template":"","meta":[],"product_cat":[1640],"product_tag":[],"class_list":{"0":"post-45843","1":"product","2":"type-product","3":"status-publish","4":"has-post-thumbnail","6":"product_brand-hiskin_pl-lt","7":"product_cat-balzamai","9":"first","10":"outofstock","11":"taxable","12":"shipping-taxable","13":"product-type-simple"},"_links":{"self":[{"href":"https:\/\/e.kosmolat.eu\/lt\/wp-json\/wp\/v2\/product\/45843","targetHints":{"allow":["GET"]}}],"collection":[{"href":"https:\/\/e.kosmolat.eu\/lt\/wp-json\/wp\/v2\/product"}],"about":[{"href":"https:\/\/e.kosmolat.eu\/lt\/wp-json\/wp\/v2\/types\/product"}],"wp:featuredmedia":[{"embeddable":true,"href":"https:\/\/e.kosmolat.eu\/lt\/wp-json\/wp\/v2\/media\/90254"}],"wp:attachment":[{"href":"https:\/\/e.kosmolat.eu\/lt\/wp-json\/wp\/v2\/media?parent=45843"}],"wp:term":[{"taxonomy":"product_cat","embeddable":true,"href":"https:\/\/e.kosmolat.eu\/lt\/wp-json\/wp\/v2\/product_cat?post=45843"},{"taxonomy":"product_tag","embeddable":true,"href":"https:\/\/e.kosmolat.eu\/lt\/wp-json\/wp\/v2\/product_tag?post=45843"}],"curies":[{"name":"wp","href":"https:\/\/api.w.org\/{rel}","templated":true}]}}