{"id":45819,"date":"2024-02-29T05:16:25","date_gmt":"2024-02-29T05:16:25","guid":{"rendered":"https:\/\/e.kosmolat.eu\/product\/hs-crazy-hair-ellu-mais-zem-un-videj-porain-matiem-ar-apelsina-aromatu-100-ml\/"},"modified":"2026-04-15T11:07:14","modified_gmt":"2026-04-15T11:07:14","slug":"hs-crazy-hair-ellu-mais-zem-un-videj-porain-matiem-ar-apelsina-aromatu-100-ml","status":"publish","type":"product","link":"https:\/\/e.kosmolat.eu\/lt\/produktas\/hs-crazy-hair-ellu-mais-zem-un-videj-porain-matiem-ar-apelsina-aromatu-100-ml\/","title":{"rendered":"HISKIN Crazy Hair Aliej\u0173 mi\u0161inys ma\u017eo ir vidutinio poringumo plaukams su apelsin\u0173 kvapu, 100 ml"},"content":{"rendered":"<p>Aliej\u0173 mi&scaron;inys susideda tik i&scaron; nat\u016brali\u0173 augalini\u0173 aliej\u0173, o juose esan\u010dios riebiosios r\u016bg&scaron;tys buvo specialiai parinktos ma\u017eo ir vidutinio poringumo plaukams.<br \/>\nNat\u016bral\u016bs augaliniai aliejai padeda palaikyti plauk\u0173 hidratacij\u0105, tod\u0117l plaukai tampa sveikesni, &scaron;velnesni ir lygesni.<\/p>\n<p><strong>Kas suteikia WOW efekt\u0105?<\/strong><\/p>\n<ul>\n<li>4 augalini\u0173 aliej\u0173 mi&scaron;inys &ndash; ry\u017ei\u0173, saul\u0117gr\u0105\u017e\u0173, avokad\u0173 ir sald\u017ei\u0173j\u0173 migdol\u0173 aliejaus. Mi&scaron;inio prana&scaron;umas yra didel\u0117s dalel\u0117s, kurios puikiai u\u017epildo tarpas tarp plauk\u0173 \u017evyneli\u0173, tod\u0117l sruogos tampa mink&scaron;tos ir akivaizd\u017eiai lygesn\u0117s. Juose taip pat gausu omega-9 polineso\u010di\u0173j\u0173 riebal\u0173 r\u016bg&scaron;\u010di\u0173.<\/li>\n<li>Apelsin\u0173 aliejus &ndash; turi aromaterapin\u012f poveik\u012f, pripildys energijos ir pagerins nuotaik\u0105. Be to, plaukai tampa &scaron;velnesni ir \u017evilgantys.<\/li>\n<\/ul>\n<p><strong>Naudojimas:<\/strong> nedidel\u012f kiek\u012f aliejaus paskirstykite ant deln\u0173 ir paskirstykite per sausus plaukus. Palikite 30-60 minu\u010di\u0173, tada nuplaukite &scaron;iltu vandeniu. Galite palikti per nakt\u012f.<\/p>\n<p><strong>Naudingi patarimai:<\/strong><\/p>\n<ul>\n<li>Produkt\u0105 geriausia naudoti su tos pa\u010dios linijos &nbsp;kondicionieriumi.<\/li>\n<li>Norint efektyviai pa&scaron;alinti riebalus i&scaron; plauk\u0173, rekomenduojame aliej\u0173 emulguoti su kondicionieriumi. Tiesiog 20 minu\u010di\u0173 prie&scaron; plovim\u0105 &scaron;amp\u016bnu i&scaron;tepkite dr\u0117gnus plaukus reikiamu kiekiu kondicionieriaus.<\/li>\n<\/ul>\n<p>Dermatologi&scaron;kai patikrintas.<br \/>\n&nbsp;<\/p>\n","protected":false},"excerpt":{"rendered":"<p>Aliej\u0173 mi&scaron;inys susideda tik i&scaron; nat\u016brali\u0173 augalini\u0173 aliej\u0173, o juose esan\u010dios riebiosios r\u016bg&scaron;tys buvo specialiai parinktos ma\u017eo ir vidutinio poringumo plaukams. Nat\u016bral\u016bs augaliniai aliejai padeda palaikyti plauk\u0173 hidratacij\u0105, tod\u0117l plaukai tampa sveikesni, &scaron;velnesni ir lygesni. Kas suteikia WOW efekt\u0105? 4 augalini\u0173 aliej\u0173 mi&scaron;inys &ndash; ry\u017ei\u0173, saul\u0117gr\u0105\u017e\u0173, avokad\u0173 ir sald\u017ei\u0173j\u0173 migdol\u0173 aliejaus. Mi&scaron;inio prana&scaron;umas yra didel\u0117s [&#8230;]\n","protected":false},"featured_media":90242,"template":"","meta":[],"product_cat":[2181],"product_tag":[],"class_list":{"0":"post-45819","1":"product","2":"type-product","3":"status-publish","4":"has-post-thumbnail","6":"product_brand-hiskin_pl-lt","7":"product_cat-bez-kategorijas-lt","9":"first","10":"instock","11":"taxable","12":"shipping-taxable","13":"product-type-simple"},"_links":{"self":[{"href":"https:\/\/e.kosmolat.eu\/lt\/wp-json\/wp\/v2\/product\/45819","targetHints":{"allow":["GET"]}}],"collection":[{"href":"https:\/\/e.kosmolat.eu\/lt\/wp-json\/wp\/v2\/product"}],"about":[{"href":"https:\/\/e.kosmolat.eu\/lt\/wp-json\/wp\/v2\/types\/product"}],"wp:featuredmedia":[{"embeddable":true,"href":"https:\/\/e.kosmolat.eu\/lt\/wp-json\/wp\/v2\/media\/90242"}],"wp:attachment":[{"href":"https:\/\/e.kosmolat.eu\/lt\/wp-json\/wp\/v2\/media?parent=45819"}],"wp:term":[{"taxonomy":"product_cat","embeddable":true,"href":"https:\/\/e.kosmolat.eu\/lt\/wp-json\/wp\/v2\/product_cat?post=45819"},{"taxonomy":"product_tag","embeddable":true,"href":"https:\/\/e.kosmolat.eu\/lt\/wp-json\/wp\/v2\/product_tag?post=45819"}],"curies":[{"name":"wp","href":"https:\/\/api.w.org\/{rel}","templated":true}]}}