{"id":45803,"date":"2024-02-29T05:15:55","date_gmt":"2024-02-29T05:15:55","guid":{"rendered":"https:\/\/e.kosmolat.eu\/product\/hs-crazy-hair-proteina-kondic-ar-sokolades-aromatu-250-ml\/"},"modified":"2026-04-23T07:46:24","modified_gmt":"2026-04-23T07:46:24","slug":"hs-crazy-hair-proteina-kondic-ar-sokolades-aromatu-250-ml","status":"publish","type":"product","link":"https:\/\/e.kosmolat.eu\/lt\/produktas\/hs-crazy-hair-proteina-kondic-ar-sokolades-aromatu-250-ml\/","title":{"rendered":"HISKIN Crazy Hair Protein kondicionierius garbanotiems ir \u0161iurk\u0161tiems plaukams su \u0161okolado aromatu,"},"content":{"rendered":"<p>Baltyminis kondicionierius suteiks j\u016bs\u0173 plaukams sveikos apimties ir \u017evilgesio, vizualiai padarys juos &scaron;velnesnius ir lygesnius. Ypa\u010d tinka garbanotiems, &scaron;iurk&scaron;tiems ir storiems plaukams.<\/p>\n<p><strong>PEH balansas:<\/strong><br \/>\nProduktas sukurtas taip, kad i&scaron;laikyt\u0173 baltym\u0173, emolient\u0173 ir dr\u0117gm\u0119 i&scaron;laikan\u010di\u0173 med\u017eiag\u0173 (PEH) &ndash; trij\u0173 pagrindini\u0173 plauk\u0173 prie\u017ei\u016bros element\u0173 &ndash; pusiausvyr\u0105.<\/p>\n<p><strong>Kas suteikia WOW efekt\u0105?<\/strong><\/p>\n<ul>\n<li>Sud\u0117tyje esantys hidrolizuoti ry\u017ei\u0173, kukur\u016bz\u0173 ir kvie\u010di\u0173 baltymai neleid\u017eia plaukams elektrintis, mink&scaron;tina ir padaro plaukus pastebimai glotnius.<\/li>\n<li>Argininas yra nat\u016braliai randama aminor\u016bg&scaron;tis. Argininas suteikia plaukams papildomos apimties ir skatina j\u0173 augim\u0105, skatindamas veikli\u0173j\u0173 med\u017eiag\u0173 \u012fsiskverbim\u0105 \u012f galvos od\u0105.<\/li>\n<\/ul>\n<p><strong>Naudojimas: <\/strong>nedidel\u012f kiek\u012f priemon\u0117s paskirstykite ant dr\u0117gn\u0173 nusausint\u0173 plauk\u0173. Po keli\u0173 minu\u010di\u0173 nuplaukite. Nor\u0117dami gauti geriausius rezultatus, palikite ant plauk\u0173 apie 20-30 minu\u010di\u0173.<\/p>\n<p>Dermatologi&scaron;kai patikrintas.<br \/>\n&nbsp;<\/p>\n","protected":false},"excerpt":{"rendered":"<p>Baltyminis kondicionierius suteiks j\u016bs\u0173 plaukams sveikos apimties ir \u017evilgesio, vizualiai padarys juos &scaron;velnesnius ir lygesnius. Ypa\u010d tinka garbanotiems, &scaron;iurk&scaron;tiems ir storiems plaukams. PEH balansas: Produktas sukurtas taip, kad i&scaron;laikyt\u0173 baltym\u0173, emolient\u0173 ir dr\u0117gm\u0119 i&scaron;laikan\u010di\u0173 med\u017eiag\u0173 (PEH) &ndash; trij\u0173 pagrindini\u0173 plauk\u0173 prie\u017ei\u016bros element\u0173 &ndash; pusiausvyr\u0105. Kas suteikia WOW efekt\u0105? Sud\u0117tyje esantys hidrolizuoti ry\u017ei\u0173, kukur\u016bz\u0173 ir kvie\u010di\u0173 [&#8230;]\n","protected":false},"featured_media":90234,"template":"","meta":[],"product_cat":[1640],"product_tag":[],"class_list":{"0":"post-45803","1":"product","2":"type-product","3":"status-publish","4":"has-post-thumbnail","6":"product_brand-hiskin_pl-lt","7":"product_cat-balzamai","9":"first","10":"instock","11":"taxable","12":"shipping-taxable","13":"product-type-simple"},"_links":{"self":[{"href":"https:\/\/e.kosmolat.eu\/lt\/wp-json\/wp\/v2\/product\/45803","targetHints":{"allow":["GET"]}}],"collection":[{"href":"https:\/\/e.kosmolat.eu\/lt\/wp-json\/wp\/v2\/product"}],"about":[{"href":"https:\/\/e.kosmolat.eu\/lt\/wp-json\/wp\/v2\/types\/product"}],"wp:featuredmedia":[{"embeddable":true,"href":"https:\/\/e.kosmolat.eu\/lt\/wp-json\/wp\/v2\/media\/90234"}],"wp:attachment":[{"href":"https:\/\/e.kosmolat.eu\/lt\/wp-json\/wp\/v2\/media?parent=45803"}],"wp:term":[{"taxonomy":"product_cat","embeddable":true,"href":"https:\/\/e.kosmolat.eu\/lt\/wp-json\/wp\/v2\/product_cat?post=45803"},{"taxonomy":"product_tag","embeddable":true,"href":"https:\/\/e.kosmolat.eu\/lt\/wp-json\/wp\/v2\/product_tag?post=45803"}],"curies":[{"name":"wp","href":"https:\/\/api.w.org\/{rel}","templated":true}]}}