{"id":45795,"date":"2024-02-29T05:15:40","date_gmt":"2024-02-29T05:15:40","guid":{"rendered":"https:\/\/e.kosmolat.eu\/product\/hs-crazy-hair-mitrinoss-kondic-ar-kosl-gumijas-arom-250-ml\/"},"modified":"2025-09-20T02:43:25","modified_gmt":"2025-09-20T02:43:25","slug":"i_hs-crazy-hair-mitrinoss-kondic-ar-kosl-gumijas-arom-250-ml","status":"publish","type":"product","link":"https:\/\/e.kosmolat.eu\/lt\/produktas\/i_hs-crazy-hair-mitrinoss-kondic-ar-kosl-gumijas-arom-250-ml\/","title":{"rendered":"I_HISKIN Crazy Hair Dr\u0117kinamasis kondicioniesausiems ir \u0161iurk\u0161tiems plaukams su kramtomos gumos a"},"content":{"rendered":"<p>Kondicionieriuje yra daug dr\u0117gm\u0119 i&scaron;laikan\u010di\u0173 med\u017eiag\u0173, t.y. dr\u0117gm\u0119 sulaikan\u010dio poveikio ingredientai, kuri\u0173 u\u017eduotis &ndash; i&scaron;laikyti dr\u0117gm\u0119 plauk\u0173 strukt\u016broje. D\u0117l &scaron;i\u0173 galing\u0173 ingredient\u0173 j\u016bs\u0173 plaukai taps elastingesni, lygesni ir \u017evilgantys.<\/p>\n<p><strong>PEH balansas<\/strong><br \/>\nProduktas sukurtas taip, kad i&scaron;laikyt\u0173 baltym\u0173, emolient\u0173 ir dr\u0117gm\u0119 i&scaron;laikan\u010di\u0173 med\u017eiag\u0173 (PEH) &ndash; trij\u0173 pagrindini\u0173 plauk\u0173 prie\u017ei\u016bros element\u0173 &ndash; pusiausvyr\u0105.<\/p>\n<p><strong>Kas suteikia WOW efekt\u0105?<\/strong><\/p>\n<ul>\n<li>Propanediolis yra nat\u016bralus augalin\u0117s kilm\u0117s ingredientas. Apsaugo plaukus nuo dr\u0117gm\u0117s praradimo ir suteikia gil\u0173 bei ilgalaik\u012f dr\u0117kinim\u0105 (iki 72 valand\u0173).<\/li>\n<li>Trehaloz\u0117, karbamidas ir alavij\u0173 sultys yra galingos dr\u0117gm\u0119 i&scaron;laikan\u010dios med\u017eiagos, kuri\u0173 derinys papildo itin dr\u0117kinant\u012f formul\u0117s poveik\u012f.<\/li>\n<li>Gardenij\u0173 ekstraktas ir ro\u017ei\u0173 hidrolatas &ndash; stiprina plauk\u0173 &scaron;aknis ir efektyviai atkuria plauko strukt\u016br\u0105, tod\u0117l jie tobulai glotn\u016bs.<\/li>\n<\/ul>\n<p><strong>Naudojimas:<\/strong> nedidel\u012f kiek\u012f priemon\u0117s paskirstykite ant dr\u0117gn\u0173 nusausint\u0173 plauk\u0173. Po keli\u0173 minu\u010di\u0173 nuplaukite. Nor\u0117dami gauti geriausius rezultatus, palikite ant plauk\u0173 apie 20-30 minu\u010di\u0173.<\/p>\n<p>Dermatologi&scaron;kai patikrintas.<br \/>\n&nbsp;<\/p>\n","protected":false},"excerpt":{"rendered":"<p>Kondicionieriuje yra daug dr\u0117gm\u0119 i&scaron;laikan\u010di\u0173 med\u017eiag\u0173, t.y. dr\u0117gm\u0119 sulaikan\u010dio poveikio ingredientai, kuri\u0173 u\u017eduotis &ndash; i&scaron;laikyti dr\u0117gm\u0119 plauk\u0173 strukt\u016broje. D\u0117l &scaron;i\u0173 galing\u0173 ingredient\u0173 j\u016bs\u0173 plaukai taps elastingesni, lygesni ir \u017evilgantys. PEH balansas Produktas sukurtas taip, kad i&scaron;laikyt\u0173 baltym\u0173, emolient\u0173 ir dr\u0117gm\u0119 i&scaron;laikan\u010di\u0173 med\u017eiag\u0173 (PEH) &ndash; trij\u0173 pagrindini\u0173 plauk\u0173 prie\u017ei\u016bros element\u0173 &ndash; pusiausvyr\u0105. Kas suteikia WOW efekt\u0105? [&#8230;]\n","protected":false},"featured_media":90230,"template":"","meta":[],"product_cat":[1640],"product_tag":[],"class_list":{"0":"post-45795","1":"product","2":"type-product","3":"status-publish","4":"has-post-thumbnail","6":"product_brand-hiskin_pl-lt","7":"product_cat-balzamai","9":"first","10":"outofstock","11":"taxable","12":"shipping-taxable","13":"product-type-simple"},"_links":{"self":[{"href":"https:\/\/e.kosmolat.eu\/lt\/wp-json\/wp\/v2\/product\/45795","targetHints":{"allow":["GET"]}}],"collection":[{"href":"https:\/\/e.kosmolat.eu\/lt\/wp-json\/wp\/v2\/product"}],"about":[{"href":"https:\/\/e.kosmolat.eu\/lt\/wp-json\/wp\/v2\/types\/product"}],"wp:featuredmedia":[{"embeddable":true,"href":"https:\/\/e.kosmolat.eu\/lt\/wp-json\/wp\/v2\/media\/90230"}],"wp:attachment":[{"href":"https:\/\/e.kosmolat.eu\/lt\/wp-json\/wp\/v2\/media?parent=45795"}],"wp:term":[{"taxonomy":"product_cat","embeddable":true,"href":"https:\/\/e.kosmolat.eu\/lt\/wp-json\/wp\/v2\/product_cat?post=45795"},{"taxonomy":"product_tag","embeddable":true,"href":"https:\/\/e.kosmolat.eu\/lt\/wp-json\/wp\/v2\/product_tag?post=45795"}],"curies":[{"name":"wp","href":"https:\/\/api.w.org\/{rel}","templated":true}]}}