{"id":45787,"date":"2024-02-29T05:15:24","date_gmt":"2024-02-29T05:15:24","guid":{"rendered":"https:\/\/e.kosmolat.eu\/product\/hs-crazy-hair-mikstinoss-kondicionier-ar-bananu-arom-250-ml\/"},"modified":"2026-04-23T09:56:12","modified_gmt":"2026-04-23T09:56:12","slug":"hs-crazy-hair-mikstinoss-kondicionier-ar-bananu-arom-250-ml","status":"publish","type":"product","link":"https:\/\/e.kosmolat.eu\/lt\/produktas\/hs-crazy-hair-mikstinoss-kondicionier-ar-bananu-arom-250-ml\/","title":{"rendered":"HISKIN Crazy Hair Mink\u0161tinantis kondicionierius sausiems ir pa\u017eeistiems plaukams su banan\u0173 aromatu,"},"content":{"rendered":"<p>Su dr\u0117kinamaisiais ingredientais ir aliejais &scaron;is mink&scaron;tinantis kondicionierius sukuria apsaugin\u012f sluoksn\u012f aplink j\u016bs\u0173 plauk\u0173 strukt\u016br\u0105, tod\u0117l juos lie\u010diant, jie ne\u012ftik\u0117tinai glotn\u016bs. Ypa\u010d tinka por\u0117tiems, sausiems ir pa\u017eeistiems plaukams.<\/p>\n<p><strong>PEH balansas:<\/strong><br \/>\nProduktas sukurtas taip, kad i&scaron;laikyt\u0173 baltym\u0173, emolient\u0173 ir dr\u0117gm\u0119 i&scaron;laikan\u010di\u0173 med\u017eiag\u0173 (PEH) &ndash; trij\u0173 pagrindini\u0173 plauk\u0173 prie\u017ei\u016bros element\u0173 &ndash; pusiausvyr\u0105.<\/p>\n<p><strong>Kas suteikia WOW efekt\u0105?<\/strong><\/p>\n<ul>\n<li>Emollient Blend &ndash; maitinam\u0173j\u0173 saul\u0117gr\u0105\u017e\u0173, avokad\u0173, sald\u017ei\u0173j\u0173 migdol\u0173 ir taukmed\u017ei\u0173 sviesto augalini\u0173 aliej\u0173 mi&scaron;inys. Jie suteikia plaukams sveik\u0105 blizges\u012f ir apsaugo juos nuo neigiamo i&scaron;orini\u0173 veiksni\u0173, toki\u0173 kaip tar&scaron;a, poveikio.<\/li>\n<li>Mang\u0173 ir banan\u0173 ekstraktas &ndash; atsakingas u\u017e j\u016bs\u0173 plauk\u0173 maitinim\u0105, suteikia jiems &scaron;velnumo ir \u017evilgesio.<\/li>\n<li>Gardenij\u0173 ekstraktas &ndash; neleid\u017eia plaukams elektrintis.<\/li>\n<\/ul>\n<p><strong>Naudojimas: <\/strong>nedidel\u012f kiek\u012f priemon\u0117s paskirstykite ant dr\u0117gn\u0173 nusausint\u0173 plauk\u0173. Po keli\u0173 minu\u010di\u0173 nuplaukite. Nor\u0117dami gauti geriausius rezultatus, palikite ant plauk\u0173 apie 20-30 minu\u010di\u0173.<\/p>\n<p>Dermatologi&scaron;kai patikrintas.<br \/>\n&nbsp;<\/p>\n","protected":false},"excerpt":{"rendered":"<p>Su dr\u0117kinamaisiais ingredientais ir aliejais &scaron;is mink&scaron;tinantis kondicionierius sukuria apsaugin\u012f sluoksn\u012f aplink j\u016bs\u0173 plauk\u0173 strukt\u016br\u0105, tod\u0117l juos lie\u010diant, jie ne\u012ftik\u0117tinai glotn\u016bs. Ypa\u010d tinka por\u0117tiems, sausiems ir pa\u017eeistiems plaukams. PEH balansas: Produktas sukurtas taip, kad i&scaron;laikyt\u0173 baltym\u0173, emolient\u0173 ir dr\u0117gm\u0119 i&scaron;laikan\u010di\u0173 med\u017eiag\u0173 (PEH) &ndash; trij\u0173 pagrindini\u0173 plauk\u0173 prie\u017ei\u016bros element\u0173 &ndash; pusiausvyr\u0105. Kas suteikia WOW efekt\u0105? Emollient [&#8230;]\n","protected":false},"featured_media":90226,"template":"","meta":[],"product_cat":[1640],"product_tag":[],"class_list":{"0":"post-45787","1":"product","2":"type-product","3":"status-publish","4":"has-post-thumbnail","6":"product_brand-hiskin_pl-lt","7":"product_cat-balzamai","9":"first","10":"instock","11":"taxable","12":"shipping-taxable","13":"product-type-simple"},"_links":{"self":[{"href":"https:\/\/e.kosmolat.eu\/lt\/wp-json\/wp\/v2\/product\/45787","targetHints":{"allow":["GET"]}}],"collection":[{"href":"https:\/\/e.kosmolat.eu\/lt\/wp-json\/wp\/v2\/product"}],"about":[{"href":"https:\/\/e.kosmolat.eu\/lt\/wp-json\/wp\/v2\/types\/product"}],"wp:featuredmedia":[{"embeddable":true,"href":"https:\/\/e.kosmolat.eu\/lt\/wp-json\/wp\/v2\/media\/90226"}],"wp:attachment":[{"href":"https:\/\/e.kosmolat.eu\/lt\/wp-json\/wp\/v2\/media?parent=45787"}],"wp:term":[{"taxonomy":"product_cat","embeddable":true,"href":"https:\/\/e.kosmolat.eu\/lt\/wp-json\/wp\/v2\/product_cat?post=45787"},{"taxonomy":"product_tag","embeddable":true,"href":"https:\/\/e.kosmolat.eu\/lt\/wp-json\/wp\/v2\/product_tag?post=45787"}],"curies":[{"name":"wp","href":"https:\/\/api.w.org\/{rel}","templated":true}]}}