{"id":45779,"date":"2024-02-29T05:14:33","date_gmt":"2024-02-29T05:14:33","guid":{"rendered":"https:\/\/e.kosmolat.eu\/product\/hs-crazy-hair-dzili-attiross-sampuns-ar-avenu-un-mell-aromatu-300-ml\/"},"modified":"2026-04-23T09:55:53","modified_gmt":"2026-04-23T09:55:53","slug":"hs-crazy-hair-dzili-attiross-sampuns-ar-avenu-un-mell-aromatu-300-ml","status":"publish","type":"product","link":"https:\/\/e.kosmolat.eu\/lt\/produktas\/hs-crazy-hair-dzili-attiross-sampuns-ar-avenu-un-mell-aromatu-300-ml\/","title":{"rendered":"HISKIN Crazy Hair Giliai valantis \u0161amp\u016bnas su avie\u010di\u0173 ir m\u0117lyni\u0173 aromatu, 300 ml"},"content":{"rendered":"<p>Intensyvus &scaron;amp\u016bnas giliam galvos odos ir plauk\u0173 valymui. Sukurta i&scaron; giliai valan\u010di\u0173, ta\u010diau odai nekenksming\u0173 putojan\u010di\u0173 ingredient\u0173. D\u0117l &scaron;ios prie\u017easties jis efektyviai i&scaron;valo galvos od\u0105 ir plaukus nuo ne&scaron;varum\u0173, riebal\u0173 pertekliaus ir kosmetikos liku\u010di\u0173. Palieka plaukus lengvus, purius ir paruo&scaron;tus kitiems prie\u017ei\u016bros \u017eingsniams!<\/p>\n<p><strong>Galvos odos balansas:<\/strong><br \/>\nKruop&scaron;\u010diai parinktas valymo priemoni\u0173 ir veikli\u0173j\u0173 med\u017eiag\u0173 derinys u\u017etikrina teising\u0105 galvos odos balans\u0105, netrikdydamas nat\u016brali\u0173 proces\u0173.<\/p>\n<p><strong>Kaip tai veikia?<\/strong><br \/>\nNatrio kokosulfatas (SCS) ir kokamidopropilo betainas veiksmingas anijonini\u0173 ir amfoterini\u0173 valom\u0173j\u0173 komponent\u0173 derinys kruop&scaron;\u010diai i&scaron;valo galvos od\u0105 ir pakelia plaukus prie &scaron;akn\u0173.<\/p>\n<p><strong>Kas suteikia WOW efekt\u0105?<\/strong><br \/>\nRy\u017ei\u0173, kukur\u016bz\u0173 ir kvie\u010di\u0173 baltymai. Augaliniai baltymai puikiai papildo plauk\u0173 prie\u017ei\u016br\u0105, greitai \u012fsiskverbia \u012f plauko strukt\u016br\u0105 ir atkuria plaukus, saugo juos nuo pa\u017eeidim\u0173. Trehaloz\u0117, pantenolis ir karbamidas puikiai dr\u0117kina ir i&scaron;laiko dr\u0117gm\u0119 plauk\u0173 strukt\u016broje.<\/p>\n<p><strong>Naudojimas:<\/strong> u\u017etepkite &scaron;amp\u016bn\u0105 ant rank\u0173 ir &scaron;velniai \u012fmasa\u017euokite \u012f dr\u0117gnus plaukus ir galvos od\u0105. Suputokite, o po to kruop&scaron;\u010diai nuplaukite &scaron;iltu vandeniu.<\/p>\n<p><strong>Naudingi patarimai!<\/strong><\/p>\n<ul>\n<li>Rekomenduojama plauti tik galv\u0105. N\u0117ra b\u016btina tepti produkto per vis\u0105 plauk\u0173 ilg\u012f.<\/li>\n<li>Prie&scaron; naudodami &scaron;amp\u016bn\u0105 praskieskite vandeniu, kad valymas b\u016bt\u0173 &scaron;velnesnis. Tai galite padaryti rankose, \u012f delnus \u012fpyl\u0119 &scaron;iek tiek vandens arba atskiesdami &scaron;amp\u016bn\u0105 trupu\u010diu vandens puodelyje.<\/li>\n<\/ul>\n<p>Dermatologi&scaron;kai patikrintas.<br \/>\n&nbsp;<\/p>\n","protected":false},"excerpt":{"rendered":"<p>Intensyvus &scaron;amp\u016bnas giliam galvos odos ir plauk\u0173 valymui. Sukurta i&scaron; giliai valan\u010di\u0173, ta\u010diau odai nekenksming\u0173 putojan\u010di\u0173 ingredient\u0173. D\u0117l &scaron;ios prie\u017easties jis efektyviai i&scaron;valo galvos od\u0105 ir plaukus nuo ne&scaron;varum\u0173, riebal\u0173 pertekliaus ir kosmetikos liku\u010di\u0173. Palieka plaukus lengvus, purius ir paruo&scaron;tus kitiems prie\u017ei\u016bros \u017eingsniams! Galvos odos balansas: Kruop&scaron;\u010diai parinktas valymo priemoni\u0173 ir veikli\u0173j\u0173 med\u017eiag\u0173 derinys u\u017etikrina [&#8230;]\n","protected":false},"featured_media":78063,"template":"","meta":[],"product_cat":[1251],"product_tag":[],"class_list":{"0":"post-45779","1":"product","2":"type-product","3":"status-publish","4":"has-post-thumbnail","6":"product_brand-hiskin_pl-lt","7":"product_cat-sampunai","9":"first","10":"instock","11":"taxable","12":"shipping-taxable","13":"product-type-simple"},"_links":{"self":[{"href":"https:\/\/e.kosmolat.eu\/lt\/wp-json\/wp\/v2\/product\/45779","targetHints":{"allow":["GET"]}}],"collection":[{"href":"https:\/\/e.kosmolat.eu\/lt\/wp-json\/wp\/v2\/product"}],"about":[{"href":"https:\/\/e.kosmolat.eu\/lt\/wp-json\/wp\/v2\/types\/product"}],"wp:featuredmedia":[{"embeddable":true,"href":"https:\/\/e.kosmolat.eu\/lt\/wp-json\/wp\/v2\/media\/78063"}],"wp:attachment":[{"href":"https:\/\/e.kosmolat.eu\/lt\/wp-json\/wp\/v2\/media?parent=45779"}],"wp:term":[{"taxonomy":"product_cat","embeddable":true,"href":"https:\/\/e.kosmolat.eu\/lt\/wp-json\/wp\/v2\/product_cat?post=45779"},{"taxonomy":"product_tag","embeddable":true,"href":"https:\/\/e.kosmolat.eu\/lt\/wp-json\/wp\/v2\/product_tag?post=45779"}],"curies":[{"name":"wp","href":"https:\/\/api.w.org\/{rel}","templated":true}]}}