{"id":45739,"date":"2024-02-29T05:12:44","date_gmt":"2024-02-29T05:12:44","guid":{"rendered":"https:\/\/e.kosmolat.eu\/product\/bd-color-mania-acu-enas-palete-nr-034\/"},"modified":"2025-09-19T18:00:22","modified_gmt":"2025-09-19T18:00:22","slug":"bd-color-mania-acu-enas-palete-034","status":"publish","type":"product","link":"https:\/\/e.kosmolat.eu\/lt\/produktas\/bd-color-mania-acu-enas-palete-034\/","title":{"rendered":"BELOR DESIGN COLOR MANIA \u0160e\u0161\u0117liai akims Palet\u0117 Nr. 034"},"content":{"rendered":"<p>Laikyti ne \u017eemesn\u0117je kaip 0 &deg;C ir ne auk\u0161tesn\u0117je kaip 25 &deg;C temperat\u016broje sausose patalpose, toliau nuo \u0161ildymo prietais\u0173. Venkite tiesiogini\u0173 saul\u0117s spinduli\u0173.<br \/>\nAtidarius sunaudoti per 12 m\u0117nesi\u0173.<br \/>\n&nbsp;<\/p>\n","protected":false},"excerpt":{"rendered":"<p>Laikyti ne \u017eemesn\u0117je kaip 0 &deg;C ir ne auk\u0161tesn\u0117je kaip 25 &deg;C temperat\u016broje sausose patalpose, toliau nuo \u0161ildymo prietais\u0173. Venkite tiesiogini\u0173 saul\u0117s spinduli\u0173. Atidarius sunaudoti per 12 m\u0117nesi\u0173. &nbsp;<\/p>\n","protected":false},"featured_media":81346,"template":"","meta":[],"product_cat":[1295],"product_tag":[],"class_list":{"0":"post-45739","1":"product","2":"type-product","3":"status-publish","4":"has-post-thumbnail","6":"product_brand-belordizain_by-lt","7":"product_cat-akiu-seseliai","9":"first","10":"outofstock","11":"taxable","12":"shipping-taxable","13":"product-type-simple"},"_links":{"self":[{"href":"https:\/\/e.kosmolat.eu\/lt\/wp-json\/wp\/v2\/product\/45739","targetHints":{"allow":["GET"]}}],"collection":[{"href":"https:\/\/e.kosmolat.eu\/lt\/wp-json\/wp\/v2\/product"}],"about":[{"href":"https:\/\/e.kosmolat.eu\/lt\/wp-json\/wp\/v2\/types\/product"}],"wp:featuredmedia":[{"embeddable":true,"href":"https:\/\/e.kosmolat.eu\/lt\/wp-json\/wp\/v2\/media\/81346"}],"wp:attachment":[{"href":"https:\/\/e.kosmolat.eu\/lt\/wp-json\/wp\/v2\/media?parent=45739"}],"wp:term":[{"taxonomy":"product_cat","embeddable":true,"href":"https:\/\/e.kosmolat.eu\/lt\/wp-json\/wp\/v2\/product_cat?post=45739"},{"taxonomy":"product_tag","embeddable":true,"href":"https:\/\/e.kosmolat.eu\/lt\/wp-json\/wp\/v2\/product_tag?post=45739"}],"curies":[{"name":"wp","href":"https:\/\/api.w.org\/{rel}","templated":true}]}}