{"id":45655,"date":"2024-02-29T05:07:50","date_gmt":"2024-02-29T05:07:50","guid":{"rendered":"https:\/\/e.kosmolat.eu\/product\/bd-sk-matetas-acu-enas-nude-harmony-tonis-4\/"},"modified":"2026-04-10T10:55:14","modified_gmt":"2026-04-10T10:55:14","slug":"bd-sk-matetas-acu-enas-4-nude-harmony","status":"publish","type":"product","link":"https:\/\/e.kosmolat.eu\/lt\/produktas\/bd-sk-matetas-acu-enas-4-nude-harmony\/","title":{"rendered":"BELOR DESIGN Nude Harmony Liquid matiniai aki\u0173 \u0161e\u0161\u0117liai, 4 tonas Keep Calm, 4,6 g"},"content":{"rendered":"<p>Laikyti nuo +5 &deg;\u0421 iki +30 &deg;\u0421 temperat\u016broje sausoje vietoje, toliau nuo &scaron;ildymo prietais\u0173, saugoti nuo tiesiogini\u0173 saul\u0117s spinduli\u0173.<\/p>\n","protected":false},"excerpt":{"rendered":"<p>Laikyti nuo +5 &deg;\u0421 iki +30 &deg;\u0421 temperat\u016broje sausoje vietoje, toliau nuo &scaron;ildymo prietais\u0173, saugoti nuo tiesiogini\u0173 saul\u0117s spinduli\u0173.<\/p>\n","protected":false},"featured_media":88018,"template":"","meta":[],"product_cat":[1295],"product_tag":[],"class_list":{"0":"post-45655","1":"product","2":"type-product","3":"status-publish","4":"has-post-thumbnail","6":"product_brand-belordizain_by-lt","7":"product_cat-akiu-seseliai","9":"first","10":"outofstock","11":"taxable","12":"shipping-taxable","13":"product-type-simple"},"_links":{"self":[{"href":"https:\/\/e.kosmolat.eu\/lt\/wp-json\/wp\/v2\/product\/45655","targetHints":{"allow":["GET"]}}],"collection":[{"href":"https:\/\/e.kosmolat.eu\/lt\/wp-json\/wp\/v2\/product"}],"about":[{"href":"https:\/\/e.kosmolat.eu\/lt\/wp-json\/wp\/v2\/types\/product"}],"wp:featuredmedia":[{"embeddable":true,"href":"https:\/\/e.kosmolat.eu\/lt\/wp-json\/wp\/v2\/media\/88018"}],"wp:attachment":[{"href":"https:\/\/e.kosmolat.eu\/lt\/wp-json\/wp\/v2\/media?parent=45655"}],"wp:term":[{"taxonomy":"product_cat","embeddable":true,"href":"https:\/\/e.kosmolat.eu\/lt\/wp-json\/wp\/v2\/product_cat?post=45655"},{"taxonomy":"product_tag","embeddable":true,"href":"https:\/\/e.kosmolat.eu\/lt\/wp-json\/wp\/v2\/product_tag?post=45655"}],"curies":[{"name":"wp","href":"https:\/\/api.w.org\/{rel}","templated":true}]}}