{"id":45615,"date":"2024-02-29T05:06:32","date_gmt":"2024-02-29T05:06:32","guid":{"rendered":"https:\/\/e.kosmolat.eu\/product\/bd-intellect-skropstu-tusa-level-up-volume\/"},"modified":"2025-09-19T23:39:09","modified_gmt":"2025-09-19T23:39:09","slug":"bd-intellect-skropstu-tusa-level-up-volume","status":"publish","type":"product","link":"https:\/\/e.kosmolat.eu\/lt\/produktas\/bd-intellect-skropstu-tusa-level-up-volume\/","title":{"rendered":"BELOR DESIGN Tu\u0161as blakstienoms Intellect pakelianti apimtis, juodas, 10.1 g"},"content":{"rendered":"<p>Laikyti nuo +5 &deg;C iki +25 &deg;C temperat\u016broje. Saugokite nuo tiesiogini\u0173 saul\u0117s spinduli\u0173 ir laikykite toliau nuo \u0161ildymo prietais\u0173.<\/p>\n","protected":false},"excerpt":{"rendered":"<p>Laikyti nuo +5 &deg;C iki +25 &deg;C temperat\u016broje. Saugokite nuo tiesiogini\u0173 saul\u0117s spinduli\u0173 ir laikykite toliau nuo \u0161ildymo prietais\u0173.<\/p>\n","protected":false},"featured_media":87262,"template":"","meta":[],"product_cat":[1382],"product_tag":[],"class_list":{"0":"post-45615","1":"product","2":"type-product","3":"status-publish","4":"has-post-thumbnail","6":"product_brand-belordizain_by-lt","7":"product_cat-tusai","9":"first","10":"outofstock","11":"taxable","12":"shipping-taxable","13":"product-type-simple"},"_links":{"self":[{"href":"https:\/\/e.kosmolat.eu\/lt\/wp-json\/wp\/v2\/product\/45615","targetHints":{"allow":["GET"]}}],"collection":[{"href":"https:\/\/e.kosmolat.eu\/lt\/wp-json\/wp\/v2\/product"}],"about":[{"href":"https:\/\/e.kosmolat.eu\/lt\/wp-json\/wp\/v2\/types\/product"}],"wp:featuredmedia":[{"embeddable":true,"href":"https:\/\/e.kosmolat.eu\/lt\/wp-json\/wp\/v2\/media\/87262"}],"wp:attachment":[{"href":"https:\/\/e.kosmolat.eu\/lt\/wp-json\/wp\/v2\/media?parent=45615"}],"wp:term":[{"taxonomy":"product_cat","embeddable":true,"href":"https:\/\/e.kosmolat.eu\/lt\/wp-json\/wp\/v2\/product_cat?post=45615"},{"taxonomy":"product_tag","embeddable":true,"href":"https:\/\/e.kosmolat.eu\/lt\/wp-json\/wp\/v2\/product_tag?post=45615"}],"curies":[{"name":"wp","href":"https:\/\/api.w.org\/{rel}","templated":true}]}}