{"id":45607,"date":"2024-02-29T05:06:06","date_gmt":"2024-02-29T05:06:06","guid":{"rendered":"https:\/\/e.kosmolat.eu\/product\/dilis-bijou-siev-smarzudens-vanilla-intense-18-ml\/"},"modified":"2025-09-20T01:47:59","modified_gmt":"2025-09-20T01:47:59","slug":"dilis-bijou-siev-smarzudens-vanilla-intense-18-ml","status":"publish","type":"product","link":"https:\/\/e.kosmolat.eu\/lt\/produktas\/dilis-bijou-siev-smarzudens-vanilla-intense-18-ml\/","title":{"rendered":"Dilis Bijou Moteri\u0161kas parfumuotas vanduo Vanilla Intense, 18 ml"},"content":{"rendered":"<p>Laikyti nuo +5 &deg;C iki +25 &deg;C temperat\u016broje. Nelaikykite kvepal\u0173 tiesioginiuose saul\u0117s spinduliuose arba &scaron;alia &scaron;ildymo prietais\u0173.<\/p>\n<p><strong>Atsargumo priemon\u0117s:<\/strong> Tik i&scaron;oriniam naudojimui. Vengti patekimo \u012f akis. Nepurk&scaron;kite &scaron;alia atviros liepsnos. &Scaron;io produkto naudojimas maistui yra pavojingas gyvybei ir sveikatai.<\/p>\n<p>Etilo alkoholio t\u016brin\u0117 dalis yra 80%.<br \/>\n&nbsp;<\/p>\n","protected":false},"excerpt":{"rendered":"<p>Laikyti nuo +5 &deg;C iki +25 &deg;C temperat\u016broje. Nelaikykite kvepal\u0173 tiesioginiuose saul\u0117s spinduliuose arba &scaron;alia &scaron;ildymo prietais\u0173. Atsargumo priemon\u0117s: Tik i&scaron;oriniam naudojimui. Vengti patekimo \u012f akis. Nepurk&scaron;kite &scaron;alia atviros liepsnos. &Scaron;io produkto naudojimas maistui yra pavojingas gyvybei ir sveikatai. Etilo alkoholio t\u016brin\u0117 dalis yra 80%. &nbsp;<\/p>\n","protected":false},"featured_media":89334,"template":"","meta":[],"product_cat":[1447],"product_tag":[],"class_list":{"0":"post-45607","1":"product","2":"type-product","3":"status-publish","4":"has-post-thumbnail","6":"product_brand-dilis-kosmetik_by-lt","7":"product_cat-kvepalai-ir-tualetinis-vanduo-moterims","9":"first","10":"outofstock","11":"taxable","12":"shipping-taxable","13":"product-type-simple"},"_links":{"self":[{"href":"https:\/\/e.kosmolat.eu\/lt\/wp-json\/wp\/v2\/product\/45607","targetHints":{"allow":["GET"]}}],"collection":[{"href":"https:\/\/e.kosmolat.eu\/lt\/wp-json\/wp\/v2\/product"}],"about":[{"href":"https:\/\/e.kosmolat.eu\/lt\/wp-json\/wp\/v2\/types\/product"}],"wp:featuredmedia":[{"embeddable":true,"href":"https:\/\/e.kosmolat.eu\/lt\/wp-json\/wp\/v2\/media\/89334"}],"wp:attachment":[{"href":"https:\/\/e.kosmolat.eu\/lt\/wp-json\/wp\/v2\/media?parent=45607"}],"wp:term":[{"taxonomy":"product_cat","embeddable":true,"href":"https:\/\/e.kosmolat.eu\/lt\/wp-json\/wp\/v2\/product_cat?post=45607"},{"taxonomy":"product_tag","embeddable":true,"href":"https:\/\/e.kosmolat.eu\/lt\/wp-json\/wp\/v2\/product_tag?post=45607"}],"curies":[{"name":"wp","href":"https:\/\/api.w.org\/{rel}","templated":true}]}}