{"id":45591,"date":"2024-02-29T05:05:12","date_gmt":"2024-02-29T05:05:12","guid":{"rendered":"https:\/\/e.kosmolat.eu\/product\/bd-uzacu-zimulis-party-tonis-108\/"},"modified":"2025-09-20T01:33:15","modified_gmt":"2025-09-20T01:33:15","slug":"bd-uzacu-zimulis-party-tonis-108","status":"publish","type":"product","link":"https:\/\/e.kosmolat.eu\/lt\/produktas\/bd-uzacu-zimulis-party-tonis-108\/","title":{"rendered":"BELOR DESIGN Party antaki\u0173 pie\u0161tukas, 108 tonas"},"content":{"rendered":"<p>Laikyti horizontalioje pad\u0117tyje nuo -5 &deg;\u0421 iki +35 &deg;\u0421 temperat\u016broje.<\/p>\n","protected":false},"excerpt":{"rendered":"<p>Laikyti horizontalioje pad\u0117tyje nuo -5 &deg;\u0421 iki +35 &deg;\u0421 temperat\u016broje.<\/p>\n","protected":false},"featured_media":89098,"template":"","meta":[],"product_cat":[1264],"product_tag":[],"class_list":{"0":"post-45591","1":"product","2":"type-product","3":"status-publish","4":"has-post-thumbnail","6":"product_brand-belordizain_by-lt","7":"product_cat-piestukai-konturai","9":"first","10":"outofstock","11":"taxable","12":"shipping-taxable","13":"product-type-simple"},"_links":{"self":[{"href":"https:\/\/e.kosmolat.eu\/lt\/wp-json\/wp\/v2\/product\/45591","targetHints":{"allow":["GET"]}}],"collection":[{"href":"https:\/\/e.kosmolat.eu\/lt\/wp-json\/wp\/v2\/product"}],"about":[{"href":"https:\/\/e.kosmolat.eu\/lt\/wp-json\/wp\/v2\/types\/product"}],"wp:featuredmedia":[{"embeddable":true,"href":"https:\/\/e.kosmolat.eu\/lt\/wp-json\/wp\/v2\/media\/89098"}],"wp:attachment":[{"href":"https:\/\/e.kosmolat.eu\/lt\/wp-json\/wp\/v2\/media?parent=45591"}],"wp:term":[{"taxonomy":"product_cat","embeddable":true,"href":"https:\/\/e.kosmolat.eu\/lt\/wp-json\/wp\/v2\/product_cat?post=45591"},{"taxonomy":"product_tag","embeddable":true,"href":"https:\/\/e.kosmolat.eu\/lt\/wp-json\/wp\/v2\/product_tag?post=45591"}],"curies":[{"name":"wp","href":"https:\/\/api.w.org\/{rel}","templated":true}]}}