{"id":45504,"date":"2024-02-23T05:03:23","date_gmt":"2024-02-23T05:03:23","guid":{"rendered":"https:\/\/e.kosmolat.eu\/product\/shik-nectar-roku-un-kerm-kr-mellenu-ekstr-un-auzu-piens-75-ml\/"},"modified":"2026-04-21T10:30:15","modified_gmt":"2026-04-21T10:30:15","slug":"shik-nectar-roku-un-kerm-kr-mellenu-ekstr-un-auzu-piens-75-ml","status":"publish","type":"product","link":"https:\/\/e.kosmolat.eu\/lt\/produktas\/shik-nectar-roku-un-kerm-kr-mellenu-ekstr-un-auzu-piens-75-ml\/","title":{"rendered":"SHIK NECTAR Yogurt Touch Rank\u0173 ir k\u016bno kremas M\u0117lyni\u0173 ekstraktas ir avi\u017e\u0173 pienas, 75 ml"},"content":{"rendered":"<p>Kremo formul\u0119 sudaro m\u0117lyni\u0173 ekstraktas, avi\u017e\u0173 pienas, glicerinas, alantoinas ir pantenolis. Jis turi ry\u0161k\u0173 uog\u0173 aromat\u0105, taip pat aksomin\u0119 tekst\u016br\u0105, leid\u017eian\u010di\u0105 kremui greitai \u012fsigerti, nejau\u010diant lipnumo. M\u0117lyni\u0173 ekstraktas ir avi\u017e\u0173 pienas akimirksniu sumink\u0161tina od\u0105, daro j\u0105 \u0161ilkin\u0119 ir \u0161velni\u0105. Glicerinas dr\u0117kina od\u0105, sudaro apsaugin\u0119 pl\u0117vel\u0119 ant odos pavir\u0161iaus. Alantoinas gerina apsaugines odos funkcijas, veiksmingas esant dirginimui. Pantenolis leid\u017eia pa\u0161alinti sausum\u0105, ma\u017eina \u0161iurk\u0161tum\u0105, \u0161erpetojim\u0105 ir gerina odos elastingum\u0105.<\/p>\n<p><strong>Naudojimas: <\/strong>tepkite ant odos lengvais masa\u017eo judesiais, kol visi\u0161kai \u012fsigers. Atsargumo priemon\u0117s: tik i\u0161oriniam naudojimui, patekus \u012f akis, jas gerai i\u0161plauti tekan\u010diu vandeniu.<\/p>\n<p><strong>Geriausias:<\/strong> 36 m\u0117n. Nuo pagaminimo datos<\/p>\n<p>Laikymo s\u0105lygos:<strong> nuo +5 &deg;C iki +25 &deg;C, saugoti nuo tiesiogini\u0173 saul\u0117s spinduli\u0173.<\/strong><br \/>\n&nbsp;<\/p>\n","protected":false},"excerpt":{"rendered":"<p>Kremo formul\u0119 sudaro m\u0117lyni\u0173 ekstraktas, avi\u017e\u0173 pienas, glicerinas, alantoinas ir pantenolis. Jis turi ry\u0161k\u0173 uog\u0173 aromat\u0105, taip pat aksomin\u0119 tekst\u016br\u0105, leid\u017eian\u010di\u0105 kremui greitai \u012fsigerti, nejau\u010diant lipnumo. M\u0117lyni\u0173 ekstraktas ir avi\u017e\u0173 pienas akimirksniu sumink\u0161tina od\u0105, daro j\u0105 \u0161ilkin\u0119 ir \u0161velni\u0105. Glicerinas dr\u0117kina od\u0105, sudaro apsaugin\u0119 pl\u0117vel\u0119 ant odos pavir\u0161iaus. Alantoinas gerina apsaugines odos funkcijas, veiksmingas esant [&#8230;]\n","protected":false},"featured_media":99445,"template":"","meta":[],"product_cat":[2181],"product_tag":[],"class_list":{"0":"post-45504","1":"product","2":"type-product","3":"status-publish","4":"has-post-thumbnail","6":"product_brand-slobozanskij-milovar_ua-lt","7":"product_cat-bez-kategorijas-lt","9":"first","10":"instock","11":"taxable","12":"shipping-taxable","13":"product-type-simple"},"_links":{"self":[{"href":"https:\/\/e.kosmolat.eu\/lt\/wp-json\/wp\/v2\/product\/45504","targetHints":{"allow":["GET"]}}],"collection":[{"href":"https:\/\/e.kosmolat.eu\/lt\/wp-json\/wp\/v2\/product"}],"about":[{"href":"https:\/\/e.kosmolat.eu\/lt\/wp-json\/wp\/v2\/types\/product"}],"wp:featuredmedia":[{"embeddable":true,"href":"https:\/\/e.kosmolat.eu\/lt\/wp-json\/wp\/v2\/media\/99445"}],"wp:attachment":[{"href":"https:\/\/e.kosmolat.eu\/lt\/wp-json\/wp\/v2\/media?parent=45504"}],"wp:term":[{"taxonomy":"product_cat","embeddable":true,"href":"https:\/\/e.kosmolat.eu\/lt\/wp-json\/wp\/v2\/product_cat?post=45504"},{"taxonomy":"product_tag","embeddable":true,"href":"https:\/\/e.kosmolat.eu\/lt\/wp-json\/wp\/v2\/product_tag?post=45504"}],"curies":[{"name":"wp","href":"https:\/\/api.w.org\/{rel}","templated":true}]}}