{"id":45488,"date":"2024-02-23T05:02:42","date_gmt":"2024-02-23T05:02:42","guid":{"rendered":"https:\/\/e.kosmolat.eu\/product\/shik-uti-puti-tual-ziepes-berniem-ar-kumelites-ekstr-75-g\/"},"modified":"2026-04-20T10:44:23","modified_gmt":"2026-04-20T10:44:23","slug":"shik-uti-puti-tual-ziepes-berniem-ar-kumelites-ekstr-75-g","status":"publish","type":"product","link":"https:\/\/e.kosmolat.eu\/lt\/produktas\/shik-uti-puti-tual-ziepes-berniem-ar-kumelites-ekstr-75-g\/","title":{"rendered":"SHIK Uti-Puti Vaiki\u0161kas tualetinis muilas su ramun\u0117li\u0173 ekstraktu, 75 g"},"content":{"rendered":"<p><strong>Geriausias:<\/strong> 5 metai nuo pagaminimo datos.<\/p>\n<p>Laikyti sausose, u\u017edarose, gerai v\u0117dinamose patalpose.<br \/>\n&nbsp;<\/p>\n","protected":false},"excerpt":{"rendered":"<p>Geriausias: 5 metai nuo pagaminimo datos. Laikyti sausose, u\u017edarose, gerai v\u0117dinamose patalpose. &nbsp;<\/p>\n","protected":false},"featured_media":89594,"template":"","meta":[],"product_cat":[1799],"product_tag":[],"class_list":{"0":"post-45488","1":"product","2":"type-product","3":"status-publish","4":"has-post-thumbnail","6":"product_brand-slobozanskij-milovar_ua-lt","7":"product_cat-duso-geliai-muilas-vonios-putos","9":"first","10":"outofstock","11":"taxable","12":"shipping-taxable","13":"product-type-simple"},"_links":{"self":[{"href":"https:\/\/e.kosmolat.eu\/lt\/wp-json\/wp\/v2\/product\/45488","targetHints":{"allow":["GET"]}}],"collection":[{"href":"https:\/\/e.kosmolat.eu\/lt\/wp-json\/wp\/v2\/product"}],"about":[{"href":"https:\/\/e.kosmolat.eu\/lt\/wp-json\/wp\/v2\/types\/product"}],"wp:featuredmedia":[{"embeddable":true,"href":"https:\/\/e.kosmolat.eu\/lt\/wp-json\/wp\/v2\/media\/89594"}],"wp:attachment":[{"href":"https:\/\/e.kosmolat.eu\/lt\/wp-json\/wp\/v2\/media?parent=45488"}],"wp:term":[{"taxonomy":"product_cat","embeddable":true,"href":"https:\/\/e.kosmolat.eu\/lt\/wp-json\/wp\/v2\/product_cat?post=45488"},{"taxonomy":"product_tag","embeddable":true,"href":"https:\/\/e.kosmolat.eu\/lt\/wp-json\/wp\/v2\/product_tag?post=45488"}],"curies":[{"name":"wp","href":"https:\/\/api.w.org\/{rel}","templated":true}]}}