{"id":45434,"date":"2024-02-22T05:02:20","date_gmt":"2024-02-22T05:02:20","guid":{"rendered":"https:\/\/e.kosmolat.eu\/product\/knaiblites-kutikulai-6441\/"},"modified":"2026-04-21T06:48:00","modified_gmt":"2026-04-21T06:48:00","slug":"knaiblites-kutikulai-6441","status":"publish","type":"product","link":"https:\/\/e.kosmolat.eu\/lt\/produktas\/knaiblites-kutikulai-6441\/","title":{"rendered":"DONEGAL \u017dnypl\u0117s odel\u0117ms, 6441"},"content":{"rendered":"","protected":false},"excerpt":{"rendered":"","protected":false},"featured_media":105292,"template":"","meta":[],"product_cat":[2181],"product_tag":[],"class_list":{"0":"post-45434","1":"product","2":"type-product","3":"status-publish","4":"has-post-thumbnail","6":"product_brand-donegal-sp-zo-o-_pl-lt","7":"product_cat-bez-kategorijas-lt","9":"first","10":"instock","11":"taxable","12":"shipping-taxable","13":"product-type-simple"},"_links":{"self":[{"href":"https:\/\/e.kosmolat.eu\/lt\/wp-json\/wp\/v2\/product\/45434","targetHints":{"allow":["GET"]}}],"collection":[{"href":"https:\/\/e.kosmolat.eu\/lt\/wp-json\/wp\/v2\/product"}],"about":[{"href":"https:\/\/e.kosmolat.eu\/lt\/wp-json\/wp\/v2\/types\/product"}],"wp:featuredmedia":[{"embeddable":true,"href":"https:\/\/e.kosmolat.eu\/lt\/wp-json\/wp\/v2\/media\/105292"}],"wp:attachment":[{"href":"https:\/\/e.kosmolat.eu\/lt\/wp-json\/wp\/v2\/media?parent=45434"}],"wp:term":[{"taxonomy":"product_cat","embeddable":true,"href":"https:\/\/e.kosmolat.eu\/lt\/wp-json\/wp\/v2\/product_cat?post=45434"},{"taxonomy":"product_tag","embeddable":true,"href":"https:\/\/e.kosmolat.eu\/lt\/wp-json\/wp\/v2\/product_tag?post=45434"}],"curies":[{"name":"wp","href":"https:\/\/api.w.org\/{rel}","templated":true}]}}