{"id":45416,"date":"2024-02-21T05:03:52","date_gmt":"2024-02-21T05:03:52","guid":{"rendered":"https:\/\/e.kosmolat.eu\/product\/i_dd-matu-balzams-berzu-darva-pret-blaugznam-480-ml\/"},"modified":"2025-09-19T17:40:03","modified_gmt":"2025-09-19T17:40:03","slug":"i_dd-matu-balzams-berzu-darva-pret-blaugznam-480-ml","status":"publish","type":"product","link":"https:\/\/e.kosmolat.eu\/lt\/produktas\/i_dd-matu-balzams-berzu-darva-pret-blaugznam-480-ml\/","title":{"rendered":"DOMA\u0160NIJ DOKTOR Balzamas Ber\u017e\u0173 degutas, 480ml"},"content":{"rendered":"<\/p>\n","protected":false},"excerpt":{"rendered":"","protected":false},"featured_media":80994,"template":"","meta":[],"product_cat":[1640],"product_tag":[],"class_list":{"0":"post-45416","1":"product","2":"type-product","3":"status-publish","4":"has-post-thumbnail","6":"product_brand-elfa_ua-lt","7":"product_cat-balzamai","9":"first","10":"outofstock","11":"taxable","12":"shipping-taxable","13":"product-type-simple"},"_links":{"self":[{"href":"https:\/\/e.kosmolat.eu\/lt\/wp-json\/wp\/v2\/product\/45416","targetHints":{"allow":["GET"]}}],"collection":[{"href":"https:\/\/e.kosmolat.eu\/lt\/wp-json\/wp\/v2\/product"}],"about":[{"href":"https:\/\/e.kosmolat.eu\/lt\/wp-json\/wp\/v2\/types\/product"}],"wp:featuredmedia":[{"embeddable":true,"href":"https:\/\/e.kosmolat.eu\/lt\/wp-json\/wp\/v2\/media\/80994"}],"wp:attachment":[{"href":"https:\/\/e.kosmolat.eu\/lt\/wp-json\/wp\/v2\/media?parent=45416"}],"wp:term":[{"taxonomy":"product_cat","embeddable":true,"href":"https:\/\/e.kosmolat.eu\/lt\/wp-json\/wp\/v2\/product_cat?post=45416"},{"taxonomy":"product_tag","embeddable":true,"href":"https:\/\/e.kosmolat.eu\/lt\/wp-json\/wp\/v2\/product_tag?post=45416"}],"curies":[{"name":"wp","href":"https:\/\/api.w.org\/{rel}","templated":true}]}}