{"id":45404,"date":"2024-02-21T05:03:22","date_gmt":"2024-02-21T05:03:22","guid":{"rendered":"https:\/\/e.kosmolat.eu\/product\/dd-roku-krems-pantenols-sos-kopsana-42-ml\/"},"modified":"2026-04-22T13:32:03","modified_gmt":"2026-04-22T13:32:03","slug":"the-dr-hc-roku-krems-pantenols-sos-kopsana-42-ml","status":"publish","type":"product","link":"https:\/\/e.kosmolat.eu\/lt\/produktas\/the-dr-hc-roku-krems-pantenols-sos-kopsana-42-ml\/","title":{"rendered":"DOMA\u0160NIJ DOKTOR Rank\u0173 kremas &#8220;Pantenol SOS-prie\u017ei\u016bra&#8221;, 42 ml"},"content":{"rendered":"<p>&Scaron;velni SOS prie\u017ei\u016bra itin sausai rank\u0173 odai. Intensyviai dr\u0117kina, maitina ir mink&scaron;tina. Atkuria od\u0105, ma\u017eina paraudim\u0105.<\/p>\n<p><strong>Naudojimas: <\/strong>tepkite ant sausos, &scaron;varios rank\u0173 odos.<br \/>\n&nbsp;<\/p>\n","protected":false},"excerpt":{"rendered":"<p>&Scaron;velni SOS prie\u017ei\u016bra itin sausai rank\u0173 odai. Intensyviai dr\u0117kina, maitina ir mink&scaron;tina. Atkuria od\u0105, ma\u017eina paraudim\u0105. Naudojimas: tepkite ant sausos, &scaron;varios rank\u0173 odos. &nbsp;<\/p>\n","protected":false},"featured_media":85246,"template":"","meta":[],"product_cat":[2181],"product_tag":[],"class_list":{"0":"post-45404","1":"product","2":"type-product","3":"status-publish","4":"has-post-thumbnail","6":"product_brand-elfa_ua-lt","7":"product_cat-bez-kategorijas-lt","9":"first","10":"instock","11":"taxable","12":"shipping-taxable","13":"product-type-simple"},"_links":{"self":[{"href":"https:\/\/e.kosmolat.eu\/lt\/wp-json\/wp\/v2\/product\/45404","targetHints":{"allow":["GET"]}}],"collection":[{"href":"https:\/\/e.kosmolat.eu\/lt\/wp-json\/wp\/v2\/product"}],"about":[{"href":"https:\/\/e.kosmolat.eu\/lt\/wp-json\/wp\/v2\/types\/product"}],"wp:featuredmedia":[{"embeddable":true,"href":"https:\/\/e.kosmolat.eu\/lt\/wp-json\/wp\/v2\/media\/85246"}],"wp:attachment":[{"href":"https:\/\/e.kosmolat.eu\/lt\/wp-json\/wp\/v2\/media?parent=45404"}],"wp:term":[{"taxonomy":"product_cat","embeddable":true,"href":"https:\/\/e.kosmolat.eu\/lt\/wp-json\/wp\/v2\/product_cat?post=45404"},{"taxonomy":"product_tag","embeddable":true,"href":"https:\/\/e.kosmolat.eu\/lt\/wp-json\/wp\/v2\/product_tag?post=45404"}],"curies":[{"name":"wp","href":"https:\/\/api.w.org\/{rel}","templated":true}]}}