{"id":45396,"date":"2024-02-21T05:03:10","date_gmt":"2024-02-21T05:03:10","guid":{"rendered":"https:\/\/e.kosmolat.eu\/product\/skin-shine-attirosas-skidras-plaksnes-pret-melniem-punktiem-baltie-mali-10-gab\/"},"modified":"2025-09-19T21:16:09","modified_gmt":"2025-09-19T21:16:09","slug":"skin-shine-attirosas-skidras-plaksnes-pret-melniem-punktiem-baltie-mali-10-gab","status":"publish","type":"product","link":"https:\/\/e.kosmolat.eu\/lt\/produktas\/skin-shine-attirosas-skidras-plaksnes-pret-melniem-punktiem-baltie-mali-10-gab\/","title":{"rendered":"SKIN SHINE Ultra valan\u010dios skystos juostel\u0117s nuo juod\u0173 ta\u0161keli\u0173  BALTAS MOLIS, 30 ml. (3ml.*10vnt.)"},"content":{"rendered":"<\/p>\n","protected":false},"excerpt":{"rendered":"","protected":false},"featured_media":84850,"template":"","meta":[],"product_cat":[1341],"product_tag":[],"class_list":{"0":"post-45396","1":"product","2":"type-product","3":"status-publish","4":"has-post-thumbnail","6":"product_brand-malina-akcija-lt","7":"product_cat-valomosios-kaukes","9":"first","10":"outofstock","11":"taxable","12":"shipping-taxable","13":"product-type-simple"},"_links":{"self":[{"href":"https:\/\/e.kosmolat.eu\/lt\/wp-json\/wp\/v2\/product\/45396","targetHints":{"allow":["GET"]}}],"collection":[{"href":"https:\/\/e.kosmolat.eu\/lt\/wp-json\/wp\/v2\/product"}],"about":[{"href":"https:\/\/e.kosmolat.eu\/lt\/wp-json\/wp\/v2\/types\/product"}],"wp:featuredmedia":[{"embeddable":true,"href":"https:\/\/e.kosmolat.eu\/lt\/wp-json\/wp\/v2\/media\/84850"}],"wp:attachment":[{"href":"https:\/\/e.kosmolat.eu\/lt\/wp-json\/wp\/v2\/media?parent=45396"}],"wp:term":[{"taxonomy":"product_cat","embeddable":true,"href":"https:\/\/e.kosmolat.eu\/lt\/wp-json\/wp\/v2\/product_cat?post=45396"},{"taxonomy":"product_tag","embeddable":true,"href":"https:\/\/e.kosmolat.eu\/lt\/wp-json\/wp\/v2\/product_tag?post=45396"}],"curies":[{"name":"wp","href":"https:\/\/api.w.org\/{rel}","templated":true}]}}