{"id":45307,"date":"2024-02-20T05:03:36","date_gmt":"2024-02-20T05:03:36","guid":{"rendered":"https:\/\/e.kosmolat.eu\/product\/i_caramel-vasks-kermena-depilacijai-vanilas-16-gb\/"},"modified":"2026-04-01T06:46:38","modified_gmt":"2026-04-01T06:46:38","slug":"i_caramel-vasks-kermena-depilacijai-vanilas-16-gb","status":"publish","type":"product","link":"https:\/\/e.kosmolat.eu\/lt\/produktas\/i_caramel-vasks-kermena-depilacijai-vanilas-16-gb\/","title":{"rendered":"I_LADY CARAMEL Va\u0161kas k\u016bno depiliacijai Vanilinis Jautriai odai 16 gab"},"content":{"rendered":"<p>D\u0117\u017eut\u0117je:<br \/>\n-Juostel\u0117s plauk\u0173 \u0161alinimui (16 dalys)<br \/>\n-Aliejus va\u0161ko \u0161alinimui (12 ml)<\/p>\n<p>Depiliacija va\u0161ku suteikia  laipsni\u0161k\u0105 ret\u0117jim\u0105 ir plauk\u0173 svog\u016bn\u0117li\u0173 silpn\u0117jim\u0105.<\/p>\n<p>SVARBU: Po depiliacijos, apie 2 ar 3 valandas, j\u016bs negalite naudoti kremais, geliais, \u0161amp\u016bnais, odekolonais su kvepal\u0173 kvapais. B\u016btina naudoti tik special\u0173 krem\u0105 po depiliacijos l\u0117tinant\u012f plauk\u0173 augim\u0105, kuris dr\u0117kina, mink\u0161tina, palengvina suerzinim\u0105 ir l\u0117tina plauk\u0173 augim\u0105.<\/p>\n<p>Veidas &#8211; Pa\u0161alina nepatrauklius \u016bselius ir barzd\u0105,koreguoti antaki\u0173 form\u0105, naudojant va\u0161k\u0105.<\/p>\n<p>Pilvo ir bikinio sritis:  bikinio srities oda yra linkusi \u012f dirginim\u0105 ir p\u016blin\u0117lius. Sk\u0173sti plaukus bikinio srityje  naudojant mechanines depiliavimo priemones nerekomenduojama. Plaukais bikinio srityje, taip pat kirk\u0161ni\u0173, gaktos plauk\u0173 ir genitalij\u0173 srityje geriausia atsikratyti va\u0161ku arba depiliavimo kremu. Oda intymioje zonoje, subtili ir jautri, ir depiliacija gali sukelti dirginim\u0105. Bet po keli\u0173 sesij\u0173 ji &#8220;pripranta&#8221;prie proced\u016br\u0173.Plaukelius &#8211; nuo bambos iki gaktos srities &#8211; galite pa\u0161alinti va\u0161ku arba kremu.<\/p>\n<p>Rankos ir kojos &#8211; plaukus pa\u017eastyse pa\u0161alinkite depiliacijos b\u016bdu  naudojant depiliavimo kremus, va\u0161ku. Po 8-10 seans\u0173 va\u0161ku plaukai  \u0161ioje  zonoje tampa ploni ir beveik nepastebimi. Rankoms ir kojoms depiliacij\u0105 daryti geriau su specialiomis va\u0161ko depiliacijos priemon\u0117mis.<\/p>\n<p>\u0160iuolaikinio va\u0161ko formul\u0117 skatina i\u0161sam\u0173 ir veiksming\u0105 plauk\u0173 \u0161alinim\u0105. Dabar net ma\u017eiausias plaukelis bus pa\u0161alintas. Va\u0161kas ma\u017eina nauj\u0173 plauk\u0173 augim\u0105, ilgina laik\u0105 tarp va\u0161kavimo ir  nauji plauk\u0173 pasirodym\u0105 iki 6 savai\u010di\u0173. Kiekviena tolesn\u0117 depiliacija tampa lengvesn\u0117, o nauji plaukai auga silpnesni. \u0160velniai, elastingas va\u0161kas leid\u017eia  prisitaikyti prie tobul\u0173 k\u016bno form\u0173.<\/p>\n<p>KAIP NAUDOTI: Prie\u0161 depiliacij\u0105 oda turi b\u016bti sausa ir nuriebalinta ir norint pagerinti efekt\u0105, galite naudoti nedidel\u012f kiek\u012f kosmetikos talko.<br \/>\n1. Kiekviena va\u0161ko plok\u0161tel\u0117 su\u0161ildoma rankose prie\u0161 pat naudojim\u0105.<br \/>\n2. Atid\u017eiai atskirkite plok\u0161teles \u012f dvi dalis. Abi plok\u0161tel\u0117s veiksmingos.<br \/>\n3. Atsargiai klijuokite kiekvien\u0105 plok\u0161tel\u0119 prie odos grie\u017etai plaukeli\u0173 augimo kryptimi, ir prispauskite j\u012f.<br \/>\n4. Vienu  energingu judesiu, nupl\u0117\u0161kite  prie\u0161 plauk\u0173 augim\u0105!<br \/>\n5. Po depiliacijos nuimkite likus\u012f va\u0161k\u0105 su aliejumi.<\/p>\n<p>Keletas nauding\u0173 patarim\u0173:<br \/>\n1. Prie\u0161 naudojim\u0105, atlikite odos jautrumo test\u0105. Jeigu alergin\u0117 reakcija per 24 valandas ne\u012fvyks, j\u016bs galite naudoti va\u0161k\u0105.<br \/>\n2.Va\u0161ko liku\u010dius pa\u0161alinkite aliejaus pgalba. Mes nerekomenduojame va\u0161ko nuplauti vandeniu, muilu, \u0161epe\u010diu arba kieta kempine.<br \/>\n3. Depiliacijos proceso metu kiekvien\u0105 plok\u0161tel\u0119 galima naudoti kelet\u0105 kart\u0173.<br \/>\n4. Nenaudokite va\u0161ko ant sudirgusios odos.<br \/>\n5. Po odos valymo praplaukite od\u0105 \u0161iltu vandeniu ir patepkite kremu.<br \/>\n6. Nat\u016bralus  raudonis laikui b\u0117gant praeina (priklausomai nuo odos jautrumo). Teigiamai veikia od\u0105 kremas po depiliacijos.<br \/>\n7. Va\u0161kas veiksmingas kai plauk\u0173 ilgis ne ma\u017eesnis kaip 5 mm.<br \/>\n8.Po 3 depiliacijos dien\u0173  kruop\u0161\u010diai nuvalykite od\u0105 pilingu.<br \/>\n9. Nor\u0117dami i\u0161vengti plauk\u0173 augimo ir j\u0173 l\u0117t\u0117jimo, naudokite specialius preparatus.<\/p>\n<p>Laikymo temperat\u016bra +5 iki +25 \u00b0 C.<\/p>\n","protected":false},"excerpt":{"rendered":"<p>D\u0117\u017eut\u0117je: -Juostel\u0117s plauk\u0173 \u0161alinimui (16 dalys) -Aliejus va\u0161ko \u0161alinimui (12 ml) Depiliacija va\u0161ku suteikia laipsni\u0161k\u0105 ret\u0117jim\u0105 ir plauk\u0173 svog\u016bn\u0117li\u0173 silpn\u0117jim\u0105. SVARBU: Po depiliacijos, apie 2 ar 3 valandas, j\u016bs negalite naudoti kremais, geliais, \u0161amp\u016bnais, odekolonais su kvepal\u0173 kvapais. B\u016btina naudoti tik special\u0173 krem\u0105 po depiliacijos l\u0117tinant\u012f plauk\u0173 augim\u0105, kuris dr\u0117kina, mink\u0161tina, palengvina suerzinim\u0105 ir l\u0117tina [&#8230;]\n","protected":false},"featured_media":79650,"template":"","meta":[],"product_cat":[1624],"product_tag":[],"class_list":{"0":"post-45307","1":"product","2":"type-product","3":"status-publish","4":"has-post-thumbnail","6":"product_brand-elfa_ua-lt","7":"product_cat-depiliacijos-priemones","9":"first","10":"instock","11":"taxable","12":"shipping-taxable","13":"product-type-simple"},"_links":{"self":[{"href":"https:\/\/e.kosmolat.eu\/lt\/wp-json\/wp\/v2\/product\/45307","targetHints":{"allow":["GET"]}}],"collection":[{"href":"https:\/\/e.kosmolat.eu\/lt\/wp-json\/wp\/v2\/product"}],"about":[{"href":"https:\/\/e.kosmolat.eu\/lt\/wp-json\/wp\/v2\/types\/product"}],"wp:featuredmedia":[{"embeddable":true,"href":"https:\/\/e.kosmolat.eu\/lt\/wp-json\/wp\/v2\/media\/79650"}],"wp:attachment":[{"href":"https:\/\/e.kosmolat.eu\/lt\/wp-json\/wp\/v2\/media?parent=45307"}],"wp:term":[{"taxonomy":"product_cat","embeddable":true,"href":"https:\/\/e.kosmolat.eu\/lt\/wp-json\/wp\/v2\/product_cat?post=45307"},{"taxonomy":"product_tag","embeddable":true,"href":"https:\/\/e.kosmolat.eu\/lt\/wp-json\/wp\/v2\/product_tag?post=45307"}],"curies":[{"name":"wp","href":"https:\/\/api.w.org\/{rel}","templated":true}]}}