{"id":45295,"date":"2024-02-20T05:03:01","date_gmt":"2024-02-20T05:03:01","guid":{"rendered":"https:\/\/e.kosmolat.eu\/product\/artcolor-basma-naturala-25-g\/"},"modified":"2025-09-19T15:21:37","modified_gmt":"2025-09-19T15:21:37","slug":"artcolor-basma-naturala-25-g","status":"publish","type":"product","link":"https:\/\/e.kosmolat.eu\/lt\/produktas\/artcolor-basma-naturala-25-g\/","title":{"rendered":"ARTCOLOR Iranieti\u0161ka basma, 25 g"},"content":{"rendered":"<p>Auk\u0161\u010diausios kokyb\u0117s Iranieti\u0161ka basma. Nat\u016bralus da\u017eymas ir efektyvus plauk\u0173 stiprinimas. Da\u017eykite plaukus sveikai. Augalinio pagrindo plauk\u0173 da\u017eai. I\u0161bandykite ir \u012fvertinkite auk\u0161\u010diausios kokyb\u0117s iranieti\u0161k\u0105 Artcolor serijos basm\u0105, pripa\u017eint\u0105 ir paklausi\u0105 tarp m\u016bs\u0173 klient\u0173. D\u0117l kruop\u0161taus \u017ealiav\u0173 parinkimo basma Artcolor sud\u0117tyje yra daugiau augalini\u0173 da\u017ean\u010di\u0173 komponent\u0173 ir plaukams nauding\u0173 med\u017eiag\u0173 nei \u012fprastoje basmoje. Basma Artcolor skatina augim\u0105 ir suteikia plaukams nat\u016bralaus \u017evilgesio, gerina j\u0173 strukt\u016br\u0105 ir stiprina \u0161aknis, naikina pleiskanas<\/p>\n<p><strong>Naudojimas:<\/strong><br \/>\nDa\u017eykite plaukus Artcolor &nbsp;pagal instrukcijas ant pakuot\u0117s. \u012e nemetalin\u012f duben\u012f sud\u0117kite 25-50 g basmos ir, \u012fpyl\u0119 kar\u0161to vandens (90-100 &deg;C), mai\u0161ykite iki vientisos jogurto konsistencijos ko\u0161\u0117s. Po 15-20 minu\u010di\u0173 \u0161ilt\u0105 mas\u0119 tolygiai paskirstykite ant \u0161vari\u0173, dr\u0117gn\u0173 plauk\u0173. Pasibaigus pasirinktam da\u017eymo laikui, i\u0161skalaukite plaukus \u0161iltu vandeniu. Geriau d\u017eiovinti be plauk\u0173 d\u017eiovintuvo. Jei reikia, naudokite \u0161iek tiek \u0161ilt\u0105, artim\u0105 j\u016bs\u0173 k\u016bno temperat\u016brai oro d\u017eiovintuv\u0105.<br \/>\nRekomendacijos: plaukite plaukus muilu ir \u0161amp\u016bnu ne anks\u010diau kaip po 3 dien\u0173 po da\u017eymo<\/p>\n<table border=\"1\" cellpadding=\"1\" cellspacing=\"1\" style=\"width:500px\">\n<tbody>\n<tr>\n<td>Da\u017eymo laikas CHNA<\/td>\n<td>40 min<\/td>\n<td>80-90 min<\/td>\n<td>100-120 min<\/td>\n<\/tr>\n<tr>\n<td>Da\u017eymo laikas BASMA<\/td>\n<td>15-20 min<\/td>\n<td>40-60 min<\/td>\n<td>80-90 min<\/td>\n<\/tr>\n<tr>\n<td>Prognozuojama spalva<\/td>\n<td>&Scaron;viesiai ka\u0161tonin\u0117<\/td>\n<td>Tamsiai ka\u0161tonin\u0117<\/td>\n<td>Juoda<\/td>\n<\/tr>\n<\/tbody>\n<\/table>\n<p><strong>Grynasis svoris:<\/strong> 25 g Tinkamiausias iki: data (m\u0117nuo, metai) ir partijos numeris nurodytas ant mai\u0161elio si\u016bl\u0117s.<br \/>\n<strong>Laikymo s\u0105lygos: <\/strong>sausoje, tamsioje, vaikams nepasiekiamoje vietoje.<\/p>\n","protected":false},"excerpt":{"rendered":"<p>Auk\u0161\u010diausios kokyb\u0117s Iranieti\u0161ka basma. Nat\u016bralus da\u017eymas ir efektyvus plauk\u0173 stiprinimas. Da\u017eykite plaukus sveikai. Augalinio pagrindo plauk\u0173 da\u017eai. I\u0161bandykite ir \u012fvertinkite auk\u0161\u010diausios kokyb\u0117s iranieti\u0161k\u0105 Artcolor serijos basm\u0105, pripa\u017eint\u0105 ir paklausi\u0105 tarp m\u016bs\u0173 klient\u0173. D\u0117l kruop\u0161taus \u017ealiav\u0173 parinkimo basma Artcolor sud\u0117tyje yra daugiau augalini\u0173 da\u017ean\u010di\u0173 komponent\u0173 ir plaukams nauding\u0173 med\u017eiag\u0173 nei \u012fprastoje basmoje. Basma Artcolor skatina augim\u0105 [&#8230;]\n","protected":false},"featured_media":78670,"template":"","meta":[],"product_cat":[1442],"product_tag":[],"class_list":{"0":"post-45295","1":"product","2":"type-product","3":"status-publish","4":"has-post-thumbnail","6":"product_brand-malina-akcija-lt","7":"product_cat-plauku-dazai-plauku-dazai","9":"first","10":"outofstock","11":"taxable","12":"shipping-taxable","13":"product-type-simple"},"_links":{"self":[{"href":"https:\/\/e.kosmolat.eu\/lt\/wp-json\/wp\/v2\/product\/45295","targetHints":{"allow":["GET"]}}],"collection":[{"href":"https:\/\/e.kosmolat.eu\/lt\/wp-json\/wp\/v2\/product"}],"about":[{"href":"https:\/\/e.kosmolat.eu\/lt\/wp-json\/wp\/v2\/types\/product"}],"wp:featuredmedia":[{"embeddable":true,"href":"https:\/\/e.kosmolat.eu\/lt\/wp-json\/wp\/v2\/media\/78670"}],"wp:attachment":[{"href":"https:\/\/e.kosmolat.eu\/lt\/wp-json\/wp\/v2\/media?parent=45295"}],"wp:term":[{"taxonomy":"product_cat","embeddable":true,"href":"https:\/\/e.kosmolat.eu\/lt\/wp-json\/wp\/v2\/product_cat?post=45295"},{"taxonomy":"product_tag","embeddable":true,"href":"https:\/\/e.kosmolat.eu\/lt\/wp-json\/wp\/v2\/product_tag?post=45295"}],"curies":[{"name":"wp","href":"https:\/\/api.w.org\/{rel}","templated":true}]}}