{"id":45287,"date":"2024-02-20T05:02:42","date_gmt":"2024-02-20T05:02:42","guid":{"rendered":"https:\/\/e.kosmolat.eu\/product\/i_sila-white-sk-mazg-lidz-baltiem-aud-1-kg\/"},"modified":"2026-03-31T08:24:02","modified_gmt":"2026-03-31T08:24:02","slug":"sila-white-sk-mazg-lidz-baltiem-aud-1-l","status":"publish","type":"product","link":"https:\/\/e.kosmolat.eu\/lt\/produktas\/sila-white-sk-mazg-lidz-baltiem-aud-1-l\/","title":{"rendered":"SILA White Skystas skalbiklis baltiems audiniams, 1 l"},"content":{"rendered":"<p>Pa&scaron;alina sud\u0117tingas d\u0117mes. Suteikia gaivumo, balt\u0173j\u0173 lelij\u0173 ir ylang-ylang aromato. &Scaron;velnus audiniams.&nbsp;Suteikia spindin\u010di\u0105 balt\u0105 apdail\u0105. Visi&scaron;kai i&scaron;tirpsta ir lengvai i&scaron;siplauna net &scaron;altame vandenyje. Nenaudoti &nbsp;&scaron;ilkui ir vilnai.<\/p>\n<p><strong>Naudojimas:<\/strong><br \/>\nSkalbiant automatine ma&scaron;ina: supilkite skalbikl\u012f \u012f skalbimo ma&scaron;inos pagrindin\u012f skalbimo priemoni\u0173 skyri\u0173 arba tiesiai \u012f skalbimo ma&scaron;inos b\u016bgn\u0105. Laikykit\u0117s gaminio etiket\u0117se nurodyt\u0173 plovimo re\u017eim\u0173. D\u0117m\u0117ms i&scaron;plauti priemon\u0119 tepkite tiesiai ant d\u0117m\u0117s, palikite kelioms minut\u0117ms, patrinkite, prad\u0117kite pagrindin\u012f plovimo proces\u0105.&nbsp;Su mink&scaron;tu vandeniu ir vidutinio kietumo vandeniu, esant nedideliems ne&scaron;varumams u \u012fpilkite 60 ml 4-5 kg skalbini\u0173, 95 ml &#8211; 6-8 kg skalbini\u0173, normaliai &nbsp;ne&scaron;variems skalbiniams &#8211; 75 ml 4-5 kg skalbini\u0173. , 6-8 kg &#8211; 115 ml, esant stipriam ne&scaron;varumui, \u012fpilkite 100 ml 4-5 kg skalbini\u0173, 155 ml 6-8 kg.&nbsp;Kietam vandeniui, lengvai ne&scaron;variems, \u012fpilkite 75 ml 4-5 kg skalbini\u0173, 6-8 kg &#8211; 115 ml, normaliems ne&scaron;varumams 4-5 kg skalbini\u0173 \u012fpilkite 100 ml, 6-8 kg &#8211; 155 ml, esant stipriam ne&scaron;varumui, \u012fpilkite 120 ml 4-5 kg skalbini\u0173, 190 ml &#8211; 6-8 kg.&nbsp;Skalbiant aktyvatoriaus tipo ma&scaron;inoje: 110 ml produkto.&nbsp;Skalbimui rankomis: 50 ml produkto 10 litr\u0173 vandens.<\/p>\n<p><strong>Geriausias:<\/strong> 36 m\u0117n. nuo pagaminimo datos<\/p>\n<p><strong>Laikymo s\u0105lygos:<\/strong> laikyti nuo +5&deg;C iki +25&deg;C temperat\u016broje, toliau nuo saul\u0117s spinduli\u0173 &scaron;altini\u0173.<\/p>\n<p><strong>Sud\u0117tis: <\/strong>5 % arba daugiau, bet ma\u017eiau kaip 15 % anijonini\u0173 &nbsp;aktyvi\u0173j\u0173 pavir&scaron;inio med\u017eiagos, ma\u017eiau kaip, 5 % &nbsp;nejonini\u0173 &nbsp;aktyvi\u0173j\u0173 pavir&scaron;inio med\u017eiagos, ma\u017eiau kaip 5 % muilas. Fermentai. Optiniai balikliai. Kvapai\/ Hexyl Cinnamal, Butylphenyl Methylpropional, Linalool. Konservantas.<\/p>\n<p>&nbsp;<\/p>\n<p><strong><img decoding=\"async\" alt=\"\" src=\"https:\/\/www.reach-compliance.ch\/images\/exclam1cols3.jpg\" style=\"height:40px; width:40px\" \/>GHS07 Atsargiai<\/strong><br \/>\nH319 Sukelia smark\u0173 aki\u0173 dirginim\u0105.<br \/>\nP102 Laikyti vaikams neprieinamoje vietoje<br \/>\nP264 Po naudojimo kruop&scaron;\u010diai nuplaukite rankas<br \/>\nP280 M\u016bv\u0117ti apsaugines pir&scaron;tines\/ naudoti aki\u0173 (veido) apsaugos priemones.<br \/>\nP305+P351+P338 Patekus \u012f akis: Kelias minutes atsargiai plauti vandeniu. I&scaron;imti kontaktinius l\u0119&scaron;ius, jeigu jie yra ir jeigu lengvai galima tai padaryti. Toliau plauti akis.<br \/>\nP337+P313 Jei aki\u0173 dirginimas nepraeina: kreiptis \u012f gydytoj\u0105.<br \/>\n&nbsp;<\/p>\n","protected":false},"excerpt":{"rendered":"<p>Pa&scaron;alina sud\u0117tingas d\u0117mes. Suteikia gaivumo, balt\u0173j\u0173 lelij\u0173 ir ylang-ylang aromato. &Scaron;velnus audiniams.&nbsp;Suteikia spindin\u010di\u0105 balt\u0105 apdail\u0105. Visi&scaron;kai i&scaron;tirpsta ir lengvai i&scaron;siplauna net &scaron;altame vandenyje. Nenaudoti &nbsp;&scaron;ilkui ir vilnai. Naudojimas: Skalbiant automatine ma&scaron;ina: supilkite skalbikl\u012f \u012f skalbimo ma&scaron;inos pagrindin\u012f skalbimo priemoni\u0173 skyri\u0173 arba tiesiai \u012f skalbimo ma&scaron;inos b\u016bgn\u0105. Laikykit\u0117s gaminio etiket\u0117se nurodyt\u0173 plovimo re\u017eim\u0173. D\u0117m\u0117ms i&scaron;plauti priemon\u0119 [&#8230;]\n","protected":false},"featured_media":100016,"template":"","meta":[],"product_cat":[2181],"product_tag":[],"class_list":{"0":"post-45287","1":"product","2":"type-product","3":"status-publish","4":"has-post-thumbnail","6":"product_brand-slobozanskij-milovar_ua-lt","7":"product_cat-bez-kategorijas-lt","9":"first","10":"instock","11":"taxable","12":"shipping-taxable","13":"product-type-simple"},"_links":{"self":[{"href":"https:\/\/e.kosmolat.eu\/lt\/wp-json\/wp\/v2\/product\/45287","targetHints":{"allow":["GET"]}}],"collection":[{"href":"https:\/\/e.kosmolat.eu\/lt\/wp-json\/wp\/v2\/product"}],"about":[{"href":"https:\/\/e.kosmolat.eu\/lt\/wp-json\/wp\/v2\/types\/product"}],"wp:featuredmedia":[{"embeddable":true,"href":"https:\/\/e.kosmolat.eu\/lt\/wp-json\/wp\/v2\/media\/100016"}],"wp:attachment":[{"href":"https:\/\/e.kosmolat.eu\/lt\/wp-json\/wp\/v2\/media?parent=45287"}],"wp:term":[{"taxonomy":"product_cat","embeddable":true,"href":"https:\/\/e.kosmolat.eu\/lt\/wp-json\/wp\/v2\/product_cat?post=45287"},{"taxonomy":"product_tag","embeddable":true,"href":"https:\/\/e.kosmolat.eu\/lt\/wp-json\/wp\/v2\/product_tag?post=45287"}],"curies":[{"name":"wp","href":"https:\/\/api.w.org\/{rel}","templated":true}]}}