{"id":45279,"date":"2024-02-20T05:02:22","date_gmt":"2024-02-20T05:02:22","guid":{"rendered":"https:\/\/e.kosmolat.eu\/product\/spkrug-darvas-kremv-samp-ar-zivju-ricinellu-tejas-k-ellu-panten-un-cinku-300-ml\/"},"modified":"2026-04-20T10:26:32","modified_gmt":"2026-04-20T10:26:32","slug":"spkrug-darvas-kremv-samp-ar-zivju-ricinellu-tejas-k-ellu-panten-un-cinku-300-ml","status":"publish","type":"product","link":"https:\/\/e.kosmolat.eu\/lt\/produktas\/spkrug-darvas-kremv-samp-ar-zivju-ricinellu-tejas-k-ellu-panten-un-cinku-300-ml\/","title":{"rendered":"SPASATELNIJ KRUG Degutinis kreminis \u0161amp\u016bnas su \u017euv\u0173 taukais, ricinos ir arbatmed\u017ei\u0173 aliejumi, pante"},"content":{"rendered":"<p>Nat\u016brali\u0173 ingredient\u0173 pagrindu sukurtas &scaron;amp\u016bnas padeda pagerinti galvos odos ir plauk\u0173 folikul\u0173 b\u016bkl\u0119. Reguliariai naudojant, suma\u017e\u0117ja perteklin\u0117 riebal\u0173 gamyba, suma\u017e\u0117ja dirginimas ir nie\u017e\u0117jimas. Augaliniai &scaron;amp\u016bno komponentai padeda atsikratyti pleiskan\u0173.<\/p>\n<p><strong>Naudojimas: <\/strong>paskirstykite ant dr\u0117gn\u0173 plauk\u0173, gerai suputokite, i&scaron;skalaukite. Pakartotinai u\u017etep\u0119, palikite kelet\u0105 minu\u010di\u0173, tada nuplaukite. Naudokite 1-2 kartus per savait\u0119, jei reikia, da\u017eniau.&nbsp;Kosmetikos gaminys.<\/p>\n<p>Laikyti nuo +2&deg;C iki +25&deg;C temperat\u016broje.<br \/>\n&nbsp;<\/p>\n","protected":false},"excerpt":{"rendered":"<p>Nat\u016brali\u0173 ingredient\u0173 pagrindu sukurtas &scaron;amp\u016bnas padeda pagerinti galvos odos ir plauk\u0173 folikul\u0173 b\u016bkl\u0119. Reguliariai naudojant, suma\u017e\u0117ja perteklin\u0117 riebal\u0173 gamyba, suma\u017e\u0117ja dirginimas ir nie\u017e\u0117jimas. Augaliniai &scaron;amp\u016bno komponentai padeda atsikratyti pleiskan\u0173. Naudojimas: paskirstykite ant dr\u0117gn\u0173 plauk\u0173, gerai suputokite, i&scaron;skalaukite. Pakartotinai u\u017etep\u0119, palikite kelet\u0105 minu\u010di\u0173, tada nuplaukite. Naudokite 1-2 kartus per savait\u0119, jei reikia, da\u017eniau.&nbsp;Kosmetikos gaminys. Laikyti nuo [&#8230;]\n","protected":false},"featured_media":89478,"template":"","meta":[],"product_cat":[1251],"product_tag":[],"class_list":{"0":"post-45279","1":"product","2":"type-product","3":"status-publish","4":"has-post-thumbnail","6":"product_brand-elpis-lt","7":"product_cat-sampunai","9":"first","10":"instock","11":"taxable","12":"shipping-taxable","13":"product-type-simple"},"_links":{"self":[{"href":"https:\/\/e.kosmolat.eu\/lt\/wp-json\/wp\/v2\/product\/45279","targetHints":{"allow":["GET"]}}],"collection":[{"href":"https:\/\/e.kosmolat.eu\/lt\/wp-json\/wp\/v2\/product"}],"about":[{"href":"https:\/\/e.kosmolat.eu\/lt\/wp-json\/wp\/v2\/types\/product"}],"wp:featuredmedia":[{"embeddable":true,"href":"https:\/\/e.kosmolat.eu\/lt\/wp-json\/wp\/v2\/media\/89478"}],"wp:attachment":[{"href":"https:\/\/e.kosmolat.eu\/lt\/wp-json\/wp\/v2\/media?parent=45279"}],"wp:term":[{"taxonomy":"product_cat","embeddable":true,"href":"https:\/\/e.kosmolat.eu\/lt\/wp-json\/wp\/v2\/product_cat?post=45279"},{"taxonomy":"product_tag","embeddable":true,"href":"https:\/\/e.kosmolat.eu\/lt\/wp-json\/wp\/v2\/product_tag?post=45279"}],"curies":[{"name":"wp","href":"https:\/\/api.w.org\/{rel}","templated":true}]}}