{"id":45264,"date":"2024-02-17T05:02:56","date_gmt":"2024-02-17T05:02:56","guid":{"rendered":"https:\/\/e.kosmolat.eu\/product\/i_dr-s-arganoil-60-atjaunojosais-krems-liftings-pret-grumbam-50-ml\/"},"modified":"2026-04-09T09:40:48","modified_gmt":"2026-04-09T09:40:48","slug":"dr-s-arganoil-60-atjaunojosais-krems-liftings-pret-grumbam-50-ml","status":"publish","type":"product","link":"https:\/\/e.kosmolat.eu\/lt\/produktas\/dr-s-arganoil-60-atjaunojosais-krems-liftings-pret-grumbam-50-ml\/","title":{"rendered":"Dr.Sante ARGAN OIL Atnaujinantis veido kremas-liftingas nuo rauk\u0161li\u0173 diena\/naktis (60+)"},"content":{"rendered":"<p>Kremas specialiai sukurtas brand\u017eiai odai nuo 60 met\u0173. Jo sud\u0117tyje yra komponent\u0173, kurie stiprina ir dr\u0117kina od\u0105, normalizuoja odos audini\u0173 metabolizm\u0105. Suteikia odai lygum\u0105, elastingum\u0105, stangrum\u0105 ir aksomin\u0117s spalvos, pagerina jos spalv\u0105.<\/p>\n<p><strong>Arganos aliejus<\/strong> turtingas nat\u016brali\u0173 antioksidant\u0173, svarbi\u0173 riebi\u0173j\u0173 r\u016bg&scaron;\u010di\u0173, polifenoli\u0173, karotinoid\u0173, ypatingai didelis kiekis vitamino E, kuris maitina ir gaivina od\u0105, apsaugo j\u0105 nuo rauk&scaron;li\u0173.<\/p>\n<p><strong>Vitaminai A, E ir C<\/strong> sustiprina aliej\u0173 efektyvum\u0105. Vitaminas A dalyvauja melanino susidaryme, ma\u017eina pigmentines d\u0117mes ir neleid\u017eia atsirasti naujoms.<\/p>\n<p><strong>Kolagenas<\/strong> stiprina ir lygina od\u0105, ma\u017eina rauk&scaron;li\u0173 skai\u010di\u0173. Peptidai, pana&scaron;\u016bs \u012f gyvat\u0117s nuodus, lygina od\u0105 ir ma\u017eina rauk&scaron;les, suteikia odai elastingum\u0105 ir stangrum\u0105. Ypa\u010d efektyvus komponentas nuo mimikos rauk&scaron;li\u0173.<\/p>\n<p><strong>Naudojimo b\u016bdas:<\/strong> lengvais masa\u017euojamais judesiai u\u017etepkite ant &scaron;varios veido ir kaklo odos. Galima naudoti ryte ir vakare.<\/p>\n<p><strong>Atsargumo priemon\u0117:<\/strong>&nbsp;tik i&scaron;oriniam naudojimui. Jei pateko \u012f akis, praplaukite vandeniu.<\/p>\n<p><strong>Laikymo s\u0105lygos:<\/strong> nuo +5&deg;\u0421 iki +25&deg;\u0421.&nbsp;<\/p>\n","protected":false},"excerpt":{"rendered":"<p>Kremas specialiai sukurtas brand\u017eiai odai nuo 60 met\u0173. Jo sud\u0117tyje yra komponent\u0173, kurie stiprina ir dr\u0117kina od\u0105, normalizuoja odos audini\u0173 metabolizm\u0105. Suteikia odai lygum\u0105, elastingum\u0105, stangrum\u0105 ir aksomin\u0117s spalvos, pagerina jos spalv\u0105. Arganos aliejus turtingas nat\u016brali\u0173 antioksidant\u0173, svarbi\u0173 riebi\u0173j\u0173 r\u016bg&scaron;\u010di\u0173, polifenoli\u0173, karotinoid\u0173, ypatingai didelis kiekis vitamino E, kuris maitina ir gaivina od\u0105, apsaugo j\u0105 nuo [&#8230;]\n","protected":false},"featured_media":96578,"template":"","meta":[],"product_cat":[1322],"product_tag":[],"class_list":{"0":"post-45264","1":"product","2":"type-product","3":"status-publish","4":"has-post-thumbnail","6":"product_brand-elfa_ua-lt","7":"product_cat-veido-kremai","9":"first","10":"outofstock","11":"taxable","12":"shipping-taxable","13":"product-type-simple"},"_links":{"self":[{"href":"https:\/\/e.kosmolat.eu\/lt\/wp-json\/wp\/v2\/product\/45264","targetHints":{"allow":["GET"]}}],"collection":[{"href":"https:\/\/e.kosmolat.eu\/lt\/wp-json\/wp\/v2\/product"}],"about":[{"href":"https:\/\/e.kosmolat.eu\/lt\/wp-json\/wp\/v2\/types\/product"}],"wp:featuredmedia":[{"embeddable":true,"href":"https:\/\/e.kosmolat.eu\/lt\/wp-json\/wp\/v2\/media\/96578"}],"wp:attachment":[{"href":"https:\/\/e.kosmolat.eu\/lt\/wp-json\/wp\/v2\/media?parent=45264"}],"wp:term":[{"taxonomy":"product_cat","embeddable":true,"href":"https:\/\/e.kosmolat.eu\/lt\/wp-json\/wp\/v2\/product_cat?post=45264"},{"taxonomy":"product_tag","embeddable":true,"href":"https:\/\/e.kosmolat.eu\/lt\/wp-json\/wp\/v2\/product_tag?post=45264"}],"curies":[{"name":"wp","href":"https:\/\/api.w.org\/{rel}","templated":true}]}}