{"id":45242,"date":"2024-02-16T11:50:42","date_gmt":"2024-02-16T11:50:42","guid":{"rendered":"https:\/\/e.kosmolat.eu\/?post_type=product&#038;p=45242"},"modified":"2025-09-20T03:33:44","modified_gmt":"2025-09-20T03:33:44","slug":"7days-b-colour-acu-enu-palete-9-toni-01-luxury-life-9x1-g","status":"publish","type":"product","link":"https:\/\/e.kosmolat.eu\/lt\/produktas\/7days-b-colour-acu-enu-palete-9-toni-01-luxury-life-9x1-g\/","title":{"rendered":"7DAYS B.Colour aki\u0173 \u0161e\u0161\u0117li\u0173 palet\u0117 9 tonai \/ 01 Luxury Life, 9&#215;1 g"},"content":{"rendered":"<p>Sukurkite universal\u0173 kasdien\u012f ar ry&scaron;k\u0173 vakarin\u012f makia\u017e\u0105 naudodami \u012fvairius atspalvius &ndash; nuo &scaron;velnaus kreminio &nbsp;iki ry&scaron;ki\u0173 auksini\u0173 saul\u0117lyd\u017eio atspalvi\u0173. Padarykite pasaul\u012f &scaron;viesesn\u012f savo unikaliu gro\u017eiu. Mai&scaron;ykite skirtingas spalvas ir tekst\u016bras &ndash; matines ir kremines.<\/p>\n<p><strong>Naudojimas:<\/strong>&nbsp;teptuku arba pir&scaron;t\u0173 galiukais u\u017etepkite aki\u0173 &scaron;e&scaron;\u0117lius. Prie&scaron; tepdami aki\u0173 &scaron;e&scaron;\u0117lius, naudokite pagrind\u0105 (primer) &nbsp;Pa&scaron;alinkite makia\u017e\u0105 makia\u017eo valikliu.<\/p>\n<p><strong>Atsargumo priemon\u0117s:<\/strong>&nbsp;tik i&scaron;oriniam naudojimui. Vengti patekimo \u012f akis. Patekus \u012f akis, praplauti dideliu kiekiu vandens ir kreiptis \u012f gydytoj\u0105. Nenaudokite, jei yra padid\u0117j\u0119s jautrumas atskiriems komponentams. Saugoti nuo vaik\u0173.<\/p>\n<p>Laikyti nuo +5 &deg;C iki +25 &deg;C temperat\u016broje.<br \/>\n&nbsp;<\/p>\n","protected":false},"excerpt":{"rendered":"<p>Sukurkite universal\u0173 kasdien\u012f ar ry&scaron;k\u0173 vakarin\u012f makia\u017e\u0105 naudodami \u012fvairius atspalvius &ndash; nuo &scaron;velnaus kreminio &nbsp;iki ry&scaron;ki\u0173 auksini\u0173 saul\u0117lyd\u017eio atspalvi\u0173. Padarykite pasaul\u012f &scaron;viesesn\u012f savo unikaliu gro\u017eiu. Mai&scaron;ykite skirtingas spalvas ir tekst\u016bras &ndash; matines ir kremines. Naudojimas:&nbsp;teptuku arba pir&scaron;t\u0173 galiukais u\u017etepkite aki\u0173 &scaron;e&scaron;\u0117lius. Prie&scaron; tepdami aki\u0173 &scaron;e&scaron;\u0117lius, naudokite pagrind\u0105 (primer) &nbsp;Pa&scaron;alinkite makia\u017e\u0105 makia\u017eo valikliu. Atsargumo priemon\u0117s:&nbsp;tik i&scaron;oriniam [&#8230;]\n","protected":false},"featured_media":91026,"template":"","meta":[],"product_cat":[2181],"product_tag":[],"class_list":{"0":"post-45242","1":"product","2":"type-product","3":"status-publish","4":"has-post-thumbnail","6":"product_brand-7days_it-lt","7":"product_cat-bez-kategorijas-lt","9":"first","10":"outofstock","11":"taxable","12":"shipping-taxable","13":"product-type-simple"},"_links":{"self":[{"href":"https:\/\/e.kosmolat.eu\/lt\/wp-json\/wp\/v2\/product\/45242","targetHints":{"allow":["GET"]}}],"collection":[{"href":"https:\/\/e.kosmolat.eu\/lt\/wp-json\/wp\/v2\/product"}],"about":[{"href":"https:\/\/e.kosmolat.eu\/lt\/wp-json\/wp\/v2\/types\/product"}],"wp:featuredmedia":[{"embeddable":true,"href":"https:\/\/e.kosmolat.eu\/lt\/wp-json\/wp\/v2\/media\/91026"}],"wp:attachment":[{"href":"https:\/\/e.kosmolat.eu\/lt\/wp-json\/wp\/v2\/media?parent=45242"}],"wp:term":[{"taxonomy":"product_cat","embeddable":true,"href":"https:\/\/e.kosmolat.eu\/lt\/wp-json\/wp\/v2\/product_cat?post=45242"},{"taxonomy":"product_tag","embeddable":true,"href":"https:\/\/e.kosmolat.eu\/lt\/wp-json\/wp\/v2\/product_tag?post=45242"}],"curies":[{"name":"wp","href":"https:\/\/api.w.org\/{rel}","templated":true}]}}