{"id":45234,"date":"2024-02-16T05:10:40","date_gmt":"2024-02-16T05:10:40","guid":{"rendered":"https:\/\/e.kosmolat.eu\/product\/eng-ekonom-smart-mitras-salvetes-visai-gimenei-universalas-ar-plastikata-vacinu-120-gab\/"},"modified":"2025-09-19T18:41:17","modified_gmt":"2025-09-19T18:41:17","slug":"eng-ekonom-smart-mitras-salvetes-visai-gimenei-universalas-ar-plastikata-vacinu-120-gab","status":"publish","type":"product","link":"https:\/\/e.kosmolat.eu\/lt\/produktas\/eng-ekonom-smart-mitras-salvetes-visai-gimenei-universalas-ar-plastikata-vacinu-120-gab\/","title":{"rendered":"ENG EkonomSmart Universalios dr\u0117gnos servet\u0117l\u0117s visai \u0161eimai, 120 vnt."},"content":{"rendered":"<\/p>\n","protected":false},"excerpt":{"rendered":"","protected":false},"featured_media":82030,"template":"","meta":[],"product_cat":[1808],"product_tag":[],"class_list":{"0":"post-45234","1":"product","2":"type-product","3":"status-publish","4":"has-post-thumbnail","6":"product_brand-malina-akcija-lt","7":"product_cat-dregnos-serveteles-ir-nosines","9":"first","10":"outofstock","11":"taxable","12":"shipping-taxable","13":"product-type-simple"},"_links":{"self":[{"href":"https:\/\/e.kosmolat.eu\/lt\/wp-json\/wp\/v2\/product\/45234","targetHints":{"allow":["GET"]}}],"collection":[{"href":"https:\/\/e.kosmolat.eu\/lt\/wp-json\/wp\/v2\/product"}],"about":[{"href":"https:\/\/e.kosmolat.eu\/lt\/wp-json\/wp\/v2\/types\/product"}],"wp:featuredmedia":[{"embeddable":true,"href":"https:\/\/e.kosmolat.eu\/lt\/wp-json\/wp\/v2\/media\/82030"}],"wp:attachment":[{"href":"https:\/\/e.kosmolat.eu\/lt\/wp-json\/wp\/v2\/media?parent=45234"}],"wp:term":[{"taxonomy":"product_cat","embeddable":true,"href":"https:\/\/e.kosmolat.eu\/lt\/wp-json\/wp\/v2\/product_cat?post=45234"},{"taxonomy":"product_tag","embeddable":true,"href":"https:\/\/e.kosmolat.eu\/lt\/wp-json\/wp\/v2\/product_tag?post=45234"}],"curies":[{"name":"wp","href":"https:\/\/api.w.org\/{rel}","templated":true}]}}