{"id":45194,"date":"2024-02-16T05:09:10","date_gmt":"2024-02-16T05:09:10","guid":{"rendered":"https:\/\/e.kosmolat.eu\/product\/za-maigas-intimas-ziepes-salvija-pretiekaisuma-370-ml\/"},"modified":"2026-04-23T09:22:45","modified_gmt":"2026-04-23T09:22:45","slug":"gp-maiga-nomier-zel-intimai-hig-salvija-370-ml","status":"publish","type":"product","link":"https:\/\/e.kosmolat.eu\/lt\/produktas\/gp-maiga-nomier-zel-intimai-hig-salvija-370-ml\/","title":{"rendered":"GREEN PHARMACY Intymios higienos muilas \u0160alavijas, 370 ml"},"content":{"rendered":"<p>Sukurtas \u0161velniam intymi\u0173 viet\u0173, ypa\u010d linkusi\u0173 \u012f dirginim\u0105, jautrios gleivin\u0117s valymui ir prie\u017ei\u016brai. Subalansuota muilo sud\u0117tis atsi\u017evelgia \u012f fiziologines intymi\u0173 viet\u0173 ypatybes ir nesausina odos. Suteikia ilgalaik\u012f komforto, gaivos ir \u0161varos poj\u016bt\u012f. Rekomenduojamas kasdieniniam naudojimui. \u0160alavij\u0173 ekstraktas ramina od\u0105 ir turi prie\u0161u\u017edegimini\u0173 savybi\u0173. Pantenolis ir alantoinas mink\u0161tina ir dr\u0117kina od\u0105.<\/p>\n<p>Naudojimas: tepti ant intymi\u0173 k\u016bno viet\u0173, nuplauti vandeniu.<\/p>\n<p>Atsargumo priemon\u0117s: padid\u0117j\u0119s individualus jautrumas atskiriems komponentams.<\/p>\n<p>Laikymo temperat\u016bra: laikyti nuo +5\u00b0C iki +25\u00b0C temperat\u016broje.<\/p>\n<p>Geriausias: 30 m\u0117nesi\u0173 nuo pagaminimo datos.<\/p>\n","protected":false},"excerpt":{"rendered":"<p>Sukurtas \u0161velniam intymi\u0173 viet\u0173, ypa\u010d linkusi\u0173 \u012f dirginim\u0105, jautrios gleivin\u0117s valymui ir prie\u017ei\u016brai. Subalansuota muilo sud\u0117tis atsi\u017evelgia \u012f fiziologines intymi\u0173 viet\u0173 ypatybes ir nesausina odos. Suteikia ilgalaik\u012f komforto, gaivos ir \u0161varos poj\u016bt\u012f. Rekomenduojamas kasdieniniam naudojimui. \u0160alavij\u0173 ekstraktas ramina od\u0105 ir turi prie\u0161u\u017edegimini\u0173 savybi\u0173. Pantenolis ir alantoinas mink\u0161tina ir dr\u0117kina od\u0105. Naudojimas: tepti ant intymi\u0173 k\u016bno [&#8230;]\n","protected":false},"featured_media":78918,"template":"","meta":[],"product_cat":[2181],"product_tag":[],"class_list":{"0":"post-45194","1":"product","2":"type-product","3":"status-publish","4":"has-post-thumbnail","6":"product_brand-elfa_ua-lt","7":"product_cat-bez-kategorijas-lt","9":"first","10":"instock","11":"taxable","12":"shipping-taxable","13":"product-type-simple"},"_links":{"self":[{"href":"https:\/\/e.kosmolat.eu\/lt\/wp-json\/wp\/v2\/product\/45194","targetHints":{"allow":["GET"]}}],"collection":[{"href":"https:\/\/e.kosmolat.eu\/lt\/wp-json\/wp\/v2\/product"}],"about":[{"href":"https:\/\/e.kosmolat.eu\/lt\/wp-json\/wp\/v2\/types\/product"}],"wp:featuredmedia":[{"embeddable":true,"href":"https:\/\/e.kosmolat.eu\/lt\/wp-json\/wp\/v2\/media\/78918"}],"wp:attachment":[{"href":"https:\/\/e.kosmolat.eu\/lt\/wp-json\/wp\/v2\/media?parent=45194"}],"wp:term":[{"taxonomy":"product_cat","embeddable":true,"href":"https:\/\/e.kosmolat.eu\/lt\/wp-json\/wp\/v2\/product_cat?post=45194"},{"taxonomy":"product_tag","embeddable":true,"href":"https:\/\/e.kosmolat.eu\/lt\/wp-json\/wp\/v2\/product_tag?post=45194"}],"curies":[{"name":"wp","href":"https:\/\/api.w.org\/{rel}","templated":true}]}}