{"id":45186,"date":"2024-02-16T05:08:53","date_gmt":"2024-02-16T05:08:53","guid":{"rendered":"https:\/\/e.kosmolat.eu\/product\/tira-maja-baltas-skidras-saimniecibas-ziepes\/"},"modified":"2025-09-19T19:05:40","modified_gmt":"2025-09-19T19:05:40","slug":"i_tira-maja-baltas-skidras-saimniecibas-ziepes","status":"publish","type":"product","link":"https:\/\/e.kosmolat.eu\/lt\/produktas\/i_tira-maja-baltas-skidras-saimniecibas-ziepes\/","title":{"rendered":"I_CISTIJ DOM  Universalus ploviklis Baltas skalbini\u0173 skystas muilas, 1 l"},"content":{"rendered":"<p>Savyb\u0117s artimos nuo vaikyst\u0117s pa\u017e\u012fstamam muilui. Veiksmingai naudojamas: skalbimui rankomis ir automatin\u0117ms skalbimo ma&scaron;inoms. Tinka kompleksiniam valymui. Tinka skalbti vaiki&scaron;kus drabu\u017eius 0+, nuo 20&deg;C iki 95&deg;C temperat\u016broje. Produkte n\u0117ra chloro ir fosfat\u0173, tod\u0117l jis yra saugus audiniams, gali b\u016bti naudojamas vis\u0173 tip\u0173 audiniams, o aktyvus komponentas kurio sud\u0117tyje 5 enzim\u0173 kompleksas, prasiskverbia \u012f pluo&scaron;tus ir intensyviai &scaron;alina \u012fvairaus sud\u0117tingumo d\u0117mes.<\/p>\n<p><strong>Naudojimo b\u016bdas:&nbsp;<\/strong><\/p>\n<ul>\n<li>Skalbimas rankomis &#8211; 50 ml priemon\u0117s = 1 kam&scaron;telis (skalbiant kietame vandenyje &#8211; 75 ml) i&scaron;tirpinkite 5-6 l &scaron;iltame vandenyje, u\u017emirkykite skalbinius 10-15 min., tada skalbkite;<\/li>\n<li>Skalbimas skalbimo ma&scaron;inoje &#8211; 50 ml priemon\u0117s (jei yra ne&scaron;varum\u0173 ir skalbiant kietame vandenyje &#8211; 75 ml) vienam skalbimui; 1000 ml = 13-20 cikl\u0173 skalbiant skalbimo ma&scaron;inoje.<\/li>\n<li>Valymui &#8211; 25 ml priemon\u0117s i&scaron;tirpinkite 5 l &scaron;iltame vandenyje.<\/li>\n<\/ul>\n<p><strong>Laikymo s\u0105lygos:<\/strong> laikyti sausose patalpose nuo +5&deg;C iki +30&deg;C temperat\u016broje atokiai nuo tiesiogini\u0173 saul\u0117s spinduli\u0173.<\/p>\n<p><strong>Atsargumo priemon\u0117s:<\/strong> laikyti vaikams ir gyv\u016bnams neprieinamojoje vietoje, priemon\u0117 neskirta dar\u017eovi\u0173 ir kit\u0173 maisto produkt\u0173 valymui, jei pateko \u012f akis &#8211; gerai praplaukite vandeniu.<\/p>\n<p><strong>Geriausias:<\/strong> 24 m\u0117nesiai nuo pagaminimo datos.<\/p>\n<p><strong>Sud\u0117tis:<\/strong> ma\u017eiau kaip, 5 % anijonini\u0173 &nbsp;aktyvi\u0173j\u0173 pavir&scaron;inio med\u017eiagos, ma\u017eiau kaip, 5 % nejonini\u0173 &nbsp;aktyvi\u0173j\u0173 pavir&scaron;inio med\u017eiagos, ma\u017eiau kaip 5 % amfoterini\u0173 aktyvi\u0173j\u0173 pavir&scaron;inio med\u017eiagos, ma\u017eiau kaip 5 % muilas, ma\u017eiau kaip 5 % &nbsp;EDTA ir jos drusk\u0173. Fermentai. Kvapai. Konservavimo med\u017eiaga: Benzisothiazolinone\/ Methylisothiazolinone.&nbsp;<\/p>\n<p>&nbsp;<\/p>\n<p><strong><img decoding=\"async\" alt=\"\" src=\"file:\/\/\/C:\/Users\/masha\/Desktop\/GHS07.png\" style=\"height:40px; width:40px\" \/>GHS07<\/strong>&nbsp;<strong>Atsargiai<\/strong><br \/>\n<strong>H319<\/strong> Sukelia smark\u0173 aki\u0173 dirginim\u0105.<br \/>\nP102 Laikyti vaikams neprieinamoje vietoje<br \/>\nP264 Po naudojimo kruop&scaron;\u010diai nuplaukite rankas<br \/>\nP280 M\u016bv\u0117ti apsaugines pir&scaron;tines\/ naudoti aki\u0173 (veido) apsaugos priemones.<br \/>\nP305+P351+P338 PATEKUS \u012e AKIS: Kelias minutes atsargiai plauti vandeniu. I&scaron;imti kontaktinius l\u0119&scaron;ius, jeigu jie yra ir jeigu lengvai galima tai padaryti. Toliau plauti akis.<br \/>\nP337+P313 Jei aki\u0173 dirginimas nepraeina: kreiptis \u012f gydytoj\u0105.<br \/>\n&nbsp;<\/p>\n","protected":false},"excerpt":{"rendered":"<p>Savyb\u0117s artimos nuo vaikyst\u0117s pa\u017e\u012fstamam muilui. Veiksmingai naudojamas: skalbimui rankomis ir automatin\u0117ms skalbimo ma&scaron;inoms. Tinka kompleksiniam valymui. Tinka skalbti vaiki&scaron;kus drabu\u017eius 0+, nuo 20&deg;C iki 95&deg;C temperat\u016broje. Produkte n\u0117ra chloro ir fosfat\u0173, tod\u0117l jis yra saugus audiniams, gali b\u016bti naudojamas vis\u0173 tip\u0173 audiniams, o aktyvus komponentas kurio sud\u0117tyje 5 enzim\u0173 kompleksas, prasiskverbia \u012f pluo&scaron;tus ir [&#8230;]\n","protected":false},"featured_media":82478,"template":"","meta":[],"product_cat":[1483],"product_tag":[],"class_list":{"0":"post-45186","1":"product","2":"type-product","3":"status-publish","4":"has-post-thumbnail","6":"product_brand-aqua-cosmetics_ua-lt","7":"product_cat-plovikliai","9":"first","10":"outofstock","11":"taxable","12":"shipping-taxable","13":"product-type-simple"},"_links":{"self":[{"href":"https:\/\/e.kosmolat.eu\/lt\/wp-json\/wp\/v2\/product\/45186","targetHints":{"allow":["GET"]}}],"collection":[{"href":"https:\/\/e.kosmolat.eu\/lt\/wp-json\/wp\/v2\/product"}],"about":[{"href":"https:\/\/e.kosmolat.eu\/lt\/wp-json\/wp\/v2\/types\/product"}],"wp:featuredmedia":[{"embeddable":true,"href":"https:\/\/e.kosmolat.eu\/lt\/wp-json\/wp\/v2\/media\/82478"}],"wp:attachment":[{"href":"https:\/\/e.kosmolat.eu\/lt\/wp-json\/wp\/v2\/media?parent=45186"}],"wp:term":[{"taxonomy":"product_cat","embeddable":true,"href":"https:\/\/e.kosmolat.eu\/lt\/wp-json\/wp\/v2\/product_cat?post=45186"},{"taxonomy":"product_tag","embeddable":true,"href":"https:\/\/e.kosmolat.eu\/lt\/wp-json\/wp\/v2\/product_tag?post=45186"}],"curies":[{"name":"wp","href":"https:\/\/api.w.org\/{rel}","templated":true}]}}